{"id":28548,"date":"2017-11-17T15:31:36","date_gmt":"2017-11-17T21:31:36","guid":{"rendered":"http:\/\/congresocoahuila.gob.mx\/portal\/?page_id=28548"},"modified":"2022-07-04T22:20:32","modified_gmt":"2022-07-05T03:20:32","slug":"21-16","status":"publish","type":"page","link":"https:\/\/www.congresocoahuila.gob.mx\/portal\/21-16\/","title":{"rendered":"21-16"},"content":{"rendered":"<p><a href=\"http:\/\/congresocoahuila.gob.mx\/portal\/26-16-lxii-legislatura-2021-2023\">LXII Legislatura 2021-2023<\/a><br \/>\n<a href=\"http:\/\/congresocoahuila.gob.mx\/portal\/21-16-2\">LXI Legislatura 2018-2020<\/a><br \/>\n<a href=\"http:\/\/congresocoahuila.gob.mx\/portal\/21-16-lx\">LX Legislatura 2015-2017<\/a><\/p>\n<p><strong>Fecha de Actualizaci\u00f3n:<\/strong> 1 de julio de 2022<br \/>\n<strong>Responsable de la Informaci\u00f3n:<\/strong> C.P. C\u00e9sar Alejandro Fern\u00e1ndez Padilla,<br \/>\nDirector de Contabilidad del H. Congreso del Estado de Coahuila de Zaragoza.<\/p>\n","protected":false},"excerpt":{"rendered":"<p>LXII Legislatura 2021-2023 LXI Legislatura 2018-2020 LX Legislatura 2015-2017 Fecha de Actualizaci\u00f3n: 1 de julio de 2022 Responsable de la Informaci\u00f3n: C.P. C\u00e9sar Alejandro Fern\u00e1ndez Padilla, Director de Contabilidad del H. Congreso del Estado de Coahuila de Zaragoza.<\/p>\n","protected":false},"author":3,"featured_media":0,"parent":0,"menu_order":0,"comment_status":"closed","ping_status":"closed","template":"","meta":{"footnotes":""},"categories":[],"tags":[],"class_list":["post-28548","page","type-page","status-publish","hentry"],"_links":{"self":[{"href":"https:\/\/www.congresocoahuila.gob.mx\/portal\/wp-json\/wp\/v2\/pages\/28548","targetHints":{"allow":["GET"]}}],"collection":[{"href":"https:\/\/www.congresocoahuila.gob.mx\/portal\/wp-json\/wp\/v2\/pages"}],"about":[{"href":"https:\/\/www.congresocoahuila.gob.mx\/portal\/wp-json\/wp\/v2\/types\/page"}],"author":[{"embeddable":true,"href":"https:\/\/www.congresocoahuila.gob.mx\/portal\/wp-json\/wp\/v2\/users\/3"}],"replies":[{"embeddable":true,"href":"https:\/\/www.congresocoahuila.gob.mx\/portal\/wp-json\/wp\/v2\/comments?post=28548"}],"version-history":[{"count":52,"href":"https:\/\/www.congresocoahuila.gob.mx\/portal\/wp-json\/wp\/v2\/pages\/28548\/revisions"}],"predecessor-version":[{"id":43804,"href":"https:\/\/www.congresocoahuila.gob.mx\/portal\/wp-json\/wp\/v2\/pages\/28548\/revisions\/43804"}],"wp:attachment":[{"href":"https:\/\/www.congresocoahuila.gob.mx\/portal\/wp-json\/wp\/v2\/media?parent=28548"}],"wp:term":[{"taxonomy":"category","embeddable":true,"href":"https:\/\/www.congresocoahuila.gob.mx\/portal\/wp-json\/wp\/v2\/categories?post=28548"},{"taxonomy":"post_tag","embeddable":true,"href":"https:\/\/www.congresocoahuila.gob.mx\/portal\/wp-json\/wp\/v2\/tags?post=28548"}],"curies":[{"name":"wp","href":"https:\/\/api.w.org\/{rel}","templated":true}]}}