{"id":29,"date":"2014-11-12T14:47:37","date_gmt":"2014-11-12T20:47:37","guid":{"rendered":"http:\/\/www.congresocoahuila.gob.mx\/portal\/?page_id=29"},"modified":"2021-01-14T13:50:38","modified_gmt":"2021-01-14T19:50:38","slug":"junta-de-gobierno","status":"publish","type":"page","link":"https:\/\/www.congresocoahuila.gob.mx\/portal\/junta-de-gobierno\/","title":{"rendered":"JUNTA DE GOBIERNO"},"content":{"rendered":"<p><!--more--><\/p>\n<div><a href=\"https:\/\/congresocoahuila.gob.mx\/transparencia\/02\/JUNTA_GOBIERNO\/juntadegobierno_LXII.pdf\">Integraci\u00f3n de la Junta de Gobierno de la LXII Legislatura<\/a><br \/>\n<a href=\"http:\/\/congresocoahuila.gob.mx\/portal\/integracion-de-la-junta-de-gobierno-de-la-lxi-legislatura\">Integraci\u00f3n de la&nbsp;Junta de Gobierno de la LXI Legislatura<\/a><\/div>\n<div><a href=\"https:\/\/congresocoahuila.gob.mx\/transparencia\/02\/JUNTA_GOB_LX_.docx\">Integraci\u00f3n de la Junta de Gobierno de la LX Legislatura<\/a><\/div>\n<div><\/div>\n<div><a href=\"http:\/\/www.congresocoahuila.gob.mx\/portal\/wp-content\/uploads\/2014\/11\/juntadegobierno.pdf\">Integraci\u00f3n de la Junta de Gobierno de la LIX Legislatura<\/a><\/p>\n<p>\u2022 La Junta de Gobierno del Congreso del Estado, es el \u00f3rgano de gobierno encargado de la direcci\u00f3n de los asuntos relativos al r\u00e9gimen interno del Poder Legislativo, con el fin de optimizar sus funciones legislativas, pol\u00edticas y administrativas, conforme a lo dispuesto en la Ley Org\u00e1nica del Congreso del Estado.<\/p>\n<p>\u2022 Expresar\u00e1 la pluralidad del Congreso<\/p>\n<p>\u2022 Servir\u00e1 de enlace entre los grupos parlamentarios legalmente constituidos en el seno de la legislatura.<\/p>\n<p>\u2022 Impulsar\u00e1 entendimientos y convergencias pol\u00edticas.<\/p>\n<p>\u2022 Alcanzar\u00e1 acuerdos que permitan al Pleno y a la Diputaci\u00f3n Permanente adoptar las decisiones.<\/p>\n<p>\u2022 Estar\u00e1 integrada por los coordinadores de los Grupos Parlamentarios.<\/p>\n<p>\u2022 Los diputados de los partidos pol\u00edticos que no hayan formado grupo parlamentario por no cumplir con el requisito num\u00e9rico establecido en la Ley Org\u00e1nica del Congreso, podr\u00e1n, participar con voz pero sin voto en la Junta de Gobierno.<\/p>\n<p>\u2022 En la Junta de Gobierno el coordinador del grupo parlamentario que haya obtenido la mayor\u00eda absoluta en el Congreso, ser\u00e1 el Presidente de la Junta de Gobierno.<\/p>\n<p>\u2022 Se reunir\u00e1, de preferencia un d\u00eda antes de la celebraci\u00f3n de las sesiones del Pleno o de la Diputaci\u00f3n Permanente, sin perjuicio de que se pueda reunir cuando se considere necesario, a convocatoria de la o el Presidente, o suspender su sesi\u00f3n semanal a juicio de la propia Junta.<\/p>\n<p>\u2022 Los integrantes de la Junta de Gobierno tendr\u00e1n voto ponderado, es decir, el voto de cada coordinador valdr\u00e1 tantos votos cuantos diputados integren el Grupo Parlamentario al que pertenece.<\/p>\n<p>\u2022 Dispondr\u00e1n de un local adecuado y el personal necesario para el ejercicio de sus funciones.<\/p>\n<p>\u2022 El Presidente de la Junta de Gobierno podr\u00e1 crear las \u00e1reas de asesor\u00eda y apoyo necesarias y nombrar libremente al personal asignado a las mismas.<\/p>\n<\/div>\n","protected":false},"excerpt":{"rendered":"","protected":false},"author":3,"featured_media":0,"parent":0,"menu_order":0,"comment_status":"open","ping_status":"closed","template":"","meta":{"footnotes":""},"categories":[],"tags":[],"class_list":["post-29","page","type-page","status-publish","hentry"],"_links":{"self":[{"href":"https:\/\/www.congresocoahuila.gob.mx\/portal\/wp-json\/wp\/v2\/pages\/29","targetHints":{"allow":["GET"]}}],"collection":[{"href":"https:\/\/www.congresocoahuila.gob.mx\/portal\/wp-json\/wp\/v2\/pages"}],"about":[{"href":"https:\/\/www.congresocoahuila.gob.mx\/portal\/wp-json\/wp\/v2\/types\/page"}],"author":[{"embeddable":true,"href":"https:\/\/www.congresocoahuila.gob.mx\/portal\/wp-json\/wp\/v2\/users\/3"}],"replies":[{"embeddable":true,"href":"https:\/\/www.congresocoahuila.gob.mx\/portal\/wp-json\/wp\/v2\/comments?post=29"}],"version-history":[{"count":22,"href":"https:\/\/www.congresocoahuila.gob.mx\/portal\/wp-json\/wp\/v2\/pages\/29\/revisions"}],"predecessor-version":[{"id":40015,"href":"https:\/\/www.congresocoahuila.gob.mx\/portal\/wp-json\/wp\/v2\/pages\/29\/revisions\/40015"}],"wp:attachment":[{"href":"https:\/\/www.congresocoahuila.gob.mx\/portal\/wp-json\/wp\/v2\/media?parent=29"}],"wp:term":[{"taxonomy":"category","embeddable":true,"href":"https:\/\/www.congresocoahuila.gob.mx\/portal\/wp-json\/wp\/v2\/categories?post=29"},{"taxonomy":"post_tag","embeddable":true,"href":"https:\/\/www.congresocoahuila.gob.mx\/portal\/wp-json\/wp\/v2\/tags?post=29"}],"curies":[{"name":"wp","href":"https:\/\/api.w.org\/{rel}","templated":true}]}}