{"id":29521,"date":"2018-01-05T21:06:34","date_gmt":"2018-01-06T03:06:34","guid":{"rendered":"http:\/\/congresocoahuila.gob.mx\/portal\/?page_id=29521"},"modified":"2018-01-05T21:06:34","modified_gmt":"2018-01-06T03:06:34","slug":"pleno-lx-legislatura","status":"publish","type":"page","link":"https:\/\/www.congresocoahuila.gob.mx\/portal\/pleno-lx-legislatura\/","title":{"rendered":"PLENO LX LEGISLATURA"},"content":{"rendered":"<ul>\n<li>Se conforma con los veinticinco diputados que integran la LX Legislatura, conforme a la Constituci\u00f3n del Estado, que son los siguientes:<\/li>\n<\/ul>\n<p>Dip. Javier D\u00edaz Gonz\u00e1lez*<br \/>\nDip. Juli\u00e1n Eduardo Medrano Aguirre*<br \/>\nDip. Jos\u00e9 Mar\u00eda Fraustro Siller*<br \/>\nDip. Martha Hortensia Garay Cadena<br \/>\nDip. Olga Leticia Lara Rodr\u00edguez*<br \/>\nDip. Ver\u00f3nica Mart\u00ednez Garc\u00eda<br \/>\nDip. Shamir Fern\u00e1ndez Hern\u00e1ndez<br \/>\nDip. Irma Leticia Casta\u00f1o Orozco<br \/>\nDip. Luis Gurza Jaidar<br \/>\nDip. Graciela Trueba Carrillo*<br \/>\nDip. Jos\u00e9 Ricardo Sald\u00edvar Vaquera<br \/>\nDip. Melchor S\u00e1nchez de la Fuente<br \/>\nDip. Antonio Nerio Maltos<br \/>\nDip. Martha Carolina Morales Iribarren<br \/>\nDip. Georgina Cano Torralva*<br \/>\nDip. Mar\u00eda del Socorro Lozano D\u00e1vila*<br \/>\nDip. Jes\u00fas de Le\u00f3n Tello<br \/>\nDip. Lariza Montiel Luis*<br \/>\nDip. Jos\u00e9 Armando Pruneda Valdez*<br \/>\nDip. Yolanda Olga Acu\u00f1a Contreras*<br \/>\nDip. Sergio Garza Castillo<br \/>\nDip. Leonel Contreras P\u00e1manes*<br \/>\nDip.\u00a0Rodrigo Tueme Lozano*<br \/>\nDip. Luisa Ivone Gallegos Mart\u00ednez<br \/>\nDip. Claudia Elisa Morales Salazar<\/p>\n<pre>* Dip. Javier D\u00edaz Gonz\u00e1lez, se reincorpora como diputado local a sus funciones legislativas el d\u00eda 21 de junio de 2017.\r\n\r\n* Dip. Juli\u00e1n Eduardo Medrano Aguirre, es Diputado Suplente en Funciones a partir del d\u00eda 11 de enero de 2017, por Licencia otorgada al Dip. Francisco Tob\u00edas Hern\u00e1ndez el d\u00eda 11 de enero de 2017.\r\n\r\n* Dip. Lilia Isabel Guti\u00e9rrez Burciaga, se reincorpora como diputada local a sus funciones legislativas el d\u00eda 05 de julio de 2017.\r\n\r\n* Dip. Graciela Trueba Carrillo, es Diputada Suplente en Funciones a partir del d\u00eda 11 de enero de 2017, por Licencia otorgada a la Dip. Ana Isabel Dur\u00e1n Pi\u00f1a el d\u00eda 4 de enero de 2017. \r\n\r\n* Dip. Georgina Cano Torralva, se reincorpora como diputada local a sus funciones legislativas el d\u00eda 12 de junio de 2017. \r\n\r\n* Dip. Mar\u00eda del Socorro Lozano D\u00e1vila, es Diputada Suplente en Funciones a partir del d\u00eda 11 de enero de 2017, por Licencia otorgada a la Dip. Sonia Villarreal P\u00e9rez el d\u00eda 4 de enero de 2017. \r\n\r\n* Dip. Leonel Contreras P\u00e1manes, se reincorpora como diputado local a sus funciones legislativas el d\u00eda 12 de junio de 2017. \r\n\r\n* Dip. Lariza Montiel Luis, se reincorpora como diputada local a sus funciones legislativas el d\u00eda 16 de junio de 2017. \r\n\r\n* Dip. Yolanda Olga Acu\u00f1a Contreras, se reincorpora como diputada local a sus funciones legislativas a partir del d\u00eda 15 de febrero de 2017.\u00a0 \r\n\r\n* Dip. Jos\u00e9 Armando Pruneda Valdez, se reincorpora como diputado local a sus funciones legislativas a partir del d\u00eda 16 de junio de 2017.\r\n\r\n* Dip. Rodrigo Tueme Lozano, es Diputado Suplente en Funciones a partir del d\u00eda 22 de noviembre de 2017, por Licencia otorgada al Dip. Javier de Jes\u00fas Rodr\u00edguez Mendoza el d\u00eda 22 de noviembre de 2017.<u><\/u><u><\/u>\r\n\r\n<\/pre>\n","protected":false},"excerpt":{"rendered":"<p>Se conforma con los veinticinco diputados que integran la LX Legislatura, conforme a la Constituci\u00f3n del Estado, que son los siguientes: Dip. Javier D\u00edaz Gonz\u00e1lez* Dip. Juli\u00e1n Eduardo Medrano Aguirre* Dip. Jos\u00e9 Mar\u00eda Fraustro Siller* Dip. Martha Hortensia Garay Cadena Dip. Olga Leticia Lara Rodr\u00edguez* Dip. Ver\u00f3nica Mart\u00ednez Garc\u00eda Dip. Shamir Fern\u00e1ndez Hern\u00e1ndez Dip. Irma [&hellip;]<\/p>\n","protected":false},"author":6,"featured_media":0,"parent":0,"menu_order":0,"comment_status":"closed","ping_status":"closed","template":"","meta":{"footnotes":""},"categories":[],"tags":[],"class_list":["post-29521","page","type-page","status-publish","hentry"],"_links":{"self":[{"href":"https:\/\/www.congresocoahuila.gob.mx\/portal\/wp-json\/wp\/v2\/pages\/29521","targetHints":{"allow":["GET"]}}],"collection":[{"href":"https:\/\/www.congresocoahuila.gob.mx\/portal\/wp-json\/wp\/v2\/pages"}],"about":[{"href":"https:\/\/www.congresocoahuila.gob.mx\/portal\/wp-json\/wp\/v2\/types\/page"}],"author":[{"embeddable":true,"href":"https:\/\/www.congresocoahuila.gob.mx\/portal\/wp-json\/wp\/v2\/users\/6"}],"replies":[{"embeddable":true,"href":"https:\/\/www.congresocoahuila.gob.mx\/portal\/wp-json\/wp\/v2\/comments?post=29521"}],"version-history":[{"count":1,"href":"https:\/\/www.congresocoahuila.gob.mx\/portal\/wp-json\/wp\/v2\/pages\/29521\/revisions"}],"predecessor-version":[{"id":29522,"href":"https:\/\/www.congresocoahuila.gob.mx\/portal\/wp-json\/wp\/v2\/pages\/29521\/revisions\/29522"}],"wp:attachment":[{"href":"https:\/\/www.congresocoahuila.gob.mx\/portal\/wp-json\/wp\/v2\/media?parent=29521"}],"wp:term":[{"taxonomy":"category","embeddable":true,"href":"https:\/\/www.congresocoahuila.gob.mx\/portal\/wp-json\/wp\/v2\/categories?post=29521"},{"taxonomy":"post_tag","embeddable":true,"href":"https:\/\/www.congresocoahuila.gob.mx\/portal\/wp-json\/wp\/v2\/tags?post=29521"}],"curies":[{"name":"wp","href":"https:\/\/api.w.org\/{rel}","templated":true}]}}