{"id":29530,"date":"2018-01-05T22:23:28","date_gmt":"2018-01-06T04:23:28","guid":{"rendered":"http:\/\/congresocoahuila.gob.mx\/portal\/?page_id=29530"},"modified":"2018-01-05T22:23:28","modified_gmt":"2018-01-06T04:23:28","slug":"mesa-directiva-lxi","status":"publish","type":"page","link":"https:\/\/www.congresocoahuila.gob.mx\/portal\/mesa-directiva-lxi\/","title":{"rendered":"MESA DIRECTIVA LXI"},"content":{"rendered":"<p>Presidente: Jaime Bueno Zertuche.<\/p>\n<p>Vicepresidente: Juan Antonio Garc\u00eda Villa.<\/p>\n<p>Vicepresidente: Edgar Gerardo S\u00e1nchez Garza.<\/p>\n<p>Secretario: Jos\u00e9 Benito Ram\u00edrez Rosas.<\/p>\n<p>Secretaria: Claudia Isela Ram\u00edrez Pineda.<\/p>\n<p>Secretaria: Lilia Isabel Guti\u00e9rrez Burciaga.<\/p>\n<p>Secretaria: Blanca Eppen Canales.<\/p>\n","protected":false},"excerpt":{"rendered":"<p>Presidente: Jaime Bueno Zertuche. Vicepresidente: Juan Antonio Garc\u00eda Villa. Vicepresidente: Edgar Gerardo S\u00e1nchez Garza. Secretario: Jos\u00e9 Benito Ram\u00edrez Rosas. Secretaria: Claudia Isela Ram\u00edrez Pineda. Secretaria: Lilia Isabel Guti\u00e9rrez Burciaga. Secretaria: Blanca Eppen Canales.<\/p>\n","protected":false},"author":6,"featured_media":0,"parent":0,"menu_order":0,"comment_status":"closed","ping_status":"closed","template":"","meta":{"footnotes":""},"categories":[],"tags":[],"class_list":["post-29530","page","type-page","status-publish","hentry"],"_links":{"self":[{"href":"https:\/\/www.congresocoahuila.gob.mx\/portal\/wp-json\/wp\/v2\/pages\/29530","targetHints":{"allow":["GET"]}}],"collection":[{"href":"https:\/\/www.congresocoahuila.gob.mx\/portal\/wp-json\/wp\/v2\/pages"}],"about":[{"href":"https:\/\/www.congresocoahuila.gob.mx\/portal\/wp-json\/wp\/v2\/types\/page"}],"author":[{"embeddable":true,"href":"https:\/\/www.congresocoahuila.gob.mx\/portal\/wp-json\/wp\/v2\/users\/6"}],"replies":[{"embeddable":true,"href":"https:\/\/www.congresocoahuila.gob.mx\/portal\/wp-json\/wp\/v2\/comments?post=29530"}],"version-history":[{"count":1,"href":"https:\/\/www.congresocoahuila.gob.mx\/portal\/wp-json\/wp\/v2\/pages\/29530\/revisions"}],"predecessor-version":[{"id":29531,"href":"https:\/\/www.congresocoahuila.gob.mx\/portal\/wp-json\/wp\/v2\/pages\/29530\/revisions\/29531"}],"wp:attachment":[{"href":"https:\/\/www.congresocoahuila.gob.mx\/portal\/wp-json\/wp\/v2\/media?parent=29530"}],"wp:term":[{"taxonomy":"category","embeddable":true,"href":"https:\/\/www.congresocoahuila.gob.mx\/portal\/wp-json\/wp\/v2\/categories?post=29530"},{"taxonomy":"post_tag","embeddable":true,"href":"https:\/\/www.congresocoahuila.gob.mx\/portal\/wp-json\/wp\/v2\/tags?post=29530"}],"curies":[{"name":"wp","href":"https:\/\/api.w.org\/{rel}","templated":true}]}}