{"id":29541,"date":"2018-01-08T09:22:03","date_gmt":"2018-01-08T15:22:03","guid":{"rendered":"http:\/\/congresocoahuila.gob.mx\/portal\/?page_id=29541"},"modified":"2024-04-11T12:40:41","modified_gmt":"2024-04-11T17:40:41","slug":"debates-2018-2020","status":"publish","type":"page","link":"https:\/\/www.congresocoahuila.gob.mx\/portal\/debates-2018-2020\/","title":{"rendered":"DEBATES-2018-2020"},"content":{"rendered":"<p><strong>DIARIO DE LOS DEBATES<\/strong><\/p>\n<p><strong>CONGRESO DEL ESTADO DE COAHUILA<\/strong><br \/>\n<strong>LXI LEGISLATURA 2018-2020<\/strong><\/p>\n<p style=\"text-align: justify;\">Fecha de actualizaci\u00f3n de Diario de los Debates: La presente fracci\u00f3n se actualiza, atento a lo que disponen los Art\u00edculos 247 al 252&nbsp;de la Ley Org\u00e1nica del Congreso, que disponen la publicaci\u00f3n del Diario de los Debates al termino de cada sesi\u00f3n, por lo que la presente p\u00e1gina se actualiza una vez que las \u00e1reas t\u00e9cnico administrativas concluyen la labor de transcripci\u00f3n de la sesi\u00f3n correspondiente, para su publicaci\u00f3n en Internet.<\/p>\n<p><strong>PRIMER A\u00d1O DE EJERCICIO CONSTITUCIONAL 2018<\/strong><br \/>\n<a href=\"http:\/\/congresocoahuila.gob.mx\/portal\/periodo-de-instalacion-2018\">Periodo de Instalaci\u00f3n de la LXI Legislatura 2018<\/a><br \/>\n<a href=\"http:\/\/congresocoahuila.gob.mx\/portal\/primer-periodo-de-la-diputacion-permanente-2018\">Primer Per\u00edodo de la Diputaci\u00f3n Permanente de la LXI Legislatura 2018<\/a><br \/>\n<a href=\"http:\/\/congresocoahuila.gob.mx\/portal\/primer-periodo-extraordinario-2018\">Primer Per\u00edodo Extraordinario de la LXI Legislatura 2018<\/a><br \/>\n<a href=\"http:\/\/congresocoahuila.gob.mx\/portal\/primer-periodo-ordinario-2018\">Primer Per\u00edodo Ordinario de la LXI Legislatura 2018<\/a><br \/>\n<a href=\"http:\/\/congresocoahuila.gob.mx\/portal\/segundo-periodo-de-la-diputacion-permanente-2018\">Segundo Per\u00edodo de la Diputaci\u00f3n Permanente de la LXI Legislatura 2018<\/a><br \/>\n<a href=\"http:\/\/congresocoahuila.gob.mx\/portal\/segundo-periodo-extraordinario-2018\">Segundo&nbsp;Per\u00edodo Extraordinario de la LXI Legislatura 2018<\/a><br \/>\n<a href=\"http:\/\/congresocoahuila.gob.mx\/portal\/segundo-periodo-ordinario-2018\">Segundo Per\u00edodo Ordinario de la LXI Legislatura 2018<\/a><\/p>\n<p><strong>SEGUNDO A\u00d1O DE EJERCICIO CONSTITUCIONAL 2019<\/strong><br \/>\n<a href=\"http:\/\/congresocoahuila.gob.mx\/portal\/primer-periodo-de-la-diputacion-permanente-2019\">Primer Per\u00edodo de la Diputaci\u00f3n Permanente de la LXI Legislatura 2019<\/a><br \/>\n<a href=\"http:\/\/congresocoahuila.gob.mx\/portal\/primer-periodo-extraordinario-2019\">Primer Per\u00edodo Extraordinario de la LXI Legislatura 2019<\/a><br \/>\n<a href=\"http:\/\/congresocoahuila.gob.mx\/portal\/primer-periodo-ordinario-2019\">Primer Per\u00edodo Ordinario de la LXI Legislatura 2019<\/a><br \/>\n<a href=\"http:\/\/congresocoahuila.gob.mx\/portal\/segundo-periodo-de-la-diputacion-permanente-2019\">Segundo Per\u00edodo de la Diputaci\u00f3n Permanente de la LXI Legislatura 2019<\/a><br \/>\n<a href=\"http:\/\/congresocoahuila.gob.mx\/portal\/segundo-periodo-extraordinario-2019\">Segundo Per\u00edodo Extraordinario de la LXI Legislatura 2019<\/a><br \/>\n<a href=\"http:\/\/congresocoahuila.gob.mx\/portal\/segundo-periodo-ordinario-2019\">Segundo Per\u00edodo Ordinario de la LXI Legislatura 2019<\/a><\/p>\n<p><strong>TERCER A\u00d1O DE EJERCICIO CONSTITUCIONAL 2020<\/strong><br \/>\n<a href=\"http:\/\/congresocoahuila.gob.mx\/portal\/primer-periodo-de-la-diputacion-permanente-2020\">Primer Per\u00edodo de la Diputaci\u00f3n Permanente de la LXI Legislatura 2020<\/a><br \/>\n<a href=\"http:\/\/congresocoahuila.gob.mx\/portal\/primer-periodo-extraordinario-2020\">Primer Per\u00edodo Extraordinario de la LXI Legislatura 2020<\/a><br \/>\n<a href=\"http:\/\/congresocoahuila.gob.mx\/portal\/primer-periodo-ordinario-2020\">Primer Per\u00edodo Ordinario de la LXI Legislatura 2020<\/a><br \/>\n<a href=\"http:\/\/congresocoahuila.gob.mx\/portal\/segundo-periodo-de-la-diputacion-permanente-2020\">Segundo Per\u00edodo de la Diputaci\u00f3n Permanente de la LXI Legislatura 2020<\/a><br \/>\n<a href=\"http:\/\/congresocoahuila.gob.mx\/portal\/segundo-periodo-extraordinario-2020\">Segundo Per\u00edodo Extraordinario de la LXI Legislatura 2020<\/a><br \/>\n<a href=\"http:\/\/congresocoahuila.gob.mx\/portal\/tercer-periodo-extraordinario-2020\">Tercer Per\u00edodo Extraordinario de la LXI Legislatura 2020<\/a><br \/>\n<a href=\"http:\/\/congresocoahuila.gob.mx\/portal\/segundo-periodo-ordinario-2020\">Segundo Per\u00edodo Ordinario de la LXI Legislatura 2020<\/a><\/p>\n","protected":false},"excerpt":{"rendered":"<p>DIARIO DE LOS DEBATES CONGRESO DEL ESTADO DE COAHUILA LXI LEGISLATURA 2018-2020 Fecha de actualizaci\u00f3n de Diario de los Debates: La presente fracci\u00f3n se actualiza, atento a lo que disponen los Art\u00edculos 247 al 252&nbsp;de la Ley Org\u00e1nica del Congreso, que disponen la publicaci\u00f3n del Diario de los Debates al termino de cada sesi\u00f3n, por [&hellip;]<\/p>\n","protected":false},"author":3,"featured_media":44022,"parent":0,"menu_order":0,"comment_status":"closed","ping_status":"closed","template":"","meta":{"footnotes":""},"categories":[],"tags":[],"class_list":["post-29541","page","type-page","status-publish","has-post-thumbnail","hentry"],"_links":{"self":[{"href":"https:\/\/www.congresocoahuila.gob.mx\/portal\/wp-json\/wp\/v2\/pages\/29541","targetHints":{"allow":["GET"]}}],"collection":[{"href":"https:\/\/www.congresocoahuila.gob.mx\/portal\/wp-json\/wp\/v2\/pages"}],"about":[{"href":"https:\/\/www.congresocoahuila.gob.mx\/portal\/wp-json\/wp\/v2\/types\/page"}],"author":[{"embeddable":true,"href":"https:\/\/www.congresocoahuila.gob.mx\/portal\/wp-json\/wp\/v2\/users\/3"}],"replies":[{"embeddable":true,"href":"https:\/\/www.congresocoahuila.gob.mx\/portal\/wp-json\/wp\/v2\/comments?post=29541"}],"version-history":[{"count":35,"href":"https:\/\/www.congresocoahuila.gob.mx\/portal\/wp-json\/wp\/v2\/pages\/29541\/revisions"}],"predecessor-version":[{"id":38806,"href":"https:\/\/www.congresocoahuila.gob.mx\/portal\/wp-json\/wp\/v2\/pages\/29541\/revisions\/38806"}],"wp:featuredmedia":[{"embeddable":true,"href":"https:\/\/www.congresocoahuila.gob.mx\/portal\/wp-json\/wp\/v2\/media\/44022"}],"wp:attachment":[{"href":"https:\/\/www.congresocoahuila.gob.mx\/portal\/wp-json\/wp\/v2\/media?parent=29541"}],"wp:term":[{"taxonomy":"category","embeddable":true,"href":"https:\/\/www.congresocoahuila.gob.mx\/portal\/wp-json\/wp\/v2\/categories?post=29541"},{"taxonomy":"post_tag","embeddable":true,"href":"https:\/\/www.congresocoahuila.gob.mx\/portal\/wp-json\/wp\/v2\/tags?post=29541"}],"curies":[{"name":"wp","href":"https:\/\/api.w.org\/{rel}","templated":true}]}}