{"id":29702,"date":"2018-01-10T13:18:41","date_gmt":"2018-01-10T19:18:41","guid":{"rendered":"http:\/\/congresocoahuila.gob.mx\/portal\/?page_id=29702"},"modified":"2018-01-10T13:18:41","modified_gmt":"2018-01-10T19:18:41","slug":"correo-electronico-lx","status":"publish","type":"page","link":"https:\/\/www.congresocoahuila.gob.mx\/portal\/correo-electronico-lx\/","title":{"rendered":"CORREO ELECTR\u00d3NICO LX"},"content":{"rendered":"<div>El correo electr\u00f3nico oficial del Congreso del Estado es:<\/div>\n<div><a href=\"mailto:webmaster@congresocoahuila.gob.mx\" target=\"_blank\">webmaster@congresocoahuila.<wbr \/>gob.mx<\/a><\/div>\n<div><\/div>\n<div>Si desea escribir un mensaje de car\u00e1cter oficial, de acceso a la informaci\u00f3n p\u00fablica y\/o protecci\u00f3n de datos personales, puede enviarlo a dicha cuenta, donde se derivara a la instancia que corresponda. Si el oficio va dirigido a un servidor p\u00fablico en espec\u00edfico, favor de detallarlo en el t\u00edtulo del correo electr\u00f3nico. La cuenta es revisada en la Unidad de Transparencia\u00a0del Congreso del Estado, que se encarga del turno y seguimiento de los mismos y en caso de que se traten de solicitudes de informaci\u00f3n, darle el tratamiento que corresponde de conformidad a la ley.<\/div>\n<div><\/div>\n<div><\/div>\n","protected":false},"excerpt":{"rendered":"<p>El correo electr\u00f3nico oficial del Congreso del Estado es: webmaster@congresocoahuila.gob.mx Si desea escribir un mensaje de car\u00e1cter oficial, de acceso a la informaci\u00f3n p\u00fablica y\/o protecci\u00f3n de datos personales, puede enviarlo a dicha cuenta, donde se derivara a la instancia que corresponda. Si el oficio va dirigido a un servidor p\u00fablico en espec\u00edfico, favor de [&hellip;]<\/p>\n","protected":false},"author":6,"featured_media":0,"parent":0,"menu_order":0,"comment_status":"closed","ping_status":"closed","template":"","meta":{"footnotes":""},"categories":[],"tags":[],"class_list":["post-29702","page","type-page","status-publish","hentry"],"_links":{"self":[{"href":"https:\/\/www.congresocoahuila.gob.mx\/portal\/wp-json\/wp\/v2\/pages\/29702","targetHints":{"allow":["GET"]}}],"collection":[{"href":"https:\/\/www.congresocoahuila.gob.mx\/portal\/wp-json\/wp\/v2\/pages"}],"about":[{"href":"https:\/\/www.congresocoahuila.gob.mx\/portal\/wp-json\/wp\/v2\/types\/page"}],"author":[{"embeddable":true,"href":"https:\/\/www.congresocoahuila.gob.mx\/portal\/wp-json\/wp\/v2\/users\/6"}],"replies":[{"embeddable":true,"href":"https:\/\/www.congresocoahuila.gob.mx\/portal\/wp-json\/wp\/v2\/comments?post=29702"}],"version-history":[{"count":1,"href":"https:\/\/www.congresocoahuila.gob.mx\/portal\/wp-json\/wp\/v2\/pages\/29702\/revisions"}],"predecessor-version":[{"id":29703,"href":"https:\/\/www.congresocoahuila.gob.mx\/portal\/wp-json\/wp\/v2\/pages\/29702\/revisions\/29703"}],"wp:attachment":[{"href":"https:\/\/www.congresocoahuila.gob.mx\/portal\/wp-json\/wp\/v2\/media?parent=29702"}],"wp:term":[{"taxonomy":"category","embeddable":true,"href":"https:\/\/www.congresocoahuila.gob.mx\/portal\/wp-json\/wp\/v2\/categories?post=29702"},{"taxonomy":"post_tag","embeddable":true,"href":"https:\/\/www.congresocoahuila.gob.mx\/portal\/wp-json\/wp\/v2\/tags?post=29702"}],"curies":[{"name":"wp","href":"https:\/\/api.w.org\/{rel}","templated":true}]}}