{"id":29811,"date":"2018-01-12T19:23:38","date_gmt":"2018-01-13T01:23:38","guid":{"rendered":"http:\/\/congresocoahuila.gob.mx\/portal\/?page_id=29811"},"modified":"2018-01-12T19:23:38","modified_gmt":"2018-01-13T01:23:38","slug":"integrantes-de-la-comision-de-transparencia-y-acceso-a-la-informacion","status":"publish","type":"page","link":"https:\/\/www.congresocoahuila.gob.mx\/portal\/integrantes-de-la-comision-de-transparencia-y-acceso-a-la-informacion\/","title":{"rendered":"INTEGRANTES DE LA COMISI\u00d3N DE TRANSPARENCIA Y ACCESO A LA INFORMACI\u00d3N:"},"content":{"rendered":"<p><strong>Fecha de actualizaci\u00f3n:<\/strong>\u00a031 de Diciembre de 2017.<br \/>\n<strong>Responsable de la Informaci\u00f3n:<\/strong>\u00a0Lic. Francisco Javier Rangel Castro,<br \/>\nOficial Mayor del H. Congreso del Estado de Coahuila<\/p>\n<p>Dip. Luis Gurza Jaidar. (Coordinador)<br \/>\nDip. Leonel Contreras P\u00e1manes *. (Secretario)<br \/>\nDip. Melchor S\u00e1nchez de la Fuente.<br \/>\nDip. Martha Hortensia Garay Cadena.<br \/>\nDip. Yolanda Olga Acu\u00f1a Contreras*.<\/p>\n<pre>* Dip. Leonel Contreras P\u00e1manes, se reincorpora como diputado local a sus funciones legislativas el d\u00eda 12 de junio de 2017.\r\n* Dip. Yolanda Olga Acu\u00f1a Contreras, se reincorpora como diputada local a sus funciones legislativas a partir del d\u00eda 15 de febrero de 2017.<\/pre>\n","protected":false},"excerpt":{"rendered":"<p>Fecha de actualizaci\u00f3n:\u00a031 de Diciembre de 2017. Responsable de la Informaci\u00f3n:\u00a0Lic. Francisco Javier Rangel Castro, Oficial Mayor del H. Congreso del Estado de Coahuila Dip. Luis Gurza Jaidar. (Coordinador) Dip. Leonel Contreras P\u00e1manes *. (Secretario) Dip. Melchor S\u00e1nchez de la Fuente. Dip. Martha Hortensia Garay Cadena. Dip. Yolanda Olga Acu\u00f1a Contreras*. * Dip. Leonel Contreras [&hellip;]<\/p>\n","protected":false},"author":6,"featured_media":0,"parent":0,"menu_order":0,"comment_status":"closed","ping_status":"closed","template":"","meta":{"footnotes":""},"categories":[],"tags":[],"class_list":["post-29811","page","type-page","status-publish","hentry"],"_links":{"self":[{"href":"https:\/\/www.congresocoahuila.gob.mx\/portal\/wp-json\/wp\/v2\/pages\/29811","targetHints":{"allow":["GET"]}}],"collection":[{"href":"https:\/\/www.congresocoahuila.gob.mx\/portal\/wp-json\/wp\/v2\/pages"}],"about":[{"href":"https:\/\/www.congresocoahuila.gob.mx\/portal\/wp-json\/wp\/v2\/types\/page"}],"author":[{"embeddable":true,"href":"https:\/\/www.congresocoahuila.gob.mx\/portal\/wp-json\/wp\/v2\/users\/6"}],"replies":[{"embeddable":true,"href":"https:\/\/www.congresocoahuila.gob.mx\/portal\/wp-json\/wp\/v2\/comments?post=29811"}],"version-history":[{"count":1,"href":"https:\/\/www.congresocoahuila.gob.mx\/portal\/wp-json\/wp\/v2\/pages\/29811\/revisions"}],"predecessor-version":[{"id":29812,"href":"https:\/\/www.congresocoahuila.gob.mx\/portal\/wp-json\/wp\/v2\/pages\/29811\/revisions\/29812"}],"wp:attachment":[{"href":"https:\/\/www.congresocoahuila.gob.mx\/portal\/wp-json\/wp\/v2\/media?parent=29811"}],"wp:term":[{"taxonomy":"category","embeddable":true,"href":"https:\/\/www.congresocoahuila.gob.mx\/portal\/wp-json\/wp\/v2\/categories?post=29811"},{"taxonomy":"post_tag","embeddable":true,"href":"https:\/\/www.congresocoahuila.gob.mx\/portal\/wp-json\/wp\/v2\/tags?post=29811"}],"curies":[{"name":"wp","href":"https:\/\/api.w.org\/{rel}","templated":true}]}}