{"id":30031,"date":"2018-01-25T17:01:34","date_gmt":"2018-01-25T23:01:34","guid":{"rendered":"http:\/\/congresocoahuila.gob.mx\/portal\/?page_id=30031"},"modified":"2018-01-25T17:07:08","modified_gmt":"2018-01-25T23:07:08","slug":"21-16-lx","status":"publish","type":"page","link":"https:\/\/www.congresocoahuila.gob.mx\/portal\/21-16-lx\/","title":{"rendered":"21-16-LX"},"content":{"rendered":"<p><a href=\"https:\/\/congresocoahuila.gob.mx\/transparencia\/ART\/21\/15\/01TRIMESTRE_2017.doc\">Documento 1<\/a>\u00a0Primer Trimestre 2017<br \/>\n<a href=\"https:\/\/congresocoahuila.gob.mx\/transparencia\/ART\/21\/15\/02TRIMESTRE_2017.doc\">Documento 2<\/a>\u00a0Segundo Trimestre 2017<br \/>\n<a href=\"https:\/\/congresocoahuila.gob.mx\/transparencia\/ART\/21\/15\/03trimestre2017.xlsx\">Documento 3<\/a>\u00a0Tercer Trimestre 2017<br \/>\n<a href=\"https:\/\/congresocoahuila.gob.mx\/transparencia\/ART\/21\/16\/21_16_04_2017.xlsx\">Documento 4<\/a>\u00a0Cuarto Trimestre 2017<\/p>\n<p>Fecha de actualizaci\u00f3n: 31 de Diciembre de 2017.<br \/>\nResponsable de la Informaci\u00f3n: Lic. Melissa Esther Said Fernandez;<br \/>\nAuxiliar Jur\u00eddico en la Tesorer\u00eda del H. Congreso del Estado de Coahuila.<\/p>\n","protected":false},"excerpt":{"rendered":"<p>Documento 1\u00a0Primer Trimestre 2017 Documento 2\u00a0Segundo Trimestre 2017 Documento 3\u00a0Tercer Trimestre 2017 Documento 4\u00a0Cuarto Trimestre 2017 Fecha de actualizaci\u00f3n: 31 de Diciembre de 2017. Responsable de la Informaci\u00f3n: Lic. Melissa Esther Said Fernandez; Auxiliar Jur\u00eddico en la Tesorer\u00eda del H. Congreso del Estado de Coahuila.<\/p>\n","protected":false},"author":6,"featured_media":0,"parent":0,"menu_order":0,"comment_status":"closed","ping_status":"closed","template":"","meta":{"footnotes":""},"categories":[],"tags":[],"class_list":["post-30031","page","type-page","status-publish","hentry"],"_links":{"self":[{"href":"https:\/\/www.congresocoahuila.gob.mx\/portal\/wp-json\/wp\/v2\/pages\/30031","targetHints":{"allow":["GET"]}}],"collection":[{"href":"https:\/\/www.congresocoahuila.gob.mx\/portal\/wp-json\/wp\/v2\/pages"}],"about":[{"href":"https:\/\/www.congresocoahuila.gob.mx\/portal\/wp-json\/wp\/v2\/types\/page"}],"author":[{"embeddable":true,"href":"https:\/\/www.congresocoahuila.gob.mx\/portal\/wp-json\/wp\/v2\/users\/6"}],"replies":[{"embeddable":true,"href":"https:\/\/www.congresocoahuila.gob.mx\/portal\/wp-json\/wp\/v2\/comments?post=30031"}],"version-history":[{"count":1,"href":"https:\/\/www.congresocoahuila.gob.mx\/portal\/wp-json\/wp\/v2\/pages\/30031\/revisions"}],"predecessor-version":[{"id":30032,"href":"https:\/\/www.congresocoahuila.gob.mx\/portal\/wp-json\/wp\/v2\/pages\/30031\/revisions\/30032"}],"wp:attachment":[{"href":"https:\/\/www.congresocoahuila.gob.mx\/portal\/wp-json\/wp\/v2\/media?parent=30031"}],"wp:term":[{"taxonomy":"category","embeddable":true,"href":"https:\/\/www.congresocoahuila.gob.mx\/portal\/wp-json\/wp\/v2\/categories?post=30031"},{"taxonomy":"post_tag","embeddable":true,"href":"https:\/\/www.congresocoahuila.gob.mx\/portal\/wp-json\/wp\/v2\/tags?post=30031"}],"curies":[{"name":"wp","href":"https:\/\/api.w.org\/{rel}","templated":true}]}}