{"id":30112,"date":"2018-02-06T11:33:26","date_gmt":"2018-02-06T17:33:26","guid":{"rendered":"http:\/\/congresocoahuila.gob.mx\/portal\/?page_id=30112"},"modified":"2018-02-06T11:44:20","modified_gmt":"2018-02-06T17:44:20","slug":"periodo-de-instalacion-de-la-lxi-legislatura-2018","status":"publish","type":"page","link":"https:\/\/www.congresocoahuila.gob.mx\/portal\/periodo-de-instalacion-de-la-lxi-legislatura-2018\/","title":{"rendered":"Per\u00edodo de Instalaci\u00f3n de la LXI Legislatura 2018"},"content":{"rendered":"<p>Primera Sesi\u00f3n del d\u00eda 1 de Enero del 2018<br \/>\n<a href=\"https:\/\/congresocoahuila.gob.mx\/transparencia\/ART\/26\/05\/1ER_EJE_CON_2018\/09_01_2018.pdf\">Segunda Sesi\u00f3n del d\u00eda 9 de Enero del 2018<\/a><br \/>\n<a href=\"https:\/\/congresocoahuila.gob.mx\/transparencia\/ART\/26\/05\/1ER_EJE_CON_2018\/10_01_2018.pdf\">Tercera Sesi\u00f3n del d\u00eda 10 de Enero del 2018<\/a><\/p>\n","protected":false},"excerpt":{"rendered":"<p>Primera Sesi\u00f3n del d\u00eda 1 de Enero del 2018 Segunda Sesi\u00f3n del d\u00eda 9 de Enero del 2018 Tercera Sesi\u00f3n del d\u00eda 10 de Enero del 2018<\/p>\n","protected":false},"author":6,"featured_media":0,"parent":0,"menu_order":0,"comment_status":"closed","ping_status":"closed","template":"","meta":{"footnotes":""},"categories":[],"tags":[],"class_list":["post-30112","page","type-page","status-publish","hentry"],"_links":{"self":[{"href":"https:\/\/www.congresocoahuila.gob.mx\/portal\/wp-json\/wp\/v2\/pages\/30112","targetHints":{"allow":["GET"]}}],"collection":[{"href":"https:\/\/www.congresocoahuila.gob.mx\/portal\/wp-json\/wp\/v2\/pages"}],"about":[{"href":"https:\/\/www.congresocoahuila.gob.mx\/portal\/wp-json\/wp\/v2\/types\/page"}],"author":[{"embeddable":true,"href":"https:\/\/www.congresocoahuila.gob.mx\/portal\/wp-json\/wp\/v2\/users\/6"}],"replies":[{"embeddable":true,"href":"https:\/\/www.congresocoahuila.gob.mx\/portal\/wp-json\/wp\/v2\/comments?post=30112"}],"version-history":[{"count":3,"href":"https:\/\/www.congresocoahuila.gob.mx\/portal\/wp-json\/wp\/v2\/pages\/30112\/revisions"}],"predecessor-version":[{"id":30116,"href":"https:\/\/www.congresocoahuila.gob.mx\/portal\/wp-json\/wp\/v2\/pages\/30112\/revisions\/30116"}],"wp:attachment":[{"href":"https:\/\/www.congresocoahuila.gob.mx\/portal\/wp-json\/wp\/v2\/media?parent=30112"}],"wp:term":[{"taxonomy":"category","embeddable":true,"href":"https:\/\/www.congresocoahuila.gob.mx\/portal\/wp-json\/wp\/v2\/categories?post=30112"},{"taxonomy":"post_tag","embeddable":true,"href":"https:\/\/www.congresocoahuila.gob.mx\/portal\/wp-json\/wp\/v2\/tags?post=30112"}],"curies":[{"name":"wp","href":"https:\/\/api.w.org\/{rel}","templated":true}]}}