{"id":30232,"date":"2018-02-14T11:24:27","date_gmt":"2018-02-14T17:24:27","guid":{"rendered":"http:\/\/congresocoahuila.gob.mx\/portal\/?page_id=30232"},"modified":"2021-01-09T16:09:28","modified_gmt":"2021-01-09T22:09:28","slug":"21-32-lxi-legislatura-2018-2020","status":"publish","type":"page","link":"https:\/\/www.congresocoahuila.gob.mx\/portal\/21-32-lxi-legislatura-2018-2020\/","title":{"rendered":"21-32 LXI Legislatura 2018-2020"},"content":{"rendered":"<p><a href=\"https:\/\/congresocoahuila.gob.mx\/transparencia\/ART\/21\/32\/RECEPCION_OFICIALIA_MAYOR.pdf\"><span style=\"font-family: inherit;\">ACTA ENTREGA- RECEPCI\u00d3N\u00a0<\/span><span style=\"font-family: helvetica;\">OFICIALIA<\/span><span style=\"font-family: inherit;\">\u00a0MAYOR<\/span><\/a><\/p>\n<p><a href=\"https:\/\/congresocoahuila.gob.mx\/transparencia\/ART\/21\/32\/ACTA_ENTREGA_RECEPCION_SECRETARIA.pdf\"><span style=\"font-family: inherit;\">ACTA ENTREGA- RECEPCI\u00d3N SECRETARIA T\u00c9CNICA DE LA COMISI\u00d3N DE AUDITOR\u00cdA GUBERNAMENTAL Y CUENTA P\u00daBLICA<\/span><\/a><\/p>\n<p><strong>Fecha de actualizaci\u00f3n:<\/strong> 31 de diciembre de 2020.<br \/>\n<strong>Responsable de la Informaci\u00f3n:<\/strong>\u00a0Lic. Leticia Nayelli Decanini Salinas,<br \/>\nDirectora de Asuntos Jur\u00eddicos del Congreso del Estado de Coahuila.<\/p>\n","protected":false},"excerpt":{"rendered":"<p>ACTA ENTREGA- RECEPCI\u00d3N\u00a0OFICIALIA\u00a0MAYOR ACTA ENTREGA- RECEPCI\u00d3N SECRETARIA T\u00c9CNICA DE LA COMISI\u00d3N DE AUDITOR\u00cdA GUBERNAMENTAL Y CUENTA P\u00daBLICA Fecha de actualizaci\u00f3n: 31 de diciembre de 2020. Responsable de la Informaci\u00f3n:\u00a0Lic. Leticia Nayelli Decanini Salinas, Directora de Asuntos Jur\u00eddicos del Congreso del Estado de Coahuila.<\/p>\n","protected":false},"author":6,"featured_media":0,"parent":0,"menu_order":0,"comment_status":"closed","ping_status":"closed","template":"","meta":{"footnotes":""},"categories":[],"tags":[],"class_list":["post-30232","page","type-page","status-publish","hentry"],"_links":{"self":[{"href":"https:\/\/www.congresocoahuila.gob.mx\/portal\/wp-json\/wp\/v2\/pages\/30232","targetHints":{"allow":["GET"]}}],"collection":[{"href":"https:\/\/www.congresocoahuila.gob.mx\/portal\/wp-json\/wp\/v2\/pages"}],"about":[{"href":"https:\/\/www.congresocoahuila.gob.mx\/portal\/wp-json\/wp\/v2\/types\/page"}],"author":[{"embeddable":true,"href":"https:\/\/www.congresocoahuila.gob.mx\/portal\/wp-json\/wp\/v2\/users\/6"}],"replies":[{"embeddable":true,"href":"https:\/\/www.congresocoahuila.gob.mx\/portal\/wp-json\/wp\/v2\/comments?post=30232"}],"version-history":[{"count":32,"href":"https:\/\/www.congresocoahuila.gob.mx\/portal\/wp-json\/wp\/v2\/pages\/30232\/revisions"}],"predecessor-version":[{"id":39644,"href":"https:\/\/www.congresocoahuila.gob.mx\/portal\/wp-json\/wp\/v2\/pages\/30232\/revisions\/39644"}],"wp:attachment":[{"href":"https:\/\/www.congresocoahuila.gob.mx\/portal\/wp-json\/wp\/v2\/media?parent=30232"}],"wp:term":[{"taxonomy":"category","embeddable":true,"href":"https:\/\/www.congresocoahuila.gob.mx\/portal\/wp-json\/wp\/v2\/categories?post=30232"},{"taxonomy":"post_tag","embeddable":true,"href":"https:\/\/www.congresocoahuila.gob.mx\/portal\/wp-json\/wp\/v2\/tags?post=30232"}],"curies":[{"name":"wp","href":"https:\/\/api.w.org\/{rel}","templated":true}]}}