{"id":30391,"date":"2018-03-08T12:24:13","date_gmt":"2018-03-08T18:24:13","guid":{"rendered":"http:\/\/congresocoahuila.gob.mx\/portal\/?page_id=30391"},"modified":"2019-01-08T13:17:48","modified_gmt":"2019-01-08T19:17:48","slug":"articulo-21-xxxi-2018","status":"publish","type":"page","link":"https:\/\/www.congresocoahuila.gob.mx\/portal\/articulo-21-xxxi-2018\/","title":{"rendered":"ART\u00cdCULO 21. XXXI 2018"},"content":{"rendered":"<p><a href=\"https:\/\/congresocoahuila.gob.mx\/transparencia\/ART\/21\/31\/primer_trimestre.docx\">ENERO-MARZO<\/a><br \/>\n<a href=\"http:\/\/congresocoahuila.gob.mx\/portal\/articulo-21-xxxi-2018-abril-y-mayo\">ABRIL-JUNIO<\/a><br \/>\n<a href=\"http:\/\/congresocoahuila.gob.mx\/portal\/articulo-21-xxxi-2018-tercer-trimestre\">JULIO- SEPTIEMBRE<\/a><br \/>\n<a href=\"http:\/\/congresocoahuila.gob.mx\/portal\/articulo-21-xxxi-2018-cuarto-trimestre\">OCTUBRE-\u00a0DICIEMBRE<\/a><\/p>\n<p>Fecha de actualizaci\u00f3n: 31 de Diciembre de 2018<br \/>\nResponsable de la Informaci\u00f3n: Lic. Leticia Nayelli Decanini Salinas,<br \/>\nDirectora de Asuntos Jur\u00eddicos del H. Congreso del Estado de Coahuila.<\/p>\n","protected":false},"excerpt":{"rendered":"<p>ENERO-MARZO ABRIL-JUNIO JULIO- SEPTIEMBRE OCTUBRE-\u00a0DICIEMBRE Fecha de actualizaci\u00f3n: 31 de Diciembre de 2018 Responsable de la Informaci\u00f3n: Lic. Leticia Nayelli Decanini Salinas, Directora de Asuntos Jur\u00eddicos del H. Congreso del Estado de Coahuila.<\/p>\n","protected":false},"author":6,"featured_media":0,"parent":0,"menu_order":0,"comment_status":"closed","ping_status":"closed","template":"","meta":{"footnotes":""},"categories":[],"tags":[],"class_list":["post-30391","page","type-page","status-publish","hentry"],"_links":{"self":[{"href":"https:\/\/www.congresocoahuila.gob.mx\/portal\/wp-json\/wp\/v2\/pages\/30391","targetHints":{"allow":["GET"]}}],"collection":[{"href":"https:\/\/www.congresocoahuila.gob.mx\/portal\/wp-json\/wp\/v2\/pages"}],"about":[{"href":"https:\/\/www.congresocoahuila.gob.mx\/portal\/wp-json\/wp\/v2\/types\/page"}],"author":[{"embeddable":true,"href":"https:\/\/www.congresocoahuila.gob.mx\/portal\/wp-json\/wp\/v2\/users\/6"}],"replies":[{"embeddable":true,"href":"https:\/\/www.congresocoahuila.gob.mx\/portal\/wp-json\/wp\/v2\/comments?post=30391"}],"version-history":[{"count":20,"href":"https:\/\/www.congresocoahuila.gob.mx\/portal\/wp-json\/wp\/v2\/pages\/30391\/revisions"}],"predecessor-version":[{"id":32651,"href":"https:\/\/www.congresocoahuila.gob.mx\/portal\/wp-json\/wp\/v2\/pages\/30391\/revisions\/32651"}],"wp:attachment":[{"href":"https:\/\/www.congresocoahuila.gob.mx\/portal\/wp-json\/wp\/v2\/media?parent=30391"}],"wp:term":[{"taxonomy":"category","embeddable":true,"href":"https:\/\/www.congresocoahuila.gob.mx\/portal\/wp-json\/wp\/v2\/categories?post=30391"},{"taxonomy":"post_tag","embeddable":true,"href":"https:\/\/www.congresocoahuila.gob.mx\/portal\/wp-json\/wp\/v2\/tags?post=30391"}],"curies":[{"name":"wp","href":"https:\/\/api.w.org\/{rel}","templated":true}]}}