{"id":30423,"date":"2018-03-10T16:13:49","date_gmt":"2018-03-10T22:13:49","guid":{"rendered":"http:\/\/congresocoahuila.gob.mx\/portal\/?page_id=30423"},"modified":"2022-07-07T12:40:55","modified_gmt":"2022-07-07T17:40:55","slug":"21-46","status":"publish","type":"page","link":"https:\/\/www.congresocoahuila.gob.mx\/portal\/21-46\/","title":{"rendered":"21-46"},"content":{"rendered":"<p><a href=\"http:\/\/congresocoahuila.gob.mx\/portal\/21-46-lxii-legislatura-2021-2023\">LXII Legislatura 2021-2023<\/a><br \/>\n<a href=\"http:\/\/congresocoahuila.gob.mx\/portal\/21-46-legislatura-2018-2020\">LXI Legislatura 2018-2020<\/a><br \/>\n<a href=\"https:\/\/congresocoahuila.gob.mx\/transparencia\/ART\/21\/46\/2015-2017.xls\">LX\u00a0 Legislatura 2015-2017<\/a><\/p>\n<p><strong>Fecha de Actualizaci\u00f3n:<\/strong>\u00a0 1 de julio de 2022<br \/>\n<strong>Responsable de la Informaci\u00f3n:<\/strong>\u00a0C.P. C\u00e9sar Alejandro Fern\u00e1ndez Padilla,<br \/>\nDirector de Contabilidad en la Tesorer\u00eda del Congreso del Estado.<\/p>\n","protected":false},"excerpt":{"rendered":"<p>LXII Legislatura 2021-2023 LXI Legislatura 2018-2020 LX\u00a0 Legislatura 2015-2017 Fecha de Actualizaci\u00f3n:\u00a0 1 de julio de 2022 Responsable de la Informaci\u00f3n:\u00a0C.P. C\u00e9sar Alejandro Fern\u00e1ndez Padilla, Director de Contabilidad en la Tesorer\u00eda del Congreso del Estado.<\/p>\n","protected":false},"author":3,"featured_media":0,"parent":0,"menu_order":0,"comment_status":"closed","ping_status":"closed","template":"","meta":{"footnotes":""},"categories":[],"tags":[],"class_list":["post-30423","page","type-page","status-publish","hentry"],"_links":{"self":[{"href":"https:\/\/www.congresocoahuila.gob.mx\/portal\/wp-json\/wp\/v2\/pages\/30423","targetHints":{"allow":["GET"]}}],"collection":[{"href":"https:\/\/www.congresocoahuila.gob.mx\/portal\/wp-json\/wp\/v2\/pages"}],"about":[{"href":"https:\/\/www.congresocoahuila.gob.mx\/portal\/wp-json\/wp\/v2\/types\/page"}],"author":[{"embeddable":true,"href":"https:\/\/www.congresocoahuila.gob.mx\/portal\/wp-json\/wp\/v2\/users\/3"}],"replies":[{"embeddable":true,"href":"https:\/\/www.congresocoahuila.gob.mx\/portal\/wp-json\/wp\/v2\/comments?post=30423"}],"version-history":[{"count":39,"href":"https:\/\/www.congresocoahuila.gob.mx\/portal\/wp-json\/wp\/v2\/pages\/30423\/revisions"}],"predecessor-version":[{"id":43874,"href":"https:\/\/www.congresocoahuila.gob.mx\/portal\/wp-json\/wp\/v2\/pages\/30423\/revisions\/43874"}],"wp:attachment":[{"href":"https:\/\/www.congresocoahuila.gob.mx\/portal\/wp-json\/wp\/v2\/media?parent=30423"}],"wp:term":[{"taxonomy":"category","embeddable":true,"href":"https:\/\/www.congresocoahuila.gob.mx\/portal\/wp-json\/wp\/v2\/categories?post=30423"},{"taxonomy":"post_tag","embeddable":true,"href":"https:\/\/www.congresocoahuila.gob.mx\/portal\/wp-json\/wp\/v2\/tags?post=30423"}],"curies":[{"name":"wp","href":"https:\/\/api.w.org\/{rel}","templated":true}]}}