{"id":30455,"date":"2018-03-14T09:54:31","date_gmt":"2018-03-14T15:54:31","guid":{"rendered":"http:\/\/congresocoahuila.gob.mx\/portal\/?page_id=30455"},"modified":"2020-04-07T14:12:06","modified_gmt":"2020-04-07T19:12:06","slug":"21-vii-viaticos-lxi","status":"publish","type":"page","link":"https:\/\/www.congresocoahuila.gob.mx\/portal\/21-vii-viaticos-lxi\/","title":{"rendered":"21.VII-VI\u00c1TICOS LXI"},"content":{"rendered":"<p><a href=\"http:\/\/congresocoahuila.gob.mx\/portal\/21-vii-viaticos-asamblea-2020\">VI\u00c1TICOS DE LA ASAMBLEA 2020<\/a><br \/>\n<a href=\"http:\/\/congresocoahuila.gob.mx\/portal\/21-vii-viaticos-de-la-asamblea-2019\">VI\u00c1TICOS DE LA ASAMBLEA 2019<\/a><br \/>\n<a href=\"http:\/\/congresocoahuila.gob.mx\/portal\/21-vii-viaticos-de-la-asamblea-2018\">VI\u00c1TICOS DE LA ASAMBLEA 2018<\/a><\/p>\n","protected":false},"excerpt":{"rendered":"<p>VI\u00c1TICOS DE LA ASAMBLEA 2020 VI\u00c1TICOS DE LA ASAMBLEA 2019 VI\u00c1TICOS DE LA ASAMBLEA 2018<\/p>\n","protected":false},"author":6,"featured_media":0,"parent":0,"menu_order":0,"comment_status":"closed","ping_status":"closed","template":"","meta":{"footnotes":""},"categories":[],"tags":[],"class_list":["post-30455","page","type-page","status-publish","hentry"],"_links":{"self":[{"href":"https:\/\/www.congresocoahuila.gob.mx\/portal\/wp-json\/wp\/v2\/pages\/30455","targetHints":{"allow":["GET"]}}],"collection":[{"href":"https:\/\/www.congresocoahuila.gob.mx\/portal\/wp-json\/wp\/v2\/pages"}],"about":[{"href":"https:\/\/www.congresocoahuila.gob.mx\/portal\/wp-json\/wp\/v2\/types\/page"}],"author":[{"embeddable":true,"href":"https:\/\/www.congresocoahuila.gob.mx\/portal\/wp-json\/wp\/v2\/users\/6"}],"replies":[{"embeddable":true,"href":"https:\/\/www.congresocoahuila.gob.mx\/portal\/wp-json\/wp\/v2\/comments?post=30455"}],"version-history":[{"count":29,"href":"https:\/\/www.congresocoahuila.gob.mx\/portal\/wp-json\/wp\/v2\/pages\/30455\/revisions"}],"predecessor-version":[{"id":37428,"href":"https:\/\/www.congresocoahuila.gob.mx\/portal\/wp-json\/wp\/v2\/pages\/30455\/revisions\/37428"}],"wp:attachment":[{"href":"https:\/\/www.congresocoahuila.gob.mx\/portal\/wp-json\/wp\/v2\/media?parent=30455"}],"wp:term":[{"taxonomy":"category","embeddable":true,"href":"https:\/\/www.congresocoahuila.gob.mx\/portal\/wp-json\/wp\/v2\/categories?post=30455"},{"taxonomy":"post_tag","embeddable":true,"href":"https:\/\/www.congresocoahuila.gob.mx\/portal\/wp-json\/wp\/v2\/tags?post=30455"}],"curies":[{"name":"wp","href":"https:\/\/api.w.org\/{rel}","templated":true}]}}