{"id":30493,"date":"2018-03-21T09:22:10","date_gmt":"2018-03-21T15:22:10","guid":{"rendered":"http:\/\/congresocoahuila.gob.mx\/portal\/?page_id=30493"},"modified":"2019-03-05T12:38:26","modified_gmt":"2019-03-05T18:38:26","slug":"primer-periodo-ordinario-de-la-lxi-legislatura-2018","status":"publish","type":"page","link":"https:\/\/www.congresocoahuila.gob.mx\/portal\/primer-periodo-ordinario-de-la-lxi-legislatura-2018\/","title":{"rendered":"Primer Per\u00edodo Ordinario de la LXI Legislatura 2018"},"content":{"rendered":"<p><a href=\"https:\/\/congresocoahuila.gob.mx\/transparencia\/ART\/26\/05\/1ER_PERIODO_ORDI_LXI_2018\/1_SESION_1_MARZO.pdf\"><strong><span style=\"color: #000000;\">LISTA DE ASISTENCIA<\/span>\u00a0<\/strong><\/a><br \/>\n<a href=\"https:\/\/congresocoahuila.gob.mx\/transparencia\/ART\/26\/05\/1ER_PERIODO_ORDI_LXI_2018\/1_SESION_1_MARZO.pdf\">Primera Sesi\u00f3n del d\u00eda 01 de marzo de 2018<\/a><br \/>\n<a href=\"https:\/\/congresocoahuila.gob.mx\/transparencia\/ART\/26\/05\/1ER_PERIODO_ORDI_LXI_2018\/2_SESION_07_MARZO.pdf\">Segunda Sesi\u00f3n del d\u00eda 07 de marzo de 2018<\/a><br \/>\n<a href=\"https:\/\/congresocoahuila.gob.mx\/transparencia\/ART\/26\/05\/1ER_PERIODO_ORDI_LXI_2018\/3_SESION_14_MARZO.pdf\">Tercera Sesi\u00f3n del d\u00eda 14 de marzo de 2018<\/a><br \/>\n<a href=\"https:\/\/congresocoahuila.gob.mx\/transparencia\/ART\/26\/05\/1ER_PERIODO_ORDI_LXI_2018\/4_SESION_20_MARZO.pdf\">Cuarta Sesi\u00f3n del d\u00eda 20 de marzo de 2018<\/a><br \/>\n<a href=\"https:\/\/congresocoahuila.gob.mx\/transparencia\/ART\/26\/05\/1ER_PERIODO_ORDI_LXI_2018\/5_SESION_21_MARZO.pdf\">Quinta Sesi\u00f3n del d\u00eda 21 de marzo de 2018<\/a><br \/>\n<a href=\"https:\/\/congresocoahuila.gob.mx\/transparencia\/ART\/26\/05\/1ER_PERIODO_ORDI_LXI_2018\/6_SESION_6_ABRIL.pdf\">Sexta Sesi\u00f3n del d\u00eda 06 de abril de 2018<\/a><br \/>\n<a href=\"https:\/\/congresocoahuila.gob.mx\/transparencia\/ART\/26\/05\/1ER_PERIODO_ORDI_LXI_2018\/7_SESION_11_ABRIL.pdf\">S\u00e9ptima Sesi\u00f3n del d\u00eda 11 de abril de 2018<\/a><br \/>\n<a href=\"https:\/\/congresocoahuila.gob.mx\/transparencia\/ART\/26\/05\/1ER_PERIODO_ORDI_LXI_2018\/8_SESION_18_ABRIL.pdf\">Octava Sesi\u00f3n del d\u00eda 18 de abril 2018<\/a><br \/>\n<a href=\"https:\/\/congresocoahuila.gob.mx\/transparencia\/ART\/26\/05\/1ER_PERIODO_ORDI_LXI_2018\/09_SESION_25_ABRIL.pdf\">Novena Sesi\u00f3n del d\u00eda 25 de abril de 2018<\/a><br \/>\n<a href=\"https:\/\/congresocoahuila.gob.mx\/transparencia\/ART\/26\/05\/1ER_PERIODO_ORDI_LXI_2018\/10_SESION_1_MAYO.pdf\">D\u00e9cima Sesi\u00f3n del d\u00eda 01 de mayo de 2018<\/a><br \/>\n<a href=\"https:\/\/congresocoahuila.gob.mx\/transparencia\/ART\/26\/05\/1ER_PERIODO_ORDI_LXI_2018\/11_SESION_8_MAYO.pdf\">D\u00e9cima Primera Sesi\u00f3n del d\u00eda 08 de mayo de 2018<\/a><br \/>\n<a href=\"https:\/\/congresocoahuila.gob.mx\/transparencia\/ART\/26\/05\/1ER_PERIODO_ORDI_LXI_2018\/12_SESION_15_MAYO.pdf\">D\u00e9cima Segunda Sesi\u00f3n del d\u00eda 15 de mayo de 2018<\/a><br \/>\n<a href=\"https:\/\/congresocoahuila.gob.mx\/transparencia\/ART\/26\/05\/1ER_PERIODO_ORDI_LXI_2018\/13_SESION_22_MAYO.pdf\">D\u00e9cima Tercera Sesi\u00f3n del d\u00eda 22 de mayo de 2018<\/a><br \/>\n<a href=\"https:\/\/congresocoahuila.gob.mx\/transparencia\/ART\/26\/05\/1ER_PERIODO_ORDI_LXI_2018\/14_SESION_29_MAYO.pdf\">D\u00e9cima Cuarta Sesi\u00f3n del d\u00eda 29 de mayo de 2018<\/a><br \/>\n<a href=\"https:\/\/congresocoahuila.gob.mx\/transparencia\/ART\/26\/05\/1ER_PERIODO_ORDI_LXI_2018\/15_SESION_05_JUNIO.pdf\">D\u00e9cima Quinta Sesi\u00f3n del d\u00eda 05 de junio de 2018<\/a><br \/>\n<a href=\"https:\/\/congresocoahuila.gob.mx\/transparencia\/ART\/26\/05\/1ER_PERIODO_ORDI_LXI_2018\/16_SESION_12_JUNIO.pdf\">D\u00e9cima Sexta Sesi\u00f3n del d\u00eda 12 de junio de 2018<\/a><br \/>\n<a href=\"https:\/\/congresocoahuila.gob.mx\/transparencia\/ART\/26\/05\/1ER_PERIODO_ORDI_LXI_2018\/17_SESION_19_JUNIO.pdf\">D\u00e9cima S\u00e9ptima Sesi\u00f3n del d\u00eda 19 de junio de 2018<\/a><br \/>\n<a href=\"https:\/\/congresocoahuila.gob.mx\/transparencia\/ART\/26\/05\/1ER_PERIODO_ORDI_LXI_2018\/18_SESION_26_JUNIO.pdf\">D\u00e9cima Octava Sesi\u00f3n del d\u00eda 26 de junio del 2018<\/a><\/p>\n","protected":false},"excerpt":{"rendered":"<p>LISTA DE ASISTENCIA\u00a0 Primera Sesi\u00f3n del d\u00eda 01 de marzo de 2018 Segunda Sesi\u00f3n del d\u00eda 07 de marzo de 2018 Tercera Sesi\u00f3n del d\u00eda 14 de marzo de 2018 Cuarta Sesi\u00f3n del d\u00eda 20 de marzo de 2018 Quinta Sesi\u00f3n del d\u00eda 21 de marzo de 2018 Sexta Sesi\u00f3n del d\u00eda 06 de abril [&hellip;]<\/p>\n","protected":false},"author":6,"featured_media":0,"parent":0,"menu_order":0,"comment_status":"closed","ping_status":"closed","template":"","meta":{"footnotes":""},"categories":[],"tags":[],"class_list":["post-30493","page","type-page","status-publish","hentry"],"_links":{"self":[{"href":"https:\/\/www.congresocoahuila.gob.mx\/portal\/wp-json\/wp\/v2\/pages\/30493","targetHints":{"allow":["GET"]}}],"collection":[{"href":"https:\/\/www.congresocoahuila.gob.mx\/portal\/wp-json\/wp\/v2\/pages"}],"about":[{"href":"https:\/\/www.congresocoahuila.gob.mx\/portal\/wp-json\/wp\/v2\/types\/page"}],"author":[{"embeddable":true,"href":"https:\/\/www.congresocoahuila.gob.mx\/portal\/wp-json\/wp\/v2\/users\/6"}],"replies":[{"embeddable":true,"href":"https:\/\/www.congresocoahuila.gob.mx\/portal\/wp-json\/wp\/v2\/comments?post=30493"}],"version-history":[{"count":27,"href":"https:\/\/www.congresocoahuila.gob.mx\/portal\/wp-json\/wp\/v2\/pages\/30493\/revisions"}],"predecessor-version":[{"id":33396,"href":"https:\/\/www.congresocoahuila.gob.mx\/portal\/wp-json\/wp\/v2\/pages\/30493\/revisions\/33396"}],"wp:attachment":[{"href":"https:\/\/www.congresocoahuila.gob.mx\/portal\/wp-json\/wp\/v2\/media?parent=30493"}],"wp:term":[{"taxonomy":"category","embeddable":true,"href":"https:\/\/www.congresocoahuila.gob.mx\/portal\/wp-json\/wp\/v2\/categories?post=30493"},{"taxonomy":"post_tag","embeddable":true,"href":"https:\/\/www.congresocoahuila.gob.mx\/portal\/wp-json\/wp\/v2\/tags?post=30493"}],"curies":[{"name":"wp","href":"https:\/\/api.w.org\/{rel}","templated":true}]}}