{"id":3054,"date":"2014-11-24T13:49:24","date_gmt":"2014-11-24T19:49:24","guid":{"rendered":"http:\/\/www.congresocoahuila.gob.mx\/portal\/?page_id=3054"},"modified":"2014-11-24T13:49:24","modified_gmt":"2014-11-24T19:49:24","slug":"articulo-21-xxiii-debates-2009-2011-2","status":"publish","type":"page","link":"https:\/\/www.congresocoahuila.gob.mx\/portal\/articulo-21-xxiii-debates-2009-2011-2\/","title":{"rendered":"DEBATES-2009-2011"},"content":{"rendered":"<p><strong>DIARIO DE LOS DEBATES<\/strong><\/p>\n<p><strong>Congreso del Estado de Coahuila LVIII Legislatura 2009-2011<\/strong><br \/>\n<strong>Primer A\u00f1o de Ejercicio Constitucional 2009<\/strong><br \/>\n<a title=\"ART\u00cdCULO 21-XXIII-2009\" href=\"http:\/\/www.congresocoahuila.gob.mx\/portal?page_id=3161\">Primer de Instalaci\u00f3n de la LVIII Legislatura 2009<\/a><br \/>\n<a title=\"ART\u00cdCULO 21-XXIII-2009\" href=\"http:\/\/www.congresocoahuila.gob.mx\/portal?page_id=3244\">Primer Per\u00edodo de Receso de la LVIII Legislatura 2009<\/a><br \/>\n<a title=\"ART\u00cdCULO 21-XXIII-2009\" href=\"http:\/\/www.congresocoahuila.gob.mx\/portal?page_id=3609\">Primer Per\u00edodo Extraordinario de la LVIII Legislatura 2009<\/a><br \/>\n<a title=\"ART\u00cdCULO 21-XXIII-2009\" href=\"http:\/\/www.congresocoahuila.gob.mx\/portal?page_id=3298\">Primer Per\u00edodo Ordinario de la LVIII Legislatura 2009<\/a><br \/>\n<a title=\"ART\u00cdCULO 21-XXIII-2009\" href=\"http:\/\/www.congresocoahuila.gob.mx\/portal?page_id=3313\">Segundo Per\u00edodo de Receso de la LVIII Legislatura 2009<br \/>\n<\/a><a title=\"ART\u00cdCULO 21-XXIII-2009\" href=\"http:\/\/www.congresocoahuila.gob.mx\/portal?page_id=3319\">Segundo Periodo Ordinario de la LVIII Legislatura 2009<\/a><\/p>\n<p><strong>Segundo A\u00f1o de Ejercicio Constitucional 2010<\/strong><br \/>\n<a title=\"ART\u00cdCULO 21-XXIII-2010\" href=\"http:\/\/www.congresocoahuila.gob.mx\/portal?page_id=5113\">Primer Per\u00edodo de Receso de la LVIII Legislatura 2010<\/a><br \/>\n<a title=\"ART\u00cdCULO 21-XXIII-2010\" href=\"http:\/\/www.congresocoahuila.gob.mx\/portal?page_id=5127\">Primer Per\u00edodo Extraordinario de la LVIII Legislatura 2010<\/a><br \/>\n<a title=\"ART\u00cdCULO 21-XXIII-2010\" href=\"http:\/\/www.congresocoahuila.gob.mx\/portal?page_id=5136\">Primer Per\u00edodo Ordinario de la LVIII Legislatura 2010<\/a><br \/>\n<a title=\"ART\u00cdCULO 21-XXIII-2010\" href=\"http:\/\/www.congresocoahuila.gob.mx\/portal?page_id=5141\">Segundo Per\u00edodo de Receso de la LVIII Legislatura 2010<\/a><br \/>\n<a title=\"ART\u00cdCULO 21-XXIII-2010\" href=\"http:\/\/www.congresocoahuila.gob.mx\/portal?page_id=5155\">Segundo Periodo Extraordinario de la LVIII Legislatura 2010<\/a><br \/>\n<a title=\"ART\u00cdCULO 21-XXIII-2010\" href=\"http:\/\/www.congresocoahuila.gob.mx\/portal?page_id=5169\">Tercer Periodo Extraordinario de la LVIII Legislatura 2010<\/a><br \/>\n<a title=\"ART\u00cdCULO 21-XXIII-2010\" href=\"http:\/\/www.congresocoahuila.gob.mx\/portal?page_id=5174\">Cuarto Periodo Extraordinario de la LVIII Legislatura 2010<\/a><br \/>\n<a title=\"ART\u00cdCULO 21-XXIII-2010\" href=\"http:\/\/www.congresocoahuila.gob.mx\/portal?page_id=5179\">Segundo Periodo Ordinario de la LVIII Legislatura 2010<\/a><\/p>\n<p><strong>Tercer A\u00f1o de Ejercicio Constitucional 2011<\/strong><br \/>\n<a title=\"ART\u00cdCULO 21-XXIII-2011\" href=\"http:\/\/www.congresocoahuila.gob.mx\/portal?page_id=5296\">Primer Per\u00edodo Ordinario de la LVIII Legislatura 2011<\/a><br \/>\n<a title=\"ART\u00cdCULO 21-XXIII-2011\" href=\"http:\/\/www.congresocoahuila.gob.mx\/portal?page_id=5327\">Diputaci\u00f3n Permanente de la LVIII Legislatura 2011<\/a><br \/>\n<a title=\"ART\u00cdCULO 21-XXIII-2011\" href=\"http:\/\/www.congresocoahuila.gob.mx\/portal?page_id=5360\">Primer Periodo Extraordinario de la LVIII Legislatura 2011<\/a><br \/>\n<a title=\"ART\u00cdCULO 21-XXIII-2011\" href=\"http:\/\/www.congresocoahuila.gob.mx\/portal?page_id=5377\">Segundo Periodo Extraordinario de la LVIII Legislatura 2011<\/a><br \/>\n<a title=\"ART\u00cdCULO 21-XXIII-2011\" href=\"http:\/\/www.congresocoahuila.gob.mx\/portal?page_id=5392\">Tercer Periodo Extraordinario de la LVIII Legislatura 2011<\/a><br \/>\n<a title=\"ART\u00cdCULO 21-XXIII-2011\" href=\"http:\/\/www.congresocoahuila.gob.mx\/portal?page_id=5399\">Segundo Periodo Ordinario de la LVIII Legislatura 2011<\/a><\/p>\n","protected":false},"excerpt":{"rendered":"<p>DIARIO DE LOS DEBATES Congreso del Estado de Coahuila LVIII Legislatura 2009-2011 Primer A\u00f1o de Ejercicio Constitucional 2009 Primer de Instalaci\u00f3n de la LVIII Legislatura 2009 Primer Per\u00edodo de Receso de la LVIII Legislatura 2009 Primer Per\u00edodo Extraordinario de la LVIII Legislatura 2009 Primer Per\u00edodo Ordinario de la LVIII Legislatura 2009 Segundo Per\u00edodo de Receso [&hellip;]<\/p>\n","protected":false},"author":3,"featured_media":0,"parent":0,"menu_order":0,"comment_status":"closed","ping_status":"closed","template":"","meta":{"footnotes":""},"categories":[],"tags":[],"class_list":["post-3054","page","type-page","status-publish","hentry"],"_links":{"self":[{"href":"https:\/\/www.congresocoahuila.gob.mx\/portal\/wp-json\/wp\/v2\/pages\/3054","targetHints":{"allow":["GET"]}}],"collection":[{"href":"https:\/\/www.congresocoahuila.gob.mx\/portal\/wp-json\/wp\/v2\/pages"}],"about":[{"href":"https:\/\/www.congresocoahuila.gob.mx\/portal\/wp-json\/wp\/v2\/types\/page"}],"author":[{"embeddable":true,"href":"https:\/\/www.congresocoahuila.gob.mx\/portal\/wp-json\/wp\/v2\/users\/3"}],"replies":[{"embeddable":true,"href":"https:\/\/www.congresocoahuila.gob.mx\/portal\/wp-json\/wp\/v2\/comments?post=3054"}],"version-history":[{"count":0,"href":"https:\/\/www.congresocoahuila.gob.mx\/portal\/wp-json\/wp\/v2\/pages\/3054\/revisions"}],"wp:attachment":[{"href":"https:\/\/www.congresocoahuila.gob.mx\/portal\/wp-json\/wp\/v2\/media?parent=3054"}],"wp:term":[{"taxonomy":"category","embeddable":true,"href":"https:\/\/www.congresocoahuila.gob.mx\/portal\/wp-json\/wp\/v2\/categories?post=3054"},{"taxonomy":"post_tag","embeddable":true,"href":"https:\/\/www.congresocoahuila.gob.mx\/portal\/wp-json\/wp\/v2\/tags?post=3054"}],"curies":[{"name":"wp","href":"https:\/\/api.w.org\/{rel}","templated":true}]}}