{"id":30686,"date":"2018-03-24T18:28:38","date_gmt":"2018-03-25T00:28:38","guid":{"rendered":"http:\/\/congresocoahuila.gob.mx\/portal\/?page_id=30686"},"modified":"2018-03-24T18:28:38","modified_gmt":"2018-03-25T00:28:38","slug":"articulo-21-xxiii-lx","status":"publish","type":"page","link":"https:\/\/www.congresocoahuila.gob.mx\/portal\/articulo-21-xxiii-lx\/","title":{"rendered":"ART\u00cdCULO 21-XXIII-LX"},"content":{"rendered":"<table style=\"height: 55px;\" width=\"458\">\n<tbody>\n<tr>\n<td><a href=\"https:\/\/congresocoahuila.gob.mx\/transparencia\/ART\/21\/23\/DOC\/5_CATALOGO_DISPOSICION_DOCUMENTAL.pdf\">Documento\u00a01<\/a><\/td>\n<td style=\"text-align: left;\">CAT\u00c1LOGO DE DISPOSICI\u00d3N DOCUMENTAL<\/td>\n<\/tr>\n<tr>\n<td><a href=\"https:\/\/congresocoahuila.gob.mx\/transparencia\/ART\/21\/23\/DOC\/6_CUADRO_DOCUMENTAL.xls\">Documento\u00a02<\/a><\/td>\n<td style=\"text-align: left;\">CUADRO DE CLASIFICACI\u00d3N DOCUMENTAL<\/td>\n<\/tr>\n<\/tbody>\n<\/table>\n<p>Fecha de actualizaci\u00f3n: 31 de Diciembre 2017.<br \/>\nResponsable de la Informaci\u00f3n: Lic. Juan Carlos Cisneros Ru\u00edz,<br \/>\nTitular de la Unidad de Transparencia.<\/p>\n","protected":false},"excerpt":{"rendered":"<p>Documento\u00a01 CAT\u00c1LOGO DE DISPOSICI\u00d3N DOCUMENTAL Documento\u00a02 CUADRO DE CLASIFICACI\u00d3N DOCUMENTAL Fecha de actualizaci\u00f3n: 31 de Diciembre 2017. Responsable de la Informaci\u00f3n: Lic. Juan Carlos Cisneros Ru\u00edz, Titular de la Unidad de Transparencia.<\/p>\n","protected":false},"author":6,"featured_media":0,"parent":0,"menu_order":0,"comment_status":"closed","ping_status":"closed","template":"","meta":{"footnotes":""},"categories":[],"tags":[],"class_list":["post-30686","page","type-page","status-publish","hentry"],"_links":{"self":[{"href":"https:\/\/www.congresocoahuila.gob.mx\/portal\/wp-json\/wp\/v2\/pages\/30686","targetHints":{"allow":["GET"]}}],"collection":[{"href":"https:\/\/www.congresocoahuila.gob.mx\/portal\/wp-json\/wp\/v2\/pages"}],"about":[{"href":"https:\/\/www.congresocoahuila.gob.mx\/portal\/wp-json\/wp\/v2\/types\/page"}],"author":[{"embeddable":true,"href":"https:\/\/www.congresocoahuila.gob.mx\/portal\/wp-json\/wp\/v2\/users\/6"}],"replies":[{"embeddable":true,"href":"https:\/\/www.congresocoahuila.gob.mx\/portal\/wp-json\/wp\/v2\/comments?post=30686"}],"version-history":[{"count":1,"href":"https:\/\/www.congresocoahuila.gob.mx\/portal\/wp-json\/wp\/v2\/pages\/30686\/revisions"}],"predecessor-version":[{"id":30687,"href":"https:\/\/www.congresocoahuila.gob.mx\/portal\/wp-json\/wp\/v2\/pages\/30686\/revisions\/30687"}],"wp:attachment":[{"href":"https:\/\/www.congresocoahuila.gob.mx\/portal\/wp-json\/wp\/v2\/media?parent=30686"}],"wp:term":[{"taxonomy":"category","embeddable":true,"href":"https:\/\/www.congresocoahuila.gob.mx\/portal\/wp-json\/wp\/v2\/categories?post=30686"},{"taxonomy":"post_tag","embeddable":true,"href":"https:\/\/www.congresocoahuila.gob.mx\/portal\/wp-json\/wp\/v2\/tags?post=30686"}],"curies":[{"name":"wp","href":"https:\/\/api.w.org\/{rel}","templated":true}]}}