{"id":30954,"date":"2018-05-09T15:59:05","date_gmt":"2018-05-09T20:59:05","guid":{"rendered":"http:\/\/congresocoahuila.gob.mx\/portal\/?page_id=30954"},"modified":"2019-04-23T12:57:16","modified_gmt":"2019-04-23T17:57:16","slug":"articulo-21-xxxi-2018-abril-y-mayo","status":"publish","type":"page","link":"https:\/\/www.congresocoahuila.gob.mx\/portal\/articulo-21-xxxi-2018-abril-y-mayo\/","title":{"rendered":"ART\u00cdCULO 21. XXXI 2018 SEGUNDO TRIMESTRE"},"content":{"rendered":"<div>\n<table style=\"height: 67px;\" width=\"641\">\n<tbody>\n<tr>\n<td><\/td>\n<td><\/td>\n<\/tr>\n<tr>\n<td>ABRIL<\/td>\n<td>CONMEMORACI\u00d3N EN RELACI\u00d3N AL D\u00cdA DEL NI\u00d1O<\/td>\n<\/tr>\n<tr>\n<td><a href=\"https:\/\/congresocoahuila.gob.mx\/transparencia\/ART\/21\/31\/2018\/MAYO.docx\">MAYO<\/a><\/td>\n<td>PROGRAMA CONMEMORATIVO DEL 175 ANIVERSARIO LUCTUOSO DE MIGUEL RAMOS ARIZPE<\/td>\n<\/tr>\n<tr>\n<td>JUNIO<\/td>\n<td>\u00a0NO HAY EVENTOS\u00a0CULTURALES O DEPORTIVOS PARA EL MES EN CURSO<\/td>\n<\/tr>\n<\/tbody>\n<\/table>\n<\/div>\n<div><\/div>\n<div><\/div>\n","protected":false},"excerpt":{"rendered":"<p>ABRIL CONMEMORACI\u00d3N EN RELACI\u00d3N AL D\u00cdA DEL NI\u00d1O MAYO PROGRAMA CONMEMORATIVO DEL 175 ANIVERSARIO LUCTUOSO DE MIGUEL RAMOS ARIZPE JUNIO \u00a0NO HAY EVENTOS\u00a0CULTURALES O DEPORTIVOS PARA EL MES EN CURSO<\/p>\n","protected":false},"author":6,"featured_media":0,"parent":0,"menu_order":0,"comment_status":"closed","ping_status":"closed","template":"","meta":{"footnotes":""},"categories":[],"tags":[],"class_list":["post-30954","page","type-page","status-publish","hentry"],"_links":{"self":[{"href":"https:\/\/www.congresocoahuila.gob.mx\/portal\/wp-json\/wp\/v2\/pages\/30954","targetHints":{"allow":["GET"]}}],"collection":[{"href":"https:\/\/www.congresocoahuila.gob.mx\/portal\/wp-json\/wp\/v2\/pages"}],"about":[{"href":"https:\/\/www.congresocoahuila.gob.mx\/portal\/wp-json\/wp\/v2\/types\/page"}],"author":[{"embeddable":true,"href":"https:\/\/www.congresocoahuila.gob.mx\/portal\/wp-json\/wp\/v2\/users\/6"}],"replies":[{"embeddable":true,"href":"https:\/\/www.congresocoahuila.gob.mx\/portal\/wp-json\/wp\/v2\/comments?post=30954"}],"version-history":[{"count":6,"href":"https:\/\/www.congresocoahuila.gob.mx\/portal\/wp-json\/wp\/v2\/pages\/30954\/revisions"}],"predecessor-version":[{"id":33897,"href":"https:\/\/www.congresocoahuila.gob.mx\/portal\/wp-json\/wp\/v2\/pages\/30954\/revisions\/33897"}],"wp:attachment":[{"href":"https:\/\/www.congresocoahuila.gob.mx\/portal\/wp-json\/wp\/v2\/media?parent=30954"}],"wp:term":[{"taxonomy":"category","embeddable":true,"href":"https:\/\/www.congresocoahuila.gob.mx\/portal\/wp-json\/wp\/v2\/categories?post=30954"},{"taxonomy":"post_tag","embeddable":true,"href":"https:\/\/www.congresocoahuila.gob.mx\/portal\/wp-json\/wp\/v2\/tags?post=30954"}],"curies":[{"name":"wp","href":"https:\/\/api.w.org\/{rel}","templated":true}]}}