{"id":31309,"date":"2018-07-06T14:31:06","date_gmt":"2018-07-06T19:31:06","guid":{"rendered":"http:\/\/congresocoahuila.gob.mx\/portal\/?page_id=31309"},"modified":"2022-07-05T12:23:15","modified_gmt":"2022-07-05T17:23:15","slug":"licitaciones-2020","status":"publish","type":"page","link":"https:\/\/www.congresocoahuila.gob.mx\/portal\/licitaciones-2020\/","title":{"rendered":"21.30.1"},"content":{"rendered":"<div><strong>LICITACIONES\u00a0<\/strong><\/div>\r\n<div><a href=\"https:\/\/congresocoahuila.gob.mx\/transparencia\/ART\/21\/30\/01\/21-30.xlsx\" target=\"_blank\" rel=\"noopener noreferrer\" data-saferedirecturl=\"https:\/\/www.google.com\/url?hl=es&amp;q=https:\/\/congresocoahuila.gob.mx\/transparencia\/ART\/21\/30\/01\/documento_01.docx&amp;source=gmail&amp;ust=1534433982752000&amp;usg=AFQjCNGSv2XKDSx0l5uTUQCox_PuOfHp4A\">Documento 1<\/a> \u00a0Enero \u2013 Diciembre 2018<\/div>\r\n<div><a href=\"https:\/\/congresocoahuila.gob.mx\/transparencia\/ART\/21\/30\/01\/documento_02_2019.xlsx\">Documento 2 <\/a>\u00a0Enero \u2013 Diciembre 2019<\/div>\r\n<div><a href=\"https:\/\/congresocoahuila.gob.mx\/transparencia\/ART\/21\/30\/01\/documento_03_2020.xlsx\">Documento 3<\/a>\u00a0 Enero \u2013 Diciembre 2020<\/div>\r\n<div><a href=\"https:\/\/congresocoahuila.gob.mx\/transparencia\/ART\/21\/30\/01\/DOCUMENTO_04.xlsx\">Documento 4<\/a>\u00a0 Enero \u2013 Diciembre 2021<\/div>\r\n<div><a href=\"https:\/\/congresocoahuila.gob.mx\/transparencia\/ART\/21\/30\/01\/DOCUMENTO_05.xlsx\">Documento 5<\/a>\u00a0 Enero \u2013 Junio 2022<\/div>\r\n<div>\u00a0<\/div>\r\n<div>\r\n<div style=\"text-align: left;\">\r\n<div>\r\n<div><strong>Fecha de Actualizaci\u00f3n: <\/strong>1 de julio de 2022<\/div>\r\n<div><strong>Responsable de la informaci\u00f3n:<\/strong>\u00a0Lic. Jorge Arturo Palomo G\u00f3mez<\/div>\r\n<strong>\u00c1rea responsable de la informaci\u00f3n:<\/strong> Direcci\u00f3n de Adquisiciones y Activos Fijos<\/div>\r\n<div>de la Tesorer\u00eda del H. Congreso del Estado.\u00a0\u00a0<\/div>\r\n\u00a0 \u00a0\u00a0<\/div>\r\n<\/div>\r\n<div>\u00a0<\/div>\r\n\r\n<p>&nbsp;<\/p>\r\n","protected":false},"excerpt":{"rendered":"<p>LICITACIONES\u00a0 Documento 1 \u00a0Enero \u2013 Diciembre 2018 Documento 2 \u00a0Enero \u2013 Diciembre 2019 Documento 3\u00a0 Enero \u2013 Diciembre 2020 Documento 4\u00a0 Enero \u2013 Diciembre 2021 Documento 5\u00a0 Enero \u2013 Junio 2022 \u00a0 Fecha de Actualizaci\u00f3n: 1 de julio de 2022 Responsable de la informaci\u00f3n:\u00a0Lic. Jorge Arturo Palomo G\u00f3mez \u00c1rea responsable de la informaci\u00f3n: Direcci\u00f3n de [&hellip;]<\/p>\n","protected":false},"author":3,"featured_media":0,"parent":0,"menu_order":0,"comment_status":"closed","ping_status":"closed","template":"","meta":{"footnotes":""},"categories":[],"tags":[],"class_list":["post-31309","page","type-page","status-publish","hentry"],"_links":{"self":[{"href":"https:\/\/www.congresocoahuila.gob.mx\/portal\/wp-json\/wp\/v2\/pages\/31309","targetHints":{"allow":["GET"]}}],"collection":[{"href":"https:\/\/www.congresocoahuila.gob.mx\/portal\/wp-json\/wp\/v2\/pages"}],"about":[{"href":"https:\/\/www.congresocoahuila.gob.mx\/portal\/wp-json\/wp\/v2\/types\/page"}],"author":[{"embeddable":true,"href":"https:\/\/www.congresocoahuila.gob.mx\/portal\/wp-json\/wp\/v2\/users\/3"}],"replies":[{"embeddable":true,"href":"https:\/\/www.congresocoahuila.gob.mx\/portal\/wp-json\/wp\/v2\/comments?post=31309"}],"version-history":[{"count":68,"href":"https:\/\/www.congresocoahuila.gob.mx\/portal\/wp-json\/wp\/v2\/pages\/31309\/revisions"}],"predecessor-version":[{"id":43843,"href":"https:\/\/www.congresocoahuila.gob.mx\/portal\/wp-json\/wp\/v2\/pages\/31309\/revisions\/43843"}],"wp:attachment":[{"href":"https:\/\/www.congresocoahuila.gob.mx\/portal\/wp-json\/wp\/v2\/media?parent=31309"}],"wp:term":[{"taxonomy":"category","embeddable":true,"href":"https:\/\/www.congresocoahuila.gob.mx\/portal\/wp-json\/wp\/v2\/categories?post=31309"},{"taxonomy":"post_tag","embeddable":true,"href":"https:\/\/www.congresocoahuila.gob.mx\/portal\/wp-json\/wp\/v2\/tags?post=31309"}],"curies":[{"name":"wp","href":"https:\/\/api.w.org\/{rel}","templated":true}]}}