{"id":31364,"date":"2018-07-20T13:22:04","date_gmt":"2018-07-20T18:22:04","guid":{"rendered":"http:\/\/congresocoahuila.gob.mx\/portal\/?page_id=31364"},"modified":"2018-09-07T13:16:51","modified_gmt":"2018-09-07T18:16:51","slug":"26-v-segundo-periodo-de-la-diputacion-permanente-de-la-lxi-legislatura-2018","status":"publish","type":"page","link":"https:\/\/www.congresocoahuila.gob.mx\/portal\/26-v-segundo-periodo-de-la-diputacion-permanente-de-la-lxi-legislatura-2018\/","title":{"rendered":"26.V. Segundo Per\u00edodo de la Diputaci\u00f3n Permanente de la LXI Legislatura 2018"},"content":{"rendered":"<p><a href=\"https:\/\/congresocoahuila.gob.mx\/transparencia\/ART\/26\/05\/1ER_A_EJERCICIO_CONSTITUCIONAL_2018\/2_NDO_PERIODO_DIPUTACION_PERMANENTE\/1_PERMANENTE_3_JULIO.pdf\">Primera Sesi\u00f3n del d\u00eda 03 de julio de 2018<\/a><br \/>\n<a href=\"https:\/\/congresocoahuila.gob.mx\/transparencia\/ART\/26\/05\/1ER_A_EJERCICIO_CONSTITUCIONAL_2018\/2_NDO_PERIODO_DIPUTACION_PERMANENTE\/2_PERMANENTE_10_JULIO.pdf\">Segunda Sesi\u00f3n del d\u00eda 10 de julio de 2018<\/a><br \/>\n<a href=\"https:\/\/congresocoahuila.gob.mx\/transparencia\/ART\/26\/05\/1ER_A_EJERCICIO_CONSTITUCIONAL_2018\/2_NDO_PERIODO_DIPUTACION_PERMANENTE\/3_PERMANENTE_17_JULIO.pdf\">Tercera Sesi\u00f3n del d\u00eda 17 de julio de 2018<\/a><br \/>\n<a href=\"https:\/\/congresocoahuila.gob.mx\/transparencia\/ART\/26\/05\/1ER_A_EJERCICIO_CONSTITUCIONAL_2018\/2_NDO_PERIODO_DIPUTACION_PERMANENTE\/24_JULIO.pdf\">Cuarta Sesi\u00f3n del d\u00eda 24 de julio de 2018<\/a><br \/>\n<a href=\"https:\/\/congresocoahuila.gob.mx\/transparencia\/ART\/26\/05\/1ER_A_EJERCICIO_CONSTITUCIONAL_2018\/2_NDO_PERIODO_DIPUTACION_PERMANENTE\/30_JULIO.pdf\">Quinta\u00a0Sesi\u00f3n del d\u00eda 30 de julio de 2018<\/a><br \/>\n<a href=\"https:\/\/congresocoahuila.gob.mx\/transparencia\/ART\/26\/05\/1ER_A_EJERCICIO_CONSTITUCIONAL_2018\/2_NDO_PERIODO_DIPUTACION_PERMANENTE\/10_AGOSTO.pdf\">Sexta Sesi\u00f3n del d\u00eda 10 de agosto de 2018<\/a><br \/>\n<a href=\"https:\/\/congresocoahuila.gob.mx\/transparencia\/ART\/26\/05\/1ER_A_EJERCICIO_CONSTITUCIONAL_2018\/2_NDO_PERIODO_DIPUTACION_PERMANENTE\/14_AGOSTO.pdf\">S\u00e9ptima Sesi\u00f3n del d\u00eda 14 de agosto de 2018<\/a><br \/>\n<a href=\"https:\/\/congresocoahuila.gob.mx\/transparencia\/ART\/26\/05\/2_NDO_PERIODO_DIPUTACION_PERMANENTE\/8_21_AGOSTO.pdf\">Octava\u00a0Sesi\u00f3n del d\u00eda\u00a0 21 de agosto de 2018<\/a><br \/>\n<a href=\"https:\/\/congresocoahuila.gob.mx\/transparencia\/ART\/26\/05\/2_NDO_PERIODO_DIPUTACION_PERMANENTE\/9_28_AGOSTO.pdf\">Novena\u00a0Sesi\u00f3n del d\u00eda\u00a0 28 de agosto de 2018<\/a><\/p>\n","protected":false},"excerpt":{"rendered":"<p>Primera Sesi\u00f3n del d\u00eda 03 de julio de 2018 Segunda Sesi\u00f3n del d\u00eda 10 de julio de 2018 Tercera Sesi\u00f3n del d\u00eda 17 de julio de 2018 Cuarta Sesi\u00f3n del d\u00eda 24 de julio de 2018 Quinta\u00a0Sesi\u00f3n del d\u00eda 30 de julio de 2018 Sexta Sesi\u00f3n del d\u00eda 10 de agosto de 2018 S\u00e9ptima Sesi\u00f3n [&hellip;]<\/p>\n","protected":false},"author":6,"featured_media":0,"parent":0,"menu_order":0,"comment_status":"closed","ping_status":"closed","template":"","meta":{"footnotes":""},"categories":[],"tags":[],"class_list":["post-31364","page","type-page","status-publish","hentry"],"_links":{"self":[{"href":"https:\/\/www.congresocoahuila.gob.mx\/portal\/wp-json\/wp\/v2\/pages\/31364","targetHints":{"allow":["GET"]}}],"collection":[{"href":"https:\/\/www.congresocoahuila.gob.mx\/portal\/wp-json\/wp\/v2\/pages"}],"about":[{"href":"https:\/\/www.congresocoahuila.gob.mx\/portal\/wp-json\/wp\/v2\/types\/page"}],"author":[{"embeddable":true,"href":"https:\/\/www.congresocoahuila.gob.mx\/portal\/wp-json\/wp\/v2\/users\/6"}],"replies":[{"embeddable":true,"href":"https:\/\/www.congresocoahuila.gob.mx\/portal\/wp-json\/wp\/v2\/comments?post=31364"}],"version-history":[{"count":8,"href":"https:\/\/www.congresocoahuila.gob.mx\/portal\/wp-json\/wp\/v2\/pages\/31364\/revisions"}],"predecessor-version":[{"id":31661,"href":"https:\/\/www.congresocoahuila.gob.mx\/portal\/wp-json\/wp\/v2\/pages\/31364\/revisions\/31661"}],"wp:attachment":[{"href":"https:\/\/www.congresocoahuila.gob.mx\/portal\/wp-json\/wp\/v2\/media?parent=31364"}],"wp:term":[{"taxonomy":"category","embeddable":true,"href":"https:\/\/www.congresocoahuila.gob.mx\/portal\/wp-json\/wp\/v2\/categories?post=31364"},{"taxonomy":"post_tag","embeddable":true,"href":"https:\/\/www.congresocoahuila.gob.mx\/portal\/wp-json\/wp\/v2\/tags?post=31364"}],"curies":[{"name":"wp","href":"https:\/\/api.w.org\/{rel}","templated":true}]}}