{"id":31599,"date":"2018-09-04T10:30:05","date_gmt":"2018-09-04T15:30:05","guid":{"rendered":"http:\/\/congresocoahuila.gob.mx\/portal\/?page_id=31599"},"modified":"2019-02-08T11:45:25","modified_gmt":"2019-02-08T17:45:25","slug":"segundo-periodo-ordinario-2018","status":"publish","type":"page","link":"https:\/\/www.congresocoahuila.gob.mx\/portal\/segundo-periodo-ordinario-2018\/","title":{"rendered":"SEGUNDO PER\u00cdODO ORDINARIO 2018"},"content":{"rendered":"<p><strong>PRIMER A\u00d1O DE EJERCICIO CONSTITUCIONAL 2018<br \/>\nSEGUNDO PER\u00cdODO ORDINARIO<\/strong><\/p>\n<p style=\"text-align: justify;\">Fecha de actualizaci\u00f3n de Diario de los Debates: La presente fracci\u00f3n se actualiza, atento a lo que disponen los Art\u00edculos 247 al 252\u00a0de la Ley Org\u00e1nica del Congreso, que disponen la publicaci\u00f3n del Diario de los Debates al termino de cada sesi\u00f3n, por lo que la presente p\u00e1gina se actualiza una vez que las \u00e1reas t\u00e9cnico administrativas concluyen la labor de transcripci\u00f3n de la sesi\u00f3n correspondiente, para su publicaci\u00f3n en Internet.<\/p>\n<p>Fecha de actualizaci\u00f3n:\u00a0 31 de Diciembre de 2018.<br \/>\nResponsable de la Informaci\u00f3n: M.D.\u00a0Carlos Alberto Estrada Flores.<br \/>\nOficial Mayor\u00a0del H. Congreso del Estado de Coahuila.<\/p>\n<p><a href=\"https:\/\/congresocoahuila.gob.mx\/transparencia\/03\/Debates-2018-2020\/20180903_SPO_S01.doc\">Primera Sesi\u00f3n del d\u00eda 03 de septiembre de 2018<\/a><\/p>\n<p><a href=\"https:\/\/congresocoahuila.gob.mx\/transparencia\/03\/Debates-2018-2020\/20180911_SPO_S02.doc\">Segunda Sesi\u00f3n del d\u00eda 11 de septiembre de 2018<\/a><\/p>\n<p><a href=\"https:\/\/congresocoahuila.gob.mx\/transparencia\/03\/Debates-2018-2020\/20180918_SPO_S03.docx\">Tercera Sesi\u00f3n del d\u00eda 18 de septiembre de 2018<\/a><\/p>\n<p><a href=\"https:\/\/congresocoahuila.gob.mx\/transparencia\/03\/Debates-2018-2020\/20180925_SPO_S04.docx\">Cuarta Sesi\u00f3n del d\u00eda 25 de septiembre de 2018<\/a><\/p>\n<p><a href=\"https:\/\/congresocoahuila.gob.mx\/transparencia\/03\/Debates-2018-2020\/20181003_SPO_S05.docx\">Quinta Sesi\u00f3n del d\u00eda 03 de octubre de 2018<\/a><\/p>\n<p><a href=\"https:\/\/congresocoahuila.gob.mx\/transparencia\/03\/Debates-2018-2020\/20181009_SPO_S06.docx\">Sexta Sesi\u00f3n del d\u00eda 09 de octubre de 2018<\/a><\/p>\n<p><a href=\"https:\/\/congresocoahuila.gob.mx\/transparencia\/03\/Debates-2018-2020\/20181016_SPO_S07.docx\">S\u00e9ptima Sesi\u00f3n del d\u00eda 16 de octubre de 2018<\/a><\/p>\n<p><a href=\"https:\/\/congresocoahuila.gob.mx\/transparencia\/03\/Debates-2018-2020\/20181023_SPO_S08.docx\">Octava Sesi\u00f3n del d\u00eda 23 de octubre de 2018<\/a><\/p>\n<p><a href=\"https:\/\/congresocoahuila.gob.mx\/transparencia\/03\/Debates-2018-2020\/20181030_SPO_S09.docx\">Novena Sesi\u00f3n del d\u00eda 30 de octubre de 2018<\/a><\/p>\n<p><a href=\"https:\/\/congresocoahuila.gob.mx\/transparencia\/03\/Debates-2018-2020\/20181108_SPO_S10.docx\">D\u00e9cima Sesi\u00f3n del d\u00eda 08 de noviembre de 2018- Congreso Itinerante, M\u00fazquiz, Coahuila de Zaragoza<\/a><\/p>\n<p><a href=\"https:\/\/congresocoahuila.gob.mx\/transparencia\/03\/Debates-2018-2020\/20181113_SPO_S11.docx\">D\u00e9cima Primera Sesi\u00f3n del d\u00eda 13\u00a0de noviembre de 2018<\/a><\/p>\n<p><a href=\"https:\/\/congresocoahuila.gob.mx\/transparencia\/03\/Debates-2018-2020\/20181129_SPO_S12.docx\">D\u00e9cima Segunda Sesi\u00f3n del d\u00eda 29 de noviembre de 2018<\/a><\/p>\n<p><a href=\"https:\/\/congresocoahuila.gob.mx\/transparencia\/03\/Debates-2018-2020\/20181130_SPO_S13_Solemne.docx\">Sesi\u00f3n Solemne, 30 de noviembre de 2018 \u2013 Primer Informe de Gobierno, Ing. Miguel \u00c1ngel Riquelme Sol\u00eds, Gobernador del Estado de Coahuila de Zaragoza<\/a><\/p>\n<p><a href=\"https:\/\/congresocoahuila.gob.mx\/transparencia\/03\/Debates-2018-2020\/20181130_SPO_S14.docx\">D\u00e9cima\u00a0Cuarta Sesi\u00f3n del d\u00eda 30 de noviembre de 2018<\/a><\/p>\n<p><a href=\"https:\/\/congresocoahuila.gob.mx\/transparencia\/03\/Debates-2018-2020\/20181204_SPO_S15.docx\">D\u00e9cima Quinta Sesi\u00f3n del d\u00eda 04 de diciembre de 2018<\/a><\/p>\n<p><a href=\"https:\/\/congresocoahuila.gob.mx\/transparencia\/03\/Debates-2018-2020\/20181211_SPO_S16.docx\">D\u00e9cima Sexta Sesi\u00f3n del d\u00eda 11 de diciembre de 2018<\/a><\/p>\n<p><a href=\"https:\/\/congresocoahuila.gob.mx\/transparencia\/03\/Debates-2018-2020\/20181217_SPO_S17.docx\">D\u00e9cima S\u00e9ptima Sesi\u00f3n del d\u00eda 17 de diciembre de 2018<\/a><\/p>\n<p><a href=\"https:\/\/congresocoahuila.gob.mx\/transparencia\/03\/Debates-2018-2020\/20181218_SPO_S18.docx\">D\u00e9cima Octava Sesi\u00f3n del d\u00eda 18 de diciembre de 2018<\/a><\/p>\n<p><a href=\"https:\/\/congresocoahuila.gob.mx\/transparencia\/03\/Debates-2018-2020\/20181226_SPO_S19.docx\">D\u00e9cima\u00a0Novena Sesi\u00f3n del d\u00eda 26 de diciembre de 2018<\/a><\/p>\n<p><a href=\"https:\/\/congresocoahuila.gob.mx\/transparencia\/03\/Debates-2018-2020\/20181231_SPO_S20.docx\">Vig\u00e9sima Sesi\u00f3n del d\u00eda 31 de diciembre de 2018<\/a><\/p>\n","protected":false},"excerpt":{"rendered":"<p>PRIMER A\u00d1O DE EJERCICIO CONSTITUCIONAL 2018 SEGUNDO PER\u00cdODO ORDINARIO Fecha de actualizaci\u00f3n de Diario de los Debates: La presente fracci\u00f3n se actualiza, atento a lo que disponen los Art\u00edculos 247 al 252\u00a0de la Ley Org\u00e1nica del Congreso, que disponen la publicaci\u00f3n del Diario de los Debates al termino de cada sesi\u00f3n, por lo que la [&hellip;]<\/p>\n","protected":false},"author":5,"featured_media":0,"parent":0,"menu_order":0,"comment_status":"closed","ping_status":"closed","template":"","meta":{"footnotes":""},"categories":[],"tags":[],"class_list":["post-31599","page","type-page","status-publish","hentry"],"_links":{"self":[{"href":"https:\/\/www.congresocoahuila.gob.mx\/portal\/wp-json\/wp\/v2\/pages\/31599","targetHints":{"allow":["GET"]}}],"collection":[{"href":"https:\/\/www.congresocoahuila.gob.mx\/portal\/wp-json\/wp\/v2\/pages"}],"about":[{"href":"https:\/\/www.congresocoahuila.gob.mx\/portal\/wp-json\/wp\/v2\/types\/page"}],"author":[{"embeddable":true,"href":"https:\/\/www.congresocoahuila.gob.mx\/portal\/wp-json\/wp\/v2\/users\/5"}],"replies":[{"embeddable":true,"href":"https:\/\/www.congresocoahuila.gob.mx\/portal\/wp-json\/wp\/v2\/comments?post=31599"}],"version-history":[{"count":26,"href":"https:\/\/www.congresocoahuila.gob.mx\/portal\/wp-json\/wp\/v2\/pages\/31599\/revisions"}],"predecessor-version":[{"id":32966,"href":"https:\/\/www.congresocoahuila.gob.mx\/portal\/wp-json\/wp\/v2\/pages\/31599\/revisions\/32966"}],"wp:attachment":[{"href":"https:\/\/www.congresocoahuila.gob.mx\/portal\/wp-json\/wp\/v2\/media?parent=31599"}],"wp:term":[{"taxonomy":"category","embeddable":true,"href":"https:\/\/www.congresocoahuila.gob.mx\/portal\/wp-json\/wp\/v2\/categories?post=31599"},{"taxonomy":"post_tag","embeddable":true,"href":"https:\/\/www.congresocoahuila.gob.mx\/portal\/wp-json\/wp\/v2\/tags?post=31599"}],"curies":[{"name":"wp","href":"https:\/\/api.w.org\/{rel}","templated":true}]}}