{"id":31657,"date":"2018-09-07T13:06:12","date_gmt":"2018-09-07T18:06:12","guid":{"rendered":"http:\/\/congresocoahuila.gob.mx\/portal\/?page_id=31657"},"modified":"2019-01-08T13:48:14","modified_gmt":"2019-01-08T19:48:14","slug":"segundo-periodo-ordinario-2018-2","status":"publish","type":"page","link":"https:\/\/www.congresocoahuila.gob.mx\/portal\/segundo-periodo-ordinario-2018-2\/","title":{"rendered":"SEGUNDO PER\u00cdODO ORDINARIO 2018"},"content":{"rendered":"<div><\/div>\n<div>\n<p><a href=\"https:\/\/congresocoahuila.gob.mx\/transparencia\/ART\/26\/05\/1ER_A_EJERCICIO_CONSTITUCIONAL_2018\/2_NDO_PERIODO_ORDINARIO_LXI\/03_SEP_2018.pdf\" target=\"_blank\" data-saferedirecturl=\"https:\/\/www.google.com\/url?q=https:\/\/congresocoahuila.gob.mx\/transparencia\/03\/Debates-2018-2020\/20180903_SPO_S01.doc&amp;source=gmail&amp;ust=1536428046365000&amp;usg=AFQjCNEJH5evWfmMj_X4_FBiXqpHrII0nQ\">Primera Sesi\u00f3n del d\u00eda 03 de septiembre de 2018<\/a><br \/>\n<a href=\"https:\/\/congresocoahuila.gob.mx\/transparencia\/ART\/26\/05\/1ER_A_EJERCICIO_CONSTITUCIONAL_2018\/2_NDO_PERIODO_ORDINARIO_LXI\/11_SEP_2018.pdf\" target=\"_blank\" data-saferedirecturl=\"https:\/\/www.google.com\/url?q=https:\/\/congresocoahuila.gob.mx\/transparencia\/03\/Debates-2018-2020\/20180903_SPO_S01.doc&amp;source=gmail&amp;ust=1536428046365000&amp;usg=AFQjCNEJH5evWfmMj_X4_FBiXqpHrII0nQ\">Segunda\u00a0Sesi\u00f3n del d\u00eda 11 de septiembre de 2018<\/a><br \/>\n<a href=\"https:\/\/congresocoahuila.gob.mx\/transparencia\/ART\/26\/05\/1ER_A_EJERCICIO_CONSTITUCIONAL_2018\/2_NDO_PERIODO_ORDINARIO_LXI\/18_SEP_2018.pdf\" target=\"_blank\" data-saferedirecturl=\"https:\/\/www.google.com\/url?q=https:\/\/congresocoahuila.gob.mx\/transparencia\/03\/Debates-2018-2020\/20180903_SPO_S01.doc&amp;source=gmail&amp;ust=1536428046365000&amp;usg=AFQjCNEJH5evWfmMj_X4_FBiXqpHrII0nQ\">Tercera Sesi\u00f3n del d\u00eda 18 de septiembre de 2018<\/a><br \/>\n<a href=\"https:\/\/congresocoahuila.gob.mx\/transparencia\/ART\/26\/05\/1ER_A_EJERCICIO_CONSTITUCIONAL_2018\/2_NDO_PERIODO_ORDINARIO_LXI\/SPO_S04_20180925.pdf\" target=\"_blank\" data-saferedirecturl=\"https:\/\/www.google.com\/url?q=https:\/\/congresocoahuila.gob.mx\/transparencia\/03\/Debates-2018-2020\/20180903_SPO_S01.doc&amp;source=gmail&amp;ust=1536428046365000&amp;usg=AFQjCNEJH5evWfmMj_X4_FBiXqpHrII0nQ\">Cuarta Sesi\u00f3n del d\u00eda 25 de septiembre de 2018<\/a><br \/>\n<a href=\"https:\/\/congresocoahuila.gob.mx\/transparencia\/ART\/26\/05\/1ER_A_EJERCICIO_CONSTITUCIONAL_2018\/2_NDO_PERIODO_ORDINARIO_LXI\/SPO_S05_20181003.pdf\" target=\"_blank\" data-saferedirecturl=\"https:\/\/www.google.com\/url?q=https:\/\/congresocoahuila.gob.mx\/transparencia\/03\/Debates-2018-2020\/20180903_SPO_S01.doc&amp;source=gmail&amp;ust=1536428046365000&amp;usg=AFQjCNEJH5evWfmMj_X4_FBiXqpHrII0nQ\">Quinta Sesi\u00f3n del d\u00eda 03 de octubre de 2018<\/a><br \/>\n<a href=\"https:\/\/congresocoahuila.gob.mx\/transparencia\/ART\/26\/05\/1ER_A_EJERCICIO_CONSTITUCIONAL_2018\/2_NDO_PERIODO_ORDINARIO_LXI\/SPO_S06_20181009.pdf\" target=\"_blank\" data-saferedirecturl=\"https:\/\/www.google.com\/url?q=https:\/\/congresocoahuila.gob.mx\/transparencia\/03\/Debates-2018-2020\/20180903_SPO_S01.doc&amp;source=gmail&amp;ust=1536428046365000&amp;usg=AFQjCNEJH5evWfmMj_X4_FBiXqpHrII0nQ\">Sexta Sesi\u00f3n del d\u00eda 09 de octubre de 2018<\/a><br \/>\n<a href=\"https:\/\/congresocoahuila.gob.mx\/transparencia\/ART\/26\/05\/1ER_A_EJERCICIO_CONSTITUCIONAL_2018\/2_NDO_PERIODO_ORDINARIO_LXI\/SPO_S07_20181016.pdf\" target=\"_blank\" data-saferedirecturl=\"https:\/\/www.google.com\/url?q=https:\/\/congresocoahuila.gob.mx\/transparencia\/03\/Debates-2018-2020\/20180903_SPO_S01.doc&amp;source=gmail&amp;ust=1536428046365000&amp;usg=AFQjCNEJH5evWfmMj_X4_FBiXqpHrII0nQ\">S\u00e9ptima Sesi\u00f3n del d\u00eda 16 de octubre de 2018<\/a><br \/>\n<a href=\"https:\/\/congresocoahuila.gob.mx\/transparencia\/ART\/26\/05\/1ER_A_EJERCICIO_CONSTITUCIONAL_2018\/2_NDO_PERIODO_ORDINARIO_LXI\/SPO_S08_20181023.pdf\" target=\"_blank\" data-saferedirecturl=\"https:\/\/www.google.com\/url?q=https:\/\/congresocoahuila.gob.mx\/transparencia\/03\/Debates-2018-2020\/20180903_SPO_S01.doc&amp;source=gmail&amp;ust=1536428046365000&amp;usg=AFQjCNEJH5evWfmMj_X4_FBiXqpHrII0nQ\">Octava Sesi\u00f3n del d\u00eda 23 de octubre de 2018<\/a><br \/>\n<a href=\"https:\/\/congresocoahuila.gob.mx\/transparencia\/ART\/26\/05\/1ER_A_EJERCICIO_CONSTITUCIONAL_2018\/2_NDO_PERIODO_ORDINARIO_LXI\/SPO_S09_20181030.pdf\" target=\"_blank\" data-saferedirecturl=\"https:\/\/www.google.com\/url?q=https:\/\/congresocoahuila.gob.mx\/transparencia\/03\/Debates-2018-2020\/20180903_SPO_S01.doc&amp;source=gmail&amp;ust=1536428046365000&amp;usg=AFQjCNEJH5evWfmMj_X4_FBiXqpHrII0nQ\">Novena Sesi\u00f3n del d\u00eda 30 de octubre de 2018<\/a><br \/>\n<a href=\"https:\/\/congresocoahuila.gob.mx\/transparencia\/ART\/26\/05\/1ER_A_EJERCICIO_CONSTITUCIONAL_2018\/2_NDO_PERIODO_ORDINARIO_LXI\/SPO_S10_20181108.pdf\" target=\"_blank\" data-saferedirecturl=\"https:\/\/www.google.com\/url?q=https:\/\/congresocoahuila.gob.mx\/transparencia\/03\/Debates-2018-2020\/20180903_SPO_S01.doc&amp;source=gmail&amp;ust=1536428046365000&amp;usg=AFQjCNEJH5evWfmMj_X4_FBiXqpHrII0nQ\">D\u00e9cima Sesi\u00f3n del d\u00eda 08 de noviembre de 2018<\/a><br \/>\n<a href=\"https:\/\/congresocoahuila.gob.mx\/transparencia\/ART\/26\/05\/1ER_A_EJERCICIO_CONSTITUCIONAL_2018\/2_NDO_PERIODO_ORDINARIO_LXI\/SPO_S11_20181113.pdf\" target=\"_blank\" data-saferedirecturl=\"https:\/\/www.google.com\/url?q=https:\/\/congresocoahuila.gob.mx\/transparencia\/03\/Debates-2018-2020\/20180903_SPO_S01.doc&amp;source=gmail&amp;ust=1536428046365000&amp;usg=AFQjCNEJH5evWfmMj_X4_FBiXqpHrII0nQ\">D\u00e9cima Primera Sesi\u00f3n del d\u00eda 13 de noviembre de 2018<\/a><br \/>\n<a href=\"https:\/\/congresocoahuila.gob.mx\/transparencia\/ART\/26\/05\/1ER_A_EJERCICIO_CONSTITUCIONAL_2018\/2_NDO_PERIODO_ORDINARIO_LXI\/SPO_S12_20181129.pdf\" target=\"_blank\" data-saferedirecturl=\"https:\/\/www.google.com\/url?q=https:\/\/congresocoahuila.gob.mx\/transparencia\/03\/Debates-2018-2020\/20180903_SPO_S01.doc&amp;source=gmail&amp;ust=1536428046365000&amp;usg=AFQjCNEJH5evWfmMj_X4_FBiXqpHrII0nQ\">D\u00e9cima Segunda Sesi\u00f3n del d\u00eda 29 de noviembre de 2018<\/a><br \/>\n<a href=\"https:\/\/congresocoahuila.gob.mx\/transparencia\/ART\/26\/05\/1ER_A_EJERCICIO_CONSTITUCIONAL_2018\/2_NDO_PERIODO_ORDINARIO_LXI\/SPO_S13_20181130.pdf\" target=\"_blank\" data-saferedirecturl=\"https:\/\/www.google.com\/url?q=https:\/\/congresocoahuila.gob.mx\/transparencia\/03\/Debates-2018-2020\/20180903_SPO_S01.doc&amp;source=gmail&amp;ust=1536428046365000&amp;usg=AFQjCNEJH5evWfmMj_X4_FBiXqpHrII0nQ\">D\u00e9cima Tercera Sesi\u00f3n del d\u00eda 30 de noviembre de 2018 &#8211; Sesi\u00f3n Solemne<\/a><br \/>\n<a href=\"https:\/\/congresocoahuila.gob.mx\/transparencia\/ART\/26\/05\/1ER_A_EJERCICIO_CONSTITUCIONAL_2018\/2_NDO_PERIODO_ORDINARIO_LXI\/SPO_S14_20181130.pdf\" target=\"_blank\" data-saferedirecturl=\"https:\/\/www.google.com\/url?q=https:\/\/congresocoahuila.gob.mx\/transparencia\/03\/Debates-2018-2020\/20180903_SPO_S01.doc&amp;source=gmail&amp;ust=1536428046365000&amp;usg=AFQjCNEJH5evWfmMj_X4_FBiXqpHrII0nQ\">D\u00e9cima Cuarta Sesi\u00f3n del d\u00eda 30 de noviembre de 2018<\/a><br \/>\n<a href=\"https:\/\/congresocoahuila.gob.mx\/transparencia\/ART\/26\/05\/1ER_A_EJERCICIO_CONSTITUCIONAL_2018\/2_NDO_PERIODO_ORDINARIO_LXI\/SPO_S15_20181204.pdf\" target=\"_blank\" data-saferedirecturl=\"https:\/\/www.google.com\/url?q=https:\/\/congresocoahuila.gob.mx\/transparencia\/03\/Debates-2018-2020\/20180903_SPO_S01.doc&amp;source=gmail&amp;ust=1536428046365000&amp;usg=AFQjCNEJH5evWfmMj_X4_FBiXqpHrII0nQ\">D\u00e9cima Quinta Sesi\u00f3n del d\u00eda 04 de diciembre de 2018<\/a><br \/>\n<a href=\"https:\/\/congresocoahuila.gob.mx\/transparencia\/ART\/26\/05\/1ER_A_EJERCICIO_CONSTITUCIONAL_2018\/2_NDO_PERIODO_ORDINARIO_LXI\/SPO_S16_20181211.pdf\" target=\"_blank\" data-saferedirecturl=\"https:\/\/www.google.com\/url?q=https:\/\/congresocoahuila.gob.mx\/transparencia\/03\/Debates-2018-2020\/20180903_SPO_S01.doc&amp;source=gmail&amp;ust=1536428046365000&amp;usg=AFQjCNEJH5evWfmMj_X4_FBiXqpHrII0nQ\">D\u00e9cima Sexta Sesi\u00f3n del d\u00eda 11 de diciembre de 2018<\/a><br \/>\n<a href=\"https:\/\/congresocoahuila.gob.mx\/transparencia\/ART\/26\/05\/1ER_A_EJERCICIO_CONSTITUCIONAL_2018\/2_NDO_PERIODO_ORDINARIO_LXI\/SPO_S17_20181217.pdf\" target=\"_blank\" data-saferedirecturl=\"https:\/\/www.google.com\/url?q=https:\/\/congresocoahuila.gob.mx\/transparencia\/03\/Debates-2018-2020\/20180903_SPO_S01.doc&amp;source=gmail&amp;ust=1536428046365000&amp;usg=AFQjCNEJH5evWfmMj_X4_FBiXqpHrII0nQ\">D\u00e9cima\u00a0S\u00e9ptima Sesi\u00f3n del d\u00eda 17 de diciembre de 2018<\/a><br \/>\n<a href=\"https:\/\/congresocoahuila.gob.mx\/transparencia\/ART\/26\/05\/1ER_A_EJERCICIO_CONSTITUCIONAL_2018\/2_NDO_PERIODO_ORDINARIO_LXI\/SPO_S18_20181218.pdf\" target=\"_blank\" data-saferedirecturl=\"https:\/\/www.google.com\/url?q=https:\/\/congresocoahuila.gob.mx\/transparencia\/03\/Debates-2018-2020\/20180903_SPO_S01.doc&amp;source=gmail&amp;ust=1536428046365000&amp;usg=AFQjCNEJH5evWfmMj_X4_FBiXqpHrII0nQ\">D\u00e9cima Octava Sesi\u00f3n del d\u00eda 18 de diciembre de 2018<\/a><br \/>\n<a href=\"https:\/\/congresocoahuila.gob.mx\/transparencia\/ART\/26\/05\/1ER_A_EJERCICIO_CONSTITUCIONAL_2018\/2_NDO_PERIODO_ORDINARIO_LXI\/SPO_S19_20181226.pdf\" target=\"_blank\" data-saferedirecturl=\"https:\/\/www.google.com\/url?q=https:\/\/congresocoahuila.gob.mx\/transparencia\/03\/Debates-2018-2020\/20180903_SPO_S01.doc&amp;source=gmail&amp;ust=1536428046365000&amp;usg=AFQjCNEJH5evWfmMj_X4_FBiXqpHrII0nQ\">D\u00e9cima\u00a0Novena Sesi\u00f3n del d\u00eda 26 de diciembre de 2018<\/a><br \/>\n<a href=\"https:\/\/congresocoahuila.gob.mx\/transparencia\/ART\/26\/05\/1ER_A_EJERCICIO_CONSTITUCIONAL_2018\/2_NDO_PERIODO_ORDINARIO_LXI\/SPO_S20_20181231.pdf\" target=\"_blank\" data-saferedirecturl=\"https:\/\/www.google.com\/url?q=https:\/\/congresocoahuila.gob.mx\/transparencia\/03\/Debates-2018-2020\/20180903_SPO_S01.doc&amp;source=gmail&amp;ust=1536428046365000&amp;usg=AFQjCNEJH5evWfmMj_X4_FBiXqpHrII0nQ\">Vig\u00e9sima Sesi\u00f3n del d\u00eda 31 de diciembre de 2018<\/a><\/p>\n<p>&nbsp;<\/p>\n<\/div>\n","protected":false},"excerpt":{"rendered":"<p>Primera Sesi\u00f3n del d\u00eda 03 de septiembre de 2018 Segunda\u00a0Sesi\u00f3n del d\u00eda 11 de septiembre de 2018 Tercera Sesi\u00f3n del d\u00eda 18 de septiembre de 2018 Cuarta Sesi\u00f3n del d\u00eda 25 de septiembre de 2018 Quinta Sesi\u00f3n del d\u00eda 03 de octubre de 2018 Sexta Sesi\u00f3n del d\u00eda 09 de octubre de 2018 S\u00e9ptima Sesi\u00f3n [&hellip;]<\/p>\n","protected":false},"author":6,"featured_media":0,"parent":0,"menu_order":0,"comment_status":"closed","ping_status":"closed","template":"","meta":{"footnotes":""},"categories":[],"tags":[],"class_list":["post-31657","page","type-page","status-publish","hentry"],"_links":{"self":[{"href":"https:\/\/www.congresocoahuila.gob.mx\/portal\/wp-json\/wp\/v2\/pages\/31657","targetHints":{"allow":["GET"]}}],"collection":[{"href":"https:\/\/www.congresocoahuila.gob.mx\/portal\/wp-json\/wp\/v2\/pages"}],"about":[{"href":"https:\/\/www.congresocoahuila.gob.mx\/portal\/wp-json\/wp\/v2\/types\/page"}],"author":[{"embeddable":true,"href":"https:\/\/www.congresocoahuila.gob.mx\/portal\/wp-json\/wp\/v2\/users\/6"}],"replies":[{"embeddable":true,"href":"https:\/\/www.congresocoahuila.gob.mx\/portal\/wp-json\/wp\/v2\/comments?post=31657"}],"version-history":[{"count":17,"href":"https:\/\/www.congresocoahuila.gob.mx\/portal\/wp-json\/wp\/v2\/pages\/31657\/revisions"}],"predecessor-version":[{"id":31756,"href":"https:\/\/www.congresocoahuila.gob.mx\/portal\/wp-json\/wp\/v2\/pages\/31657\/revisions\/31756"}],"wp:attachment":[{"href":"https:\/\/www.congresocoahuila.gob.mx\/portal\/wp-json\/wp\/v2\/media?parent=31657"}],"wp:term":[{"taxonomy":"category","embeddable":true,"href":"https:\/\/www.congresocoahuila.gob.mx\/portal\/wp-json\/wp\/v2\/categories?post=31657"},{"taxonomy":"post_tag","embeddable":true,"href":"https:\/\/www.congresocoahuila.gob.mx\/portal\/wp-json\/wp\/v2\/tags?post=31657"}],"curies":[{"name":"wp","href":"https:\/\/api.w.org\/{rel}","templated":true}]}}