{"id":32165,"date":"2018-11-20T12:35:50","date_gmt":"2018-11-20T18:35:50","guid":{"rendered":"http:\/\/congresocoahuila.gob.mx\/portal\/?page_id=32165"},"modified":"2019-01-12T10:27:16","modified_gmt":"2019-01-12T16:27:16","slug":"articulo-21-xxxi-2018-cuarto-trimestre","status":"publish","type":"page","link":"https:\/\/www.congresocoahuila.gob.mx\/portal\/articulo-21-xxxi-2018-cuarto-trimestre\/","title":{"rendered":"ART\u00cdCULO 21. XXXI 2018 CUARTO TRIMESTRE"},"content":{"rendered":"<table style=\"background-color: #ededed;\" width=\"641\">\n<tbody>\n<tr>\n<td style=\"text-align: left;\">OCTUBRE<\/td>\n<td style=\"text-align: left;\">NO HAY EVENTOS CULTURALES O DEPORTIVOS PARA EL MES EN CURSO<\/td>\n<\/tr>\n<tr>\n<td style=\"text-align: left;\">NOVIEMBRE<\/td>\n<td style=\"text-align: left;\"><a href=\"https:\/\/congresocoahuila.gob.mx\/transparencia\/ART\/21\/31\/EVENTOS\/2018\/DIA_MUERTOS.docx\">CELEBRACI\u00d3N DEL D\u00cdA DE MUERTOS<\/a><\/td>\n<\/tr>\n<tr>\n<td style=\"text-align: left;\">NOVIEMBRE<\/td>\n<td style=\"text-align: left;\"><a href=\"https:\/\/congresocoahuila.gob.mx\/transparencia\/ART\/21\/31\/EVENTOS\/2018\/108_ANIVERSARIO_REVOLUCION_MEXICANA.docx\">108 ANIVERSARIO DE LA REVOLUCI\u00d3N MEXICANA<\/a><\/td>\n<\/tr>\n<tr>\n<td style=\"text-align: left;\">DICIEMBRE<\/td>\n<td style=\"text-align: left;\">NO HAY EVENTOS CULTURALES O DEPORTIVOS PARA EL MES EN CURSO<\/td>\n<\/tr>\n<\/tbody>\n<\/table>\n<p>&nbsp;<\/p>\n","protected":false},"excerpt":{"rendered":"<p>OCTUBRE NO HAY EVENTOS CULTURALES O DEPORTIVOS PARA EL MES EN CURSO NOVIEMBRE CELEBRACI\u00d3N DEL D\u00cdA DE MUERTOS NOVIEMBRE 108 ANIVERSARIO DE LA REVOLUCI\u00d3N MEXICANA DICIEMBRE NO HAY EVENTOS CULTURALES O DEPORTIVOS PARA EL MES EN CURSO &nbsp;<\/p>\n","protected":false},"author":5,"featured_media":0,"parent":0,"menu_order":0,"comment_status":"closed","ping_status":"closed","template":"","meta":{"footnotes":""},"categories":[],"tags":[],"class_list":["post-32165","page","type-page","status-publish","hentry"],"_links":{"self":[{"href":"https:\/\/www.congresocoahuila.gob.mx\/portal\/wp-json\/wp\/v2\/pages\/32165","targetHints":{"allow":["GET"]}}],"collection":[{"href":"https:\/\/www.congresocoahuila.gob.mx\/portal\/wp-json\/wp\/v2\/pages"}],"about":[{"href":"https:\/\/www.congresocoahuila.gob.mx\/portal\/wp-json\/wp\/v2\/types\/page"}],"author":[{"embeddable":true,"href":"https:\/\/www.congresocoahuila.gob.mx\/portal\/wp-json\/wp\/v2\/users\/5"}],"replies":[{"embeddable":true,"href":"https:\/\/www.congresocoahuila.gob.mx\/portal\/wp-json\/wp\/v2\/comments?post=32165"}],"version-history":[{"count":7,"href":"https:\/\/www.congresocoahuila.gob.mx\/portal\/wp-json\/wp\/v2\/pages\/32165\/revisions"}],"predecessor-version":[{"id":32757,"href":"https:\/\/www.congresocoahuila.gob.mx\/portal\/wp-json\/wp\/v2\/pages\/32165\/revisions\/32757"}],"wp:attachment":[{"href":"https:\/\/www.congresocoahuila.gob.mx\/portal\/wp-json\/wp\/v2\/media?parent=32165"}],"wp:term":[{"taxonomy":"category","embeddable":true,"href":"https:\/\/www.congresocoahuila.gob.mx\/portal\/wp-json\/wp\/v2\/categories?post=32165"},{"taxonomy":"post_tag","embeddable":true,"href":"https:\/\/www.congresocoahuila.gob.mx\/portal\/wp-json\/wp\/v2\/tags?post=32165"}],"curies":[{"name":"wp","href":"https:\/\/api.w.org\/{rel}","templated":true}]}}