{"id":3244,"date":"2014-11-24T14:57:54","date_gmt":"2014-11-24T20:57:54","guid":{"rendered":"http:\/\/www.congresocoahuila.gob.mx\/portal\/?page_id=3244"},"modified":"2014-11-24T14:57:54","modified_gmt":"2014-11-24T20:57:54","slug":"articulo-21-xxiii-2009-2","status":"publish","type":"page","link":"https:\/\/www.congresocoahuila.gob.mx\/portal\/articulo-21-xxiii-2009-2\/","title":{"rendered":"PRIMER PER\u00cdODO DE RECESO-2009"},"content":{"rendered":"<p><strong>PRIMER A\u00d1O DE EJERCICIO CONSTITUCIONAL 2009<br \/>\nPRIMER PER\u00cdODO DE RECESO <\/strong><\/p>\n<p><a href=\"http:\/\/www.congresocoahuila.gob.mx\/portal\/wp-content\/uploads\/2014\/11\/20091prs1.pdf\">Sesi\u00f3n del D\u00eda 13 de Enero del 2009<\/a><br \/>\n<a href=\"http:\/\/www.congresocoahuila.gob.mx\/portal\/wp-content\/uploads\/2014\/11\/20091prs2.pdf\">Sesi\u00f3n del D\u00eda 20 de Enero del 2009<\/a><br \/>\n<a href=\"http:\/\/www.congresocoahuila.gob.mx\/portal\/wp-content\/uploads\/2014\/11\/20091prs3.pdf\">Sesi\u00f3n del D\u00eda 28 de Enero del 2009<\/a><br \/>\n<a href=\"http:\/\/www.congresocoahuila.gob.mx\/portal\/wp-content\/uploads\/2014\/11\/20091prs4.pdf\">Sesi\u00f3n del D\u00eda 4 de Febrero del 2009<\/a><br \/>\n<a href=\"http:\/\/www.congresocoahuila.gob.mx\/portal\/wp-content\/uploads\/2014\/11\/20091prs5.pdf\">Sesi\u00f3n del D\u00eda 10 de Febrero del 2009<\/a><br \/>\n<a href=\"http:\/\/www.congresocoahuila.gob.mx\/portal\/wp-content\/uploads\/2014\/11\/20091prs6.pdf\">Sesi\u00f3n del D\u00eda 17 de Febrero del 2009<\/a><br \/>\n<a href=\"http:\/\/www.congresocoahuila.gob.mx\/portal\/wp-content\/uploads\/2014\/11\/20091prs7.pdf\">Sesi\u00f3n del D\u00eda 25 de Febrero del 2009<\/a><\/p>\n","protected":false},"excerpt":{"rendered":"<p>PRIMER A\u00d1O DE EJERCICIO CONSTITUCIONAL 2009 PRIMER PER\u00cdODO DE RECESO Sesi\u00f3n del D\u00eda 13 de Enero del 2009 Sesi\u00f3n del D\u00eda 20 de Enero del 2009 Sesi\u00f3n del D\u00eda 28 de Enero del 2009 Sesi\u00f3n del D\u00eda 4 de Febrero del 2009 Sesi\u00f3n del D\u00eda 10 de Febrero del 2009 Sesi\u00f3n del D\u00eda 17 de [&hellip;]<\/p>\n","protected":false},"author":3,"featured_media":0,"parent":0,"menu_order":0,"comment_status":"closed","ping_status":"closed","template":"","meta":{"footnotes":""},"categories":[],"tags":[],"class_list":["post-3244","page","type-page","status-publish","hentry"],"_links":{"self":[{"href":"https:\/\/www.congresocoahuila.gob.mx\/portal\/wp-json\/wp\/v2\/pages\/3244","targetHints":{"allow":["GET"]}}],"collection":[{"href":"https:\/\/www.congresocoahuila.gob.mx\/portal\/wp-json\/wp\/v2\/pages"}],"about":[{"href":"https:\/\/www.congresocoahuila.gob.mx\/portal\/wp-json\/wp\/v2\/types\/page"}],"author":[{"embeddable":true,"href":"https:\/\/www.congresocoahuila.gob.mx\/portal\/wp-json\/wp\/v2\/users\/3"}],"replies":[{"embeddable":true,"href":"https:\/\/www.congresocoahuila.gob.mx\/portal\/wp-json\/wp\/v2\/comments?post=3244"}],"version-history":[{"count":0,"href":"https:\/\/www.congresocoahuila.gob.mx\/portal\/wp-json\/wp\/v2\/pages\/3244\/revisions"}],"wp:attachment":[{"href":"https:\/\/www.congresocoahuila.gob.mx\/portal\/wp-json\/wp\/v2\/media?parent=3244"}],"wp:term":[{"taxonomy":"category","embeddable":true,"href":"https:\/\/www.congresocoahuila.gob.mx\/portal\/wp-json\/wp\/v2\/categories?post=3244"},{"taxonomy":"post_tag","embeddable":true,"href":"https:\/\/www.congresocoahuila.gob.mx\/portal\/wp-json\/wp\/v2\/tags?post=3244"}],"curies":[{"name":"wp","href":"https:\/\/api.w.org\/{rel}","templated":true}]}}