{"id":32662,"date":"2019-01-08T13:54:23","date_gmt":"2019-01-08T19:54:23","guid":{"rendered":"http:\/\/congresocoahuila.gob.mx\/portal\/?page_id=32662"},"modified":"2019-07-03T14:40:33","modified_gmt":"2019-07-03T19:40:33","slug":"primer-periodo-de-la-diputacion-permanente-de-la-lxi-legislatura-2019","status":"publish","type":"page","link":"https:\/\/www.congresocoahuila.gob.mx\/portal\/primer-periodo-de-la-diputacion-permanente-de-la-lxi-legislatura-2019\/","title":{"rendered":"PRIMER PER\u00cdODO DE LA DIPUTACI\u00d3N PERMANENTE DE LA LXI LEGISLATURA 2019"},"content":{"rendered":"<p><a href=\"https:\/\/congresocoahuila.gob.mx\/transparencia\/ART\/26\/05\/1ER_PERIODO_DIPUTACION_PERMANENTE_LXI_2019\/PPR_S01_20190108.pdf\" target=\"_blank\" rel=\"noopener noreferrer\" data-saferedirecturl=\"https:\/\/www.google.com\/url?q=https:\/\/congresocoahuila.gob.mx\/transparencia\/03\/Debates-2018-2020\/20180903_SPO_S01.doc&amp;source=gmail&amp;ust=1536428046365000&amp;usg=AFQjCNEJH5evWfmMj_X4_FBiXqpHrII0nQ\">Primera Sesi\u00f3n del d\u00eda 08 de enero de 2019<\/a><br \/>\n<a href=\"https:\/\/congresocoahuila.gob.mx\/transparencia\/ART\/26\/05\/1ER_PERIODO_DIPUTACION_PERMANENTE_LXI_2019\/PPR_S02_20190115.pdf\" target=\"_blank\" rel=\"noopener noreferrer\" data-saferedirecturl=\"https:\/\/www.google.com\/url?q=https:\/\/congresocoahuila.gob.mx\/transparencia\/03\/Debates-2018-2020\/20180903_SPO_S01.doc&amp;source=gmail&amp;ust=1536428046365000&amp;usg=AFQjCNEJH5evWfmMj_X4_FBiXqpHrII0nQ\">Segunda Sesi\u00f3n del d\u00eda 15 de enero de 2019<\/a><br \/>\n<a href=\"https:\/\/congresocoahuila.gob.mx\/transparencia\/ART\/26\/05\/1ER_PERIODO_DIPUTACION_PERMANENTE_LXI_2019\/PPR_S03_20190122.pdf\" target=\"_blank\" rel=\"noopener noreferrer\" data-saferedirecturl=\"https:\/\/www.google.com\/url?q=https:\/\/congresocoahuila.gob.mx\/transparencia\/03\/Debates-2018-2020\/20180903_SPO_S01.doc&amp;source=gmail&amp;ust=1536428046365000&amp;usg=AFQjCNEJH5evWfmMj_X4_FBiXqpHrII0nQ\">Tercera Sesi\u00f3n del d\u00eda 22 de enero de 2019<\/a><br \/>\n<a href=\"https:\/\/congresocoahuila.gob.mx\/transparencia\/ART\/26\/05\/1ER_PERIODO_DIPUTACION_PERMANENTE_LXI_2019\/PPR_S04_20190129.pdf\" target=\"_blank\" rel=\"noopener noreferrer\" data-saferedirecturl=\"https:\/\/www.google.com\/url?q=https:\/\/congresocoahuila.gob.mx\/transparencia\/03\/Debates-2018-2020\/20180903_SPO_S01.doc&amp;source=gmail&amp;ust=1536428046365000&amp;usg=AFQjCNEJH5evWfmMj_X4_FBiXqpHrII0nQ\">Cuarta Sesi\u00f3n del d\u00eda 29 de enero de 2019<\/a><br \/>\n<a href=\"https:\/\/congresocoahuila.gob.mx\/transparencia\/ART\/26\/05\/1ER_PERIODO_DIPUTACION_PERMANENTE_LXI_2019\/PPR_S05_20190206.pdf\" target=\"_blank\" rel=\"noopener noreferrer\" data-saferedirecturl=\"https:\/\/www.google.com\/url?q=https:\/\/congresocoahuila.gob.mx\/transparencia\/03\/Debates-2018-2020\/20180903_SPO_S01.doc&amp;source=gmail&amp;ust=1536428046365000&amp;usg=AFQjCNEJH5evWfmMj_X4_FBiXqpHrII0nQ\">Quinta Sesi\u00f3n del d\u00eda 06 de febrero de 2019<\/a><br \/>\n<a href=\"https:\/\/congresocoahuila.gob.mx\/transparencia\/ART\/26\/05\/1ER_PERIODO_DIPUTACION_PERMANENTE_LXI_2019\/PPR_S06_20190212.pdf\" target=\"_blank\" rel=\"noopener noreferrer\" data-saferedirecturl=\"https:\/\/www.google.com\/url?q=https:\/\/congresocoahuila.gob.mx\/transparencia\/03\/Debates-2018-2020\/20180903_SPO_S01.doc&amp;source=gmail&amp;ust=1536428046365000&amp;usg=AFQjCNEJH5evWfmMj_X4_FBiXqpHrII0nQ\">Sexta Sesi\u00f3n del d\u00eda 12 de febrero de 2019<\/a><\/p>\n<p><a href=\"https:\/\/congresocoahuila.gob.mx\/transparencia\/ART\/26\/05\/1ER_PERIODO_DIPUTACION_PERMANENTE_LXI_2019\/PPR_S07_20190219_Solemne.pdf\">Sesi\u00f3n Solemne \u2013 19 de febrero de 2019 \u2013 para conmemorar el D\u00eda del Ej\u00e9rcito, as\u00ed como para rendir homenaje a Don Venustiano Carranza\u00a0y a los Diputados del Vig\u00e9simo Segundo Congreso Constitucional del Estado<\/a><\/p>\n<p><a href=\"https:\/\/congresocoahuila.gob.mx\/transparencia\/ART\/26\/05\/1ER_PERIODO_DIPUTACION_PERMANENTE_LXI_2019\/PPR_S08_20190228.pdf\" target=\"_blank\" rel=\"noopener noreferrer\" data-saferedirecturl=\"https:\/\/www.google.com\/url?q=https:\/\/congresocoahuila.gob.mx\/transparencia\/03\/Debates-2018-2020\/20180903_SPO_S01.doc&amp;source=gmail&amp;ust=1536428046365000&amp;usg=AFQjCNEJH5evWfmMj_X4_FBiXqpHrII0nQ\">Octava Sesi\u00f3n del d\u00eda 28 de febrero de 2019<\/a><\/p>\n","protected":false},"excerpt":{"rendered":"<p>Primera Sesi\u00f3n del d\u00eda 08 de enero de 2019 Segunda Sesi\u00f3n del d\u00eda 15 de enero de 2019 Tercera Sesi\u00f3n del d\u00eda 22 de enero de 2019 Cuarta Sesi\u00f3n del d\u00eda 29 de enero de 2019 Quinta Sesi\u00f3n del d\u00eda 06 de febrero de 2019 Sexta Sesi\u00f3n del d\u00eda 12 de febrero de 2019 Sesi\u00f3n [&hellip;]<\/p>\n","protected":false},"author":5,"featured_media":0,"parent":0,"menu_order":0,"comment_status":"closed","ping_status":"closed","template":"","meta":{"footnotes":""},"categories":[],"tags":[],"class_list":["post-32662","page","type-page","status-publish","hentry"],"_links":{"self":[{"href":"https:\/\/www.congresocoahuila.gob.mx\/portal\/wp-json\/wp\/v2\/pages\/32662","targetHints":{"allow":["GET"]}}],"collection":[{"href":"https:\/\/www.congresocoahuila.gob.mx\/portal\/wp-json\/wp\/v2\/pages"}],"about":[{"href":"https:\/\/www.congresocoahuila.gob.mx\/portal\/wp-json\/wp\/v2\/types\/page"}],"author":[{"embeddable":true,"href":"https:\/\/www.congresocoahuila.gob.mx\/portal\/wp-json\/wp\/v2\/users\/5"}],"replies":[{"embeddable":true,"href":"https:\/\/www.congresocoahuila.gob.mx\/portal\/wp-json\/wp\/v2\/comments?post=32662"}],"version-history":[{"count":11,"href":"https:\/\/www.congresocoahuila.gob.mx\/portal\/wp-json\/wp\/v2\/pages\/32662\/revisions"}],"predecessor-version":[{"id":34817,"href":"https:\/\/www.congresocoahuila.gob.mx\/portal\/wp-json\/wp\/v2\/pages\/32662\/revisions\/34817"}],"wp:attachment":[{"href":"https:\/\/www.congresocoahuila.gob.mx\/portal\/wp-json\/wp\/v2\/media?parent=32662"}],"wp:term":[{"taxonomy":"category","embeddable":true,"href":"https:\/\/www.congresocoahuila.gob.mx\/portal\/wp-json\/wp\/v2\/categories?post=32662"},{"taxonomy":"post_tag","embeddable":true,"href":"https:\/\/www.congresocoahuila.gob.mx\/portal\/wp-json\/wp\/v2\/tags?post=32662"}],"curies":[{"name":"wp","href":"https:\/\/api.w.org\/{rel}","templated":true}]}}