{"id":32686,"date":"2019-01-08T15:10:36","date_gmt":"2019-01-08T21:10:36","guid":{"rendered":"http:\/\/congresocoahuila.gob.mx\/portal\/?page_id=32686"},"modified":"2020-01-10T23:57:48","modified_gmt":"2020-01-11T05:57:48","slug":"primer-periodo-de-la-diputacion-permanente-2019","status":"publish","type":"page","link":"https:\/\/www.congresocoahuila.gob.mx\/portal\/primer-periodo-de-la-diputacion-permanente-2019\/","title":{"rendered":"PRIMER PER\u00cdODO DE LA DIPUTACI\u00d3N PERMANENTE 2019"},"content":{"rendered":"<p><strong>SEGUNDO A\u00d1O DE EJERCICIO CONSTITUCIONAL 2019<br \/>\nPRIMER PER\u00cdODO DE LA DIPUTACI\u00d3N PERMANENTE<\/strong><\/p>\n<p style=\"text-align: justify;\">Fecha de actualizaci\u00f3n de Diario de los Debates: La presente fracci\u00f3n se actualiza, atento a lo que disponen los Art\u00edculos 247 al 252\u00a0de la Ley Org\u00e1nica del Congreso, que disponen la publicaci\u00f3n del Diario de los Debates al termino de cada sesi\u00f3n, por lo que la presente p\u00e1gina se actualiza una vez que las \u00e1reas t\u00e9cnico administrativas concluyen la labor de transcripci\u00f3n de la sesi\u00f3n correspondiente, para su publicaci\u00f3n en Internet.<\/p>\n<div>Fecha de actualizaci\u00f3n: 31 de Diciembre de 2019.<\/div>\n<div>Responsable de la Informaci\u00f3n: Lic. Rafael Delgado Hern\u00e1ndez.<\/div>\n<div>Oficial Mayor\u00a0del H. Congreso del Estado de Coahuila.<\/div>\n<div><\/div>\n<p><a href=\"https:\/\/congresocoahuila.gob.mx\/transparencia\/03\/Debates-2018-2020\/20190108_PPR_S01.docx\">Primera Sesi\u00f3n del d\u00eda 08 de enero de 2019<\/a><\/p>\n<p><a href=\"https:\/\/congresocoahuila.gob.mx\/transparencia\/03\/Debates-2018-2020\/20190115_PPR_S02.docx\">Segunda Sesi\u00f3n del d\u00eda 15 de enero de 2019<\/a><\/p>\n<p><a href=\"https:\/\/congresocoahuila.gob.mx\/transparencia\/03\/Debates-2018-2020\/20190122_PPR_S03.docx\">Tercera Sesi\u00f3n del d\u00eda 22 de enero de 2019<\/a><\/p>\n<p><a href=\"https:\/\/congresocoahuila.gob.mx\/transparencia\/03\/Debates-2018-2020\/20190129_PPR_S04.docx\">Cuarta Sesi\u00f3n del d\u00eda 29 de enero de 2019<\/a><\/p>\n<p><a href=\"https:\/\/congresocoahuila.gob.mx\/transparencia\/03\/Debates-2018-2020\/20190206_PPR_S05.docx\">Quinta Sesi\u00f3n del d\u00eda 06 de febrero de 2019<\/a><\/p>\n<p><a href=\"https:\/\/congresocoahuila.gob.mx\/transparencia\/03\/Debates-2018-2020\/20190212_PPR_S06.docx\">Sexta Sesi\u00f3n del d\u00eda 12 de febrero de 2019<\/a><\/p>\n<p><a href=\"https:\/\/congresocoahuila.gob.mx\/transparencia\/03\/Debates-2018-2020\/20190219_PPR_S07_Solemne.docx\">Sesi\u00f3n Solemne \u2013 19 de febrero de 2019 \u2013 para conmemorar el D\u00eda del Ej\u00e9rcito, as\u00ed como para rendir homenaje a Don Venustiano Carranza\u00a0y a los Diputados del Vig\u00e9simo Segundo Congreso Constitucional del Estado<\/a><\/p>\n<p><a href=\"https:\/\/congresocoahuila.gob.mx\/transparencia\/03\/Debates-2018-2020\/20190228_PPR_S08.docx\">Octava Sesi\u00f3n del d\u00eda 28 de febrero de 2019<\/a><\/p>\n","protected":false},"excerpt":{"rendered":"<p>SEGUNDO A\u00d1O DE EJERCICIO CONSTITUCIONAL 2019 PRIMER PER\u00cdODO DE LA DIPUTACI\u00d3N PERMANENTE Fecha de actualizaci\u00f3n de Diario de los Debates: La presente fracci\u00f3n se actualiza, atento a lo que disponen los Art\u00edculos 247 al 252\u00a0de la Ley Org\u00e1nica del Congreso, que disponen la publicaci\u00f3n del Diario de los Debates al termino de cada sesi\u00f3n, por [&hellip;]<\/p>\n","protected":false},"author":5,"featured_media":0,"parent":0,"menu_order":0,"comment_status":"closed","ping_status":"closed","template":"","meta":{"footnotes":""},"categories":[],"tags":[],"class_list":["post-32686","page","type-page","status-publish","hentry"],"_links":{"self":[{"href":"https:\/\/www.congresocoahuila.gob.mx\/portal\/wp-json\/wp\/v2\/pages\/32686","targetHints":{"allow":["GET"]}}],"collection":[{"href":"https:\/\/www.congresocoahuila.gob.mx\/portal\/wp-json\/wp\/v2\/pages"}],"about":[{"href":"https:\/\/www.congresocoahuila.gob.mx\/portal\/wp-json\/wp\/v2\/types\/page"}],"author":[{"embeddable":true,"href":"https:\/\/www.congresocoahuila.gob.mx\/portal\/wp-json\/wp\/v2\/users\/5"}],"replies":[{"embeddable":true,"href":"https:\/\/www.congresocoahuila.gob.mx\/portal\/wp-json\/wp\/v2\/comments?post=32686"}],"version-history":[{"count":26,"href":"https:\/\/www.congresocoahuila.gob.mx\/portal\/wp-json\/wp\/v2\/pages\/32686\/revisions"}],"predecessor-version":[{"id":36585,"href":"https:\/\/www.congresocoahuila.gob.mx\/portal\/wp-json\/wp\/v2\/pages\/32686\/revisions\/36585"}],"wp:attachment":[{"href":"https:\/\/www.congresocoahuila.gob.mx\/portal\/wp-json\/wp\/v2\/media?parent=32686"}],"wp:term":[{"taxonomy":"category","embeddable":true,"href":"https:\/\/www.congresocoahuila.gob.mx\/portal\/wp-json\/wp\/v2\/categories?post=32686"},{"taxonomy":"post_tag","embeddable":true,"href":"https:\/\/www.congresocoahuila.gob.mx\/portal\/wp-json\/wp\/v2\/tags?post=32686"}],"curies":[{"name":"wp","href":"https:\/\/api.w.org\/{rel}","templated":true}]}}