{"id":32899,"date":"2019-02-05T11:09:58","date_gmt":"2019-02-05T17:09:58","guid":{"rendered":"http:\/\/congresocoahuila.gob.mx\/portal\/?page_id=32899"},"modified":"2020-01-13T13:42:56","modified_gmt":"2020-01-13T19:42:56","slug":"articulo-21-xxiii-lxi-2019","status":"publish","type":"page","link":"https:\/\/www.congresocoahuila.gob.mx\/portal\/articulo-21-xxiii-lxi-2019\/","title":{"rendered":"ART\u00cdCULO 21-XXIII-LXI 2019"},"content":{"rendered":"<table style=\"height: 55px;\" width=\"458\">\n<tbody>\n<tr>\n<td><a href=\"https:\/\/congresocoahuila.gob.mx\/transparencia\/ART\/21\/23\/DOC\/LXI\/CATALOGO_2019.pdf\">Documento\u00a01<\/a><\/td>\n<td style=\"text-align: left;\">CAT\u00c1LOGO DE DISPOSICI\u00d3N DOCUMENTAL<\/td>\n<\/tr>\n<tr>\n<td><a href=\"https:\/\/congresocoahuila.gob.mx\/transparencia\/ART\/21\/23\/DOC\/LXI\/CUADRO_DOCUMENTAL_2019.xls\">Documento\u00a02<\/a><\/td>\n<td style=\"text-align: left;\">CUADRO DE CLASIFICACI\u00d3N DOCUMENTAL<\/td>\n<\/tr>\n<\/tbody>\n<\/table>\n<p>Fecha de actualizaci\u00f3n: 31 de Diciembre de 2019.<br \/>\nResponsable de la Informaci\u00f3n: Lic. Leticia Nayelli Decanini Salinas,<br \/>\nTitular de la Unidad de Transparencia.<\/p>\n","protected":false},"excerpt":{"rendered":"<p>Documento\u00a01 CAT\u00c1LOGO DE DISPOSICI\u00d3N DOCUMENTAL Documento\u00a02 CUADRO DE CLASIFICACI\u00d3N DOCUMENTAL Fecha de actualizaci\u00f3n: 31 de Diciembre de 2019. Responsable de la Informaci\u00f3n: Lic. Leticia Nayelli Decanini Salinas, Titular de la Unidad de Transparencia.<\/p>\n","protected":false},"author":6,"featured_media":0,"parent":0,"menu_order":0,"comment_status":"closed","ping_status":"closed","template":"","meta":{"footnotes":""},"categories":[],"tags":[],"class_list":["post-32899","page","type-page","status-publish","hentry"],"_links":{"self":[{"href":"https:\/\/www.congresocoahuila.gob.mx\/portal\/wp-json\/wp\/v2\/pages\/32899","targetHints":{"allow":["GET"]}}],"collection":[{"href":"https:\/\/www.congresocoahuila.gob.mx\/portal\/wp-json\/wp\/v2\/pages"}],"about":[{"href":"https:\/\/www.congresocoahuila.gob.mx\/portal\/wp-json\/wp\/v2\/types\/page"}],"author":[{"embeddable":true,"href":"https:\/\/www.congresocoahuila.gob.mx\/portal\/wp-json\/wp\/v2\/users\/6"}],"replies":[{"embeddable":true,"href":"https:\/\/www.congresocoahuila.gob.mx\/portal\/wp-json\/wp\/v2\/comments?post=32899"}],"version-history":[{"count":14,"href":"https:\/\/www.congresocoahuila.gob.mx\/portal\/wp-json\/wp\/v2\/pages\/32899\/revisions"}],"predecessor-version":[{"id":36667,"href":"https:\/\/www.congresocoahuila.gob.mx\/portal\/wp-json\/wp\/v2\/pages\/32899\/revisions\/36667"}],"wp:attachment":[{"href":"https:\/\/www.congresocoahuila.gob.mx\/portal\/wp-json\/wp\/v2\/media?parent=32899"}],"wp:term":[{"taxonomy":"category","embeddable":true,"href":"https:\/\/www.congresocoahuila.gob.mx\/portal\/wp-json\/wp\/v2\/categories?post=32899"},{"taxonomy":"post_tag","embeddable":true,"href":"https:\/\/www.congresocoahuila.gob.mx\/portal\/wp-json\/wp\/v2\/tags?post=32899"}],"curies":[{"name":"wp","href":"https:\/\/api.w.org\/{rel}","templated":true}]}}