{"id":32912,"date":"2019-02-05T13:01:43","date_gmt":"2019-02-05T19:01:43","guid":{"rendered":"http:\/\/congresocoahuila.gob.mx\/portal\/?page_id=32912"},"modified":"2020-01-09T13:18:32","modified_gmt":"2020-01-09T19:18:32","slug":"articulo-21-31-2019","status":"publish","type":"page","link":"https:\/\/www.congresocoahuila.gob.mx\/portal\/articulo-21-31-2019\/","title":{"rendered":"ART\u00cdCULO 21.31 2019"},"content":{"rendered":"<p>AGENDA<\/p>\n<table style=\"width: 661px;\" width=\"641\">\n<tbody>\n<tr>\n<td style=\"text-align: left; width: 123px;\">ENERO<\/td>\n<td style=\"text-align: left; width: 538px;\">NO HAY EVENTOS CULTURALES O DEPORTIVOS PARA EL MES EN CURSO<\/td>\n<\/tr>\n<tr>\n<td style=\"text-align: left; width: 123px;\"><a href=\"https:\/\/congresocoahuila.gob.mx\/transparencia\/ART\/21\/31\/EVENTOS\/2019\/FEBRERO.docx\">FEBRERO<\/a><\/td>\n<td style=\"text-align: left; width: 538px;\">CONFERENCIA\u00a0\u00a1BIENVENIDOS AL EXTRAORDINARIO MUNDO DEL FRACASO!<\/td>\n<\/tr>\n<tr>\n<td style=\"text-align: left; width: 123px;\"><a href=\"https:\/\/congresocoahuila.gob.mx\/transparencia\/00\/documentos\/CONFERENCIA.pdf\">MARZO<\/a><\/td>\n<td style=\"text-align: left; width: 538px;\">CONFERENCIA: EL AGAVE, FUENTE DE BIOMASA PARA LA GENERACI\u00d3N DE ENERG\u00cdA<\/td>\n<\/tr>\n<tr>\n<td style=\"text-align: left; width: 123px;\"><a href=\"https:\/\/congresocoahuila.gob.mx\/transparencia\/00\/CONFERENCIA_PERIODISTA.pdf\">ABRIL<\/a><\/td>\n<td style=\"text-align: left; width: 538px;\">CONFERENCIA: PROTOCOLO DE PROTECCI\u00d3N A PERIODISTAS<\/td>\n<\/tr>\n<tr>\n<td style=\"text-align: left; width: 123px;\"><a href=\"https:\/\/congresocoahuila.gob.mx\/transparencia\/00\/DESCONCIERTO.jpg\">ABRIL<\/a><\/td>\n<td style=\"text-align: left; width: 538px;\">DESCONCIERTO A CUATRO MANOS<\/td>\n<\/tr>\n<tr>\n<td style=\"text-align: left; width: 123px;\"><a href=\"https:\/\/congresocoahuila.gob.mx\/transparencia\/00\/documentos\/FORO_FAMILIA.pdf\">ABRIL<\/a><\/td>\n<td style=\"text-align: left; width: 538px;\">FORO POR LA VIDA Y LA FAMILIA<\/td>\n<\/tr>\n<tr>\n<td style=\"text-align: left; width: 123px;\"><a href=\"https:\/\/congresocoahuila.gob.mx\/transparencia\/00\/AGUJERO_NEGRO.jpg\">MAYO<\/a><\/td>\n<td style=\"text-align: left; width: 538px;\">\u00bfCOMO SE HIZO LA IMAGEN DEL \u00abAGUJERO NEGRO\u00bb?<\/td>\n<\/tr>\n<tr>\n<td style=\"text-align: left; width: 123px;\"><a href=\"https:\/\/congresocoahuila.gob.mx\/transparencia\/00\/documentos\/VIOLENCIA_DIGITAL.jpg\">MAYO<\/a><\/td>\n<td style=\"text-align: left; width: 538px;\">COLOQUIO SOBRE VIOLENCIA DIGITAL<\/td>\n<\/tr>\n<tr>\n<td style=\"text-align: left; width: 123px;\"><a href=\"https:\/\/congresocoahuila.gob.mx\/transparencia\/00\/documentos\/invitacion.jpg\">MAYO<\/a><\/td>\n<td style=\"text-align: left; width: 538px;\">FORO PROGRESIVIDAD DERECHOS SEXUALES Y REPRODUCTIVOS DE LAS MUJERES<\/td>\n<\/tr>\n<tr>\n<td style=\"text-align: left; width: 123px;\"><a href=\"https:\/\/congresocoahuila.gob.mx\/transparencia\/00\/CONVOCATORIA_POBREZA_.jpg\">JUNIO<\/a><\/td>\n<td style=\"text-align: left; width: 538px;\">CUARTO CONGRESO DE FILOSOF\u00cdA \u00a8POBREZA: ORIGEN Y DESARROLLO\u00a8<\/td>\n<\/tr>\n<tr>\n<td style=\"text-align: left; width: 123px;\"><a href=\"https:\/\/congresocoahuila.gob.mx\/transparencia\/00\/documentos\/PRIMER_REUNION.pdf\">JULIO<\/a><\/td>\n<td style=\"text-align: left; width: 538px;\">PRIMER REUNI\u00d3N DE SEGUIMIENTO DE AGENDA<br \/>\nCONJUNTA Y COLABORACI\u00d3N INTERISTITUCIONAL<\/td>\n<\/tr>\n<tr>\n<td style=\"text-align: left; width: 123px;\"><a href=\"https:\/\/congresocoahuila.gob.mx\/transparencia\/00\/CONVOCATORIA_PARLAMENTO_01.pdf\">AGOSTO<\/a><\/td>\n<td style=\"text-align: left; width: 538px;\">PRESENTACI\u00d3N DE LA CONVOCATORIA DEL PARLAMENTO JUVENIL COAHUILA 2019<\/td>\n<\/tr>\n<tr>\n<td style=\"text-align: left; width: 123px;\"><a href=\"https:\/\/congresocoahuila.gob.mx\/transparencia\/00\/EDUCACION.pdf\">SEPTIEMBRE<\/a><\/td>\n<td style=\"text-align: left; width: 538px;\">PRIMER CONGRESO DE EDUCACI\u00d3N 2019. FORTALECIMIENTO DE LA EDUCACI\u00d3N PARA SALVAR A M\u00c9XICO<\/td>\n<\/tr>\n<tr>\n<td style=\"text-align: left; width: 123px;\"><a href=\"https:\/\/congresocoahuila.gob.mx\/transparencia\/00\/SEGUNDA_COMISION_DEPORTE.pdf\">OCTUBRE<\/a><\/td>\n<td style=\"text-align: left; width: 538px;\">SEGUNDA COMISI\u00d3N ITINERANTE DE DEPORTE Y JUVENTUD<\/td>\n<\/tr>\n<tr>\n<td style=\"text-align: left; width: 123px;\"><a href=\"https:\/\/congresocoahuila.gob.mx\/transparencia\/00\/INVITACION_PARLAMENTO_2019.pdf\">NOVIEMBRE<\/a><\/td>\n<td style=\"text-align: left; width: 538px;\">PARLAMENTO JUVENIL COAHUILA 2019<\/td>\n<\/tr>\n<tr>\n<td style=\"text-align: left; width: 123px;\">DICIEMBRE<\/td>\n<td style=\"text-align: left; width: 538px;\">NO HAY EVENTOS CULTURALES O DEPORTIVOS PARA EL MES EN CURSO<\/td>\n<\/tr>\n<\/tbody>\n<\/table>\n<p><\/p>\n","protected":false},"excerpt":{"rendered":"<p>AGENDA ENERO NO HAY EVENTOS CULTURALES O DEPORTIVOS PARA EL MES EN CURSO FEBRERO CONFERENCIA\u00a0\u00a1BIENVENIDOS AL EXTRAORDINARIO MUNDO DEL FRACASO! MARZO CONFERENCIA: EL AGAVE, FUENTE DE BIOMASA PARA LA GENERACI\u00d3N DE ENERG\u00cdA ABRIL CONFERENCIA: PROTOCOLO DE PROTECCI\u00d3N A PERIODISTAS ABRIL DESCONCIERTO A CUATRO MANOS ABRIL FORO POR LA VIDA Y LA FAMILIA MAYO \u00bfCOMO SE [&hellip;]<\/p>\n","protected":false},"author":6,"featured_media":0,"parent":0,"menu_order":0,"comment_status":"closed","ping_status":"closed","template":"","meta":{"footnotes":""},"categories":[],"tags":[],"class_list":["post-32912","page","type-page","status-publish","hentry"],"_links":{"self":[{"href":"https:\/\/www.congresocoahuila.gob.mx\/portal\/wp-json\/wp\/v2\/pages\/32912","targetHints":{"allow":["GET"]}}],"collection":[{"href":"https:\/\/www.congresocoahuila.gob.mx\/portal\/wp-json\/wp\/v2\/pages"}],"about":[{"href":"https:\/\/www.congresocoahuila.gob.mx\/portal\/wp-json\/wp\/v2\/types\/page"}],"author":[{"embeddable":true,"href":"https:\/\/www.congresocoahuila.gob.mx\/portal\/wp-json\/wp\/v2\/users\/6"}],"replies":[{"embeddable":true,"href":"https:\/\/www.congresocoahuila.gob.mx\/portal\/wp-json\/wp\/v2\/comments?post=32912"}],"version-history":[{"count":29,"href":"https:\/\/www.congresocoahuila.gob.mx\/portal\/wp-json\/wp\/v2\/pages\/32912\/revisions"}],"predecessor-version":[{"id":36429,"href":"https:\/\/www.congresocoahuila.gob.mx\/portal\/wp-json\/wp\/v2\/pages\/32912\/revisions\/36429"}],"wp:attachment":[{"href":"https:\/\/www.congresocoahuila.gob.mx\/portal\/wp-json\/wp\/v2\/media?parent=32912"}],"wp:term":[{"taxonomy":"category","embeddable":true,"href":"https:\/\/www.congresocoahuila.gob.mx\/portal\/wp-json\/wp\/v2\/categories?post=32912"},{"taxonomy":"post_tag","embeddable":true,"href":"https:\/\/www.congresocoahuila.gob.mx\/portal\/wp-json\/wp\/v2\/tags?post=32912"}],"curies":[{"name":"wp","href":"https:\/\/api.w.org\/{rel}","templated":true}]}}