{"id":33024,"date":"2019-02-13T10:40:09","date_gmt":"2019-02-13T16:40:09","guid":{"rendered":"http:\/\/congresocoahuila.gob.mx\/portal\/?page_id=33024"},"modified":"2022-07-04T22:22:38","modified_gmt":"2022-07-05T03:22:38","slug":"21-18","status":"publish","type":"page","link":"https:\/\/www.congresocoahuila.gob.mx\/portal\/21-18\/","title":{"rendered":"21.18"},"content":{"rendered":"<p><a href=\"https:\/\/congresocoahuila.gob.mx\/transparencia\/ART\/21\/18\/2022.docx\">2022<\/a><br \/>\n<a href=\"https:\/\/congresocoahuila.gob.mx\/transparencia\/ART\/21\/18\/2021.docx\">2021<\/a><br \/>\n<a href=\"https:\/\/congresocoahuila.gob.mx\/transparencia\/ART\/21\/18\/2020.docx\">2020<\/a><br \/>\n<a href=\"https:\/\/congresocoahuila.gob.mx\/transparencia\/ART\/21\/18\/2019.docx\">2019<\/a><br \/>\n<a href=\"https:\/\/congresocoahuila.gob.mx\/transparencia\/ART\/21\/18\/2018.doc\">2018<\/a><\/p>\n<p style=\"text-align: right;\"><strong>Fecha de Actualizaci\u00f3n:<\/strong> 1 de julio de 2022<br \/>\n<strong>Responsable de la Informaci\u00f3n:<\/strong> C.P. C\u00e9sar Alejandro Fern\u00e1ndez Padilla,<br \/>\nDirector de Contabilidad en la Tesorer\u00eda del Congreso del Estado.<\/p>\n","protected":false},"excerpt":{"rendered":"<p>2022 2021 2020 2019 2018 Fecha de Actualizaci\u00f3n: 1 de julio de 2022 Responsable de la Informaci\u00f3n: C.P. C\u00e9sar Alejandro Fern\u00e1ndez Padilla, Director de Contabilidad en la Tesorer\u00eda del Congreso del Estado.<\/p>\n","protected":false},"author":3,"featured_media":0,"parent":0,"menu_order":0,"comment_status":"closed","ping_status":"closed","template":"","meta":{"footnotes":""},"categories":[],"tags":[],"class_list":["post-33024","page","type-page","status-publish","hentry"],"_links":{"self":[{"href":"https:\/\/www.congresocoahuila.gob.mx\/portal\/wp-json\/wp\/v2\/pages\/33024","targetHints":{"allow":["GET"]}}],"collection":[{"href":"https:\/\/www.congresocoahuila.gob.mx\/portal\/wp-json\/wp\/v2\/pages"}],"about":[{"href":"https:\/\/www.congresocoahuila.gob.mx\/portal\/wp-json\/wp\/v2\/types\/page"}],"author":[{"embeddable":true,"href":"https:\/\/www.congresocoahuila.gob.mx\/portal\/wp-json\/wp\/v2\/users\/3"}],"replies":[{"embeddable":true,"href":"https:\/\/www.congresocoahuila.gob.mx\/portal\/wp-json\/wp\/v2\/comments?post=33024"}],"version-history":[{"count":35,"href":"https:\/\/www.congresocoahuila.gob.mx\/portal\/wp-json\/wp\/v2\/pages\/33024\/revisions"}],"predecessor-version":[{"id":43805,"href":"https:\/\/www.congresocoahuila.gob.mx\/portal\/wp-json\/wp\/v2\/pages\/33024\/revisions\/43805"}],"wp:attachment":[{"href":"https:\/\/www.congresocoahuila.gob.mx\/portal\/wp-json\/wp\/v2\/media?parent=33024"}],"wp:term":[{"taxonomy":"category","embeddable":true,"href":"https:\/\/www.congresocoahuila.gob.mx\/portal\/wp-json\/wp\/v2\/categories?post=33024"},{"taxonomy":"post_tag","embeddable":true,"href":"https:\/\/www.congresocoahuila.gob.mx\/portal\/wp-json\/wp\/v2\/tags?post=33024"}],"curies":[{"name":"wp","href":"https:\/\/api.w.org\/{rel}","templated":true}]}}