{"id":3313,"date":"2014-11-24T15:15:27","date_gmt":"2014-11-24T21:15:27","guid":{"rendered":"http:\/\/www.congresocoahuila.gob.mx\/portal\/?page_id=3313"},"modified":"2014-11-24T15:15:27","modified_gmt":"2014-11-24T21:15:27","slug":"articulo-21-xxiii-2009-4","status":"publish","type":"page","link":"https:\/\/www.congresocoahuila.gob.mx\/portal\/articulo-21-xxiii-2009-4\/","title":{"rendered":"SEGUNDO PER\u00cdODO DE RECESO-2009"},"content":{"rendered":"<p><strong>PRIMER A\u00d1O DE EJERCICIO CONSTITUCIONAL 2009<br \/>\nSEGUNDO PER\u00cdODO DE RECESO<\/strong><\/p>\n<p><a href=\"http:\/\/www.congresocoahuila.gob.mx\/portal\/wp-content\/uploads\/2014\/11\/20092pr1s1.pdf\">Sesi\u00f3n del D\u00eda 1 de Julio del 2009<\/a><br \/>\n<a href=\"http:\/\/www.congresocoahuila.gob.mx\/portal\/wp-content\/uploads\/2014\/11\/20092pr1s2.pdf\">Sesi\u00f3n del D\u00eda 7 de Julio del 2009<\/a><br \/>\n<a href=\"http:\/\/www.congresocoahuila.gob.mx\/portal\/wp-content\/uploads\/2014\/11\/20092pr1s3.pdf\">Sesi\u00f3n del D\u00eda 14 de Julio del 2009<\/a><br \/>\n<a href=\"http:\/\/www.congresocoahuila.gob.mx\/portal\/wp-content\/uploads\/2014\/11\/20092pr1s4.pdf\">Sesi\u00f3n del D\u00eda 29 de Julio del 2009<\/a><br \/>\n<a href=\"http:\/\/www.congresocoahuila.gob.mx\/portal\/wp-content\/uploads\/2014\/11\/20092pr1s5.pdf\">Sesi\u00f3n del D\u00eda 4 de Agosto del 2009<\/a><br \/>\n<a href=\"http:\/\/www.congresocoahuila.gob.mx\/portal\/wp-content\/uploads\/2014\/11\/20092pr1s6.pdf\">Sesi\u00f3n del D\u00eda 10 de Agosto del 2009<\/a><br \/>\n<a href=\"http:\/\/www.congresocoahuila.gob.mx\/portal\/wp-content\/uploads\/2014\/11\/20092pr1s7.pdf\">Sesi\u00f3n del D\u00eda 18 de Agosto del 2009<\/a><br \/>\n<a href=\"http:\/\/www.congresocoahuila.gob.mx\/portal\/wp-content\/uploads\/2014\/11\/20092pr1s8.pdf\">Sesi\u00f3n del D\u00eda 25 de Agosto del 2009<\/a><br \/>\n<a href=\"http:\/\/www.congresocoahuila.gob.mx\/portal\/wp-content\/uploads\/2014\/11\/20092pr1s9.pdf\">Sesi\u00f3n del D\u00eda 1 de Septiembre del 2009<\/a><\/p>\n<p><a href=\"http:\/\/www.congresocoahuila.gob.mx\/portal\/wp-content\/uploads\/2014\/11\/20092pr1s10Sol.pdf\">Sesi\u00f3n Solemne, 10 de Septiembre del 2009 \u00ab150 Aniversario del Registro Civil en M\u00e9xico\u00bb<\/a><\/p>\n<p><a href=\"http:\/\/www.congresocoahuila.gob.mx\/portal\/wp-content\/uploads\/2014\/11\/20092pr1s11.pdf\">Sesi\u00f3n del D\u00eda 22 de Septiembre del 2009<\/a><br \/>\n<a href=\"http:\/\/www.congresocoahuila.gob.mx\/portal\/wp-content\/uploads\/2014\/11\/20092pr1s12.pdf\">Sesi\u00f3n del D\u00eda 30 de Septiembre del 2009<\/a><\/p>\n","protected":false},"excerpt":{"rendered":"<p>PRIMER A\u00d1O DE EJERCICIO CONSTITUCIONAL 2009 SEGUNDO PER\u00cdODO DE RECESO Sesi\u00f3n del D\u00eda 1 de Julio del 2009 Sesi\u00f3n del D\u00eda 7 de Julio del 2009 Sesi\u00f3n del D\u00eda 14 de Julio del 2009 Sesi\u00f3n del D\u00eda 29 de Julio del 2009 Sesi\u00f3n del D\u00eda 4 de Agosto del 2009 Sesi\u00f3n del D\u00eda 10 de [&hellip;]<\/p>\n","protected":false},"author":3,"featured_media":0,"parent":0,"menu_order":0,"comment_status":"closed","ping_status":"closed","template":"","meta":{"footnotes":""},"categories":[],"tags":[],"class_list":["post-3313","page","type-page","status-publish","hentry"],"_links":{"self":[{"href":"https:\/\/www.congresocoahuila.gob.mx\/portal\/wp-json\/wp\/v2\/pages\/3313","targetHints":{"allow":["GET"]}}],"collection":[{"href":"https:\/\/www.congresocoahuila.gob.mx\/portal\/wp-json\/wp\/v2\/pages"}],"about":[{"href":"https:\/\/www.congresocoahuila.gob.mx\/portal\/wp-json\/wp\/v2\/types\/page"}],"author":[{"embeddable":true,"href":"https:\/\/www.congresocoahuila.gob.mx\/portal\/wp-json\/wp\/v2\/users\/3"}],"replies":[{"embeddable":true,"href":"https:\/\/www.congresocoahuila.gob.mx\/portal\/wp-json\/wp\/v2\/comments?post=3313"}],"version-history":[{"count":0,"href":"https:\/\/www.congresocoahuila.gob.mx\/portal\/wp-json\/wp\/v2\/pages\/3313\/revisions"}],"wp:attachment":[{"href":"https:\/\/www.congresocoahuila.gob.mx\/portal\/wp-json\/wp\/v2\/media?parent=3313"}],"wp:term":[{"taxonomy":"category","embeddable":true,"href":"https:\/\/www.congresocoahuila.gob.mx\/portal\/wp-json\/wp\/v2\/categories?post=3313"},{"taxonomy":"post_tag","embeddable":true,"href":"https:\/\/www.congresocoahuila.gob.mx\/portal\/wp-json\/wp\/v2\/tags?post=3313"}],"curies":[{"name":"wp","href":"https:\/\/api.w.org\/{rel}","templated":true}]}}