{"id":33180,"date":"2019-02-19T14:21:44","date_gmt":"2019-02-19T20:21:44","guid":{"rendered":"http:\/\/congresocoahuila.gob.mx\/portal\/?page_id=33180"},"modified":"2019-02-19T14:27:28","modified_gmt":"2019-02-19T20:27:28","slug":"primer-periodo-extraordinario-de-la-lxi-legislatura-2019","status":"publish","type":"page","link":"https:\/\/www.congresocoahuila.gob.mx\/portal\/primer-periodo-extraordinario-de-la-lxi-legislatura-2019\/","title":{"rendered":"PRIMER PER\u00cdODO EXTRAORDINARIO DE LA LXI LEGISLATURA 2019"},"content":{"rendered":"<p><a href=\"https:\/\/congresocoahuila.gob.mx\/transparencia\/ART\/26\/05\/1ER_PERIODO_EXTRA_2019\/PPE_S01_20190218.pdf\">Sesi\u00f3n del Per\u00edodo Extraordinario del d\u00eda 18 de febrero de 2019<\/a><\/p>\n","protected":false},"excerpt":{"rendered":"<p>Sesi\u00f3n del Per\u00edodo Extraordinario del d\u00eda 18 de febrero de 2019<\/p>\n","protected":false},"author":5,"featured_media":0,"parent":0,"menu_order":0,"comment_status":"closed","ping_status":"closed","template":"","meta":{"footnotes":""},"categories":[],"tags":[],"class_list":["post-33180","page","type-page","status-publish","hentry"],"_links":{"self":[{"href":"https:\/\/www.congresocoahuila.gob.mx\/portal\/wp-json\/wp\/v2\/pages\/33180","targetHints":{"allow":["GET"]}}],"collection":[{"href":"https:\/\/www.congresocoahuila.gob.mx\/portal\/wp-json\/wp\/v2\/pages"}],"about":[{"href":"https:\/\/www.congresocoahuila.gob.mx\/portal\/wp-json\/wp\/v2\/types\/page"}],"author":[{"embeddable":true,"href":"https:\/\/www.congresocoahuila.gob.mx\/portal\/wp-json\/wp\/v2\/users\/5"}],"replies":[{"embeddable":true,"href":"https:\/\/www.congresocoahuila.gob.mx\/portal\/wp-json\/wp\/v2\/comments?post=33180"}],"version-history":[{"count":2,"href":"https:\/\/www.congresocoahuila.gob.mx\/portal\/wp-json\/wp\/v2\/pages\/33180\/revisions"}],"predecessor-version":[{"id":33184,"href":"https:\/\/www.congresocoahuila.gob.mx\/portal\/wp-json\/wp\/v2\/pages\/33180\/revisions\/33184"}],"wp:attachment":[{"href":"https:\/\/www.congresocoahuila.gob.mx\/portal\/wp-json\/wp\/v2\/media?parent=33180"}],"wp:term":[{"taxonomy":"category","embeddable":true,"href":"https:\/\/www.congresocoahuila.gob.mx\/portal\/wp-json\/wp\/v2\/categories?post=33180"},{"taxonomy":"post_tag","embeddable":true,"href":"https:\/\/www.congresocoahuila.gob.mx\/portal\/wp-json\/wp\/v2\/tags?post=33180"}],"curies":[{"name":"wp","href":"https:\/\/api.w.org\/{rel}","templated":true}]}}