{"id":3319,"date":"2014-11-24T15:16:21","date_gmt":"2014-11-24T21:16:21","guid":{"rendered":"http:\/\/www.congresocoahuila.gob.mx\/portal\/?page_id=3319"},"modified":"2014-11-24T15:16:21","modified_gmt":"2014-11-24T21:16:21","slug":"articulo-21-xxiii-2009-5","status":"publish","type":"page","link":"https:\/\/www.congresocoahuila.gob.mx\/portal\/articulo-21-xxiii-2009-5\/","title":{"rendered":"SEGUNDO PER\u00cdODO ORDINARIO-2009"},"content":{"rendered":"<p><strong>PRIMER A\u00d1O DE EJERCICIO CONSTITUCIONAL 2009<br \/>\nSEGUNDO PER\u00cdODO ORDINARIO<\/strong><\/p>\n<p><a href=\"http:\/\/www.congresocoahuila.gob.mx\/portal\/wp-content\/uploads\/2014\/11\/20092po1s1.pdf\">Sesi\u00f3n del D\u00eda 1 de Octubre del 2009<\/a><br \/>\n<a href=\"http:\/\/www.congresocoahuila.gob.mx\/portal\/wp-content\/uploads\/2014\/11\/20092po1s2.pdf\">Sesi\u00f3n del D\u00eda 6 de Octubre del 2009<\/a><br \/>\n<a href=\"http:\/\/www.congresocoahuila.gob.mx\/portal\/wp-content\/uploads\/2014\/11\/20092po1s3.pdf\">Sesi\u00f3n del D\u00eda 20 de Octubre del 2009<\/a><br \/>\n<a href=\"http:\/\/www.congresocoahuila.gob.mx\/portal\/wp-content\/uploads\/2014\/11\/20092po1s4.pdf\">Sesi\u00f3n del D\u00eda 27 de Octubre del 2009<\/a><br \/>\n<a href=\"http:\/\/www.congresocoahuila.gob.mx\/portal\/wp-content\/uploads\/2014\/11\/20092po1s5.pdf\">Sesi\u00f3n del D\u00eda 4 de Noviembre del 2009<\/a><br \/>\n<a href=\"http:\/\/www.congresocoahuila.gob.mx\/portal\/wp-content\/uploads\/2014\/11\/20092po1s6.pdf\">Sesi\u00f3n del D\u00eda 10 de Noviembre del 2009<\/a><br \/>\n<a href=\"http:\/\/www.congresocoahuila.gob.mx\/portal\/wp-content\/uploads\/2014\/11\/20092po1s7.pdf\">Sesi\u00f3n del D\u00eda 18 de Noviembre del 2009<\/a><br \/>\n<a href=\"http:\/\/www.congresocoahuila.gob.mx\/portal\/wp-content\/uploads\/2014\/11\/20092po1s8.pdf\">Sesi\u00f3n del D\u00eda 24 de Noviembre  del 2009<\/a><br \/>\n<a href=\"http:\/\/www.congresocoahuila.gob.mx\/portal\/wp-content\/uploads\/2014\/11\/20092po1s9.pdf\">Sesi\u00f3n del D\u00eda 30 de Noviembre del 2009<\/a><br \/>\n<a href=\"http:\/\/www.congresocoahuila.gob.mx\/portal\/wp-content\/uploads\/2014\/11\/20092po1s10.pdf\">Sesi\u00f3n del D\u00eda 1 de Diciembre del 2009<\/a><br \/>\n<a href=\"http:\/\/www.congresocoahuila.gob.mx\/portal\/wp-content\/uploads\/2014\/11\/20092po1s11.pdf\">Sesi\u00f3n del D\u00eda 8 de Diciembre del 2009<\/a><br \/>\n<a href=\"http:\/\/www.congresocoahuila.gob.mx\/portal\/wp-content\/uploads\/2014\/11\/20092po1s12.pdf\">Sesi\u00f3n del D\u00eda 15 de Diciembre del 2009<\/a><br \/>\n<a href=\"http:\/\/www.congresocoahuila.gob.mx\/portal\/wp-content\/uploads\/2014\/11\/20092po1s13.pdf\">Sesi\u00f3n del D\u00eda 31 de Diciembre del 2009<\/a><\/p>\n","protected":false},"excerpt":{"rendered":"<p>PRIMER A\u00d1O DE EJERCICIO CONSTITUCIONAL 2009 SEGUNDO PER\u00cdODO ORDINARIO Sesi\u00f3n del D\u00eda 1 de Octubre del 2009 Sesi\u00f3n del D\u00eda 6 de Octubre del 2009 Sesi\u00f3n del D\u00eda 20 de Octubre del 2009 Sesi\u00f3n del D\u00eda 27 de Octubre del 2009 Sesi\u00f3n del D\u00eda 4 de Noviembre del 2009 Sesi\u00f3n del D\u00eda 10 de Noviembre [&hellip;]<\/p>\n","protected":false},"author":3,"featured_media":0,"parent":0,"menu_order":0,"comment_status":"closed","ping_status":"closed","template":"","meta":{"footnotes":""},"categories":[],"tags":[],"class_list":["post-3319","page","type-page","status-publish","hentry"],"_links":{"self":[{"href":"https:\/\/www.congresocoahuila.gob.mx\/portal\/wp-json\/wp\/v2\/pages\/3319","targetHints":{"allow":["GET"]}}],"collection":[{"href":"https:\/\/www.congresocoahuila.gob.mx\/portal\/wp-json\/wp\/v2\/pages"}],"about":[{"href":"https:\/\/www.congresocoahuila.gob.mx\/portal\/wp-json\/wp\/v2\/types\/page"}],"author":[{"embeddable":true,"href":"https:\/\/www.congresocoahuila.gob.mx\/portal\/wp-json\/wp\/v2\/users\/3"}],"replies":[{"embeddable":true,"href":"https:\/\/www.congresocoahuila.gob.mx\/portal\/wp-json\/wp\/v2\/comments?post=3319"}],"version-history":[{"count":0,"href":"https:\/\/www.congresocoahuila.gob.mx\/portal\/wp-json\/wp\/v2\/pages\/3319\/revisions"}],"wp:attachment":[{"href":"https:\/\/www.congresocoahuila.gob.mx\/portal\/wp-json\/wp\/v2\/media?parent=3319"}],"wp:term":[{"taxonomy":"category","embeddable":true,"href":"https:\/\/www.congresocoahuila.gob.mx\/portal\/wp-json\/wp\/v2\/categories?post=3319"},{"taxonomy":"post_tag","embeddable":true,"href":"https:\/\/www.congresocoahuila.gob.mx\/portal\/wp-json\/wp\/v2\/tags?post=3319"}],"curies":[{"name":"wp","href":"https:\/\/api.w.org\/{rel}","templated":true}]}}