{"id":33232,"date":"2019-02-21T12:41:55","date_gmt":"2019-02-21T18:41:55","guid":{"rendered":"http:\/\/congresocoahuila.gob.mx\/portal\/?page_id=33232"},"modified":"2020-02-06T13:52:15","modified_gmt":"2020-02-06T19:52:15","slug":"edgar-gerardo-sanchez-garza","status":"publish","type":"page","link":"https:\/\/www.congresocoahuila.gob.mx\/portal\/edgar-gerardo-sanchez-garza\/","title":{"rendered":"\u00c9DGAR GERARDO S\u00c1NCHEZ GARZA"},"content":{"rendered":"<table style=\"height: 215px;\" border=\"0\" width=\"459\" cellspacing=\"0\" cellpadding=\"0\">\n<tbody>\n<tr style=\"height: 215px;\">\n<td style=\"height: 215px;\" bgcolor=\"#FFFFFF\" width=\"165\">\n<p style=\"text-align: center;\">&nbsp;<img loading=\"lazy\" decoding=\"async\" class=\"alignnone wp-image-33967 size-full\" src=\"http:\/\/congresocoahuila.gob.mx\/portal\/wp-content\/uploads\/2014\/12\/04-4.jpg\" alt=\"\" width=\"218\" height=\"266\"><\/p>\n<\/td>\n<td style=\"text-align: left; height: 215px;\" valign=\"middle\" bgcolor=\"#FFFFFF\" width=\"425\"><strong><b>GESTIONES 2019<\/b><br \/>\n<\/strong><a href=\"http:\/\/Congresocoahuila.gob.mx\/transparencia\/ART\/26\/13\/INF\/ENERO\/DIP_EDGAR_SANCHEZ.docx\">Enero<\/a><br \/>\n<a href=\"http:\/\/Congresocoahuila.gob.mx\/transparencia\/ART\/26\/13\/INF\/FEBRERO\/DIP_EDGAR_SANCHEZ.docx\">Febrero<\/a><br \/>\n<a href=\"https:\/\/congresocoahuila.gob.mx\/transparencia\/ART\/26\/13\/INF\/MARZO\/DIP_EDGAR_GERARDO_SANCHEZ.docx\">Marzo<\/a><br \/>\n<a href=\"https:\/\/congresocoahuila.gob.mx\/transparencia\/ART\/26\/13\/INF\/ABRIL\/DIP_EDGAR_GERARDO_SANCHEZ.docx\">Abril<\/a><br \/>\n<a href=\"https:\/\/congresocoahuila.gob.mx\/transparencia\/ART\/26\/13\/INF\/MAYO\/DIP_EDGAR_GERARDO_SANCHEZ_MAYO.docx\">Mayo<\/a><br \/>\n<a href=\"https:\/\/congresocoahuila.gob.mx\/transparencia\/ART\/26\/13\/INF\/JUNIO\/DIP_EDGAR_GERARDO_SANCHEZ_JUNIO.docx\">Junio<\/a><br \/>\n<a href=\"https:\/\/congresocoahuila.gob.mx\/transparencia\/ART\/26\/13\/INF\/JULIO\/DIP_EDGAR_SANCHEZ_JULIO.docx\">Julio<\/a><br \/>\n<a href=\"https:\/\/congresocoahuila.gob.mx\/transparencia\/ART\/26\/13\/INF\/AGOSTO\/DIP_EDGAR_SANCHEZ_AGOSTO.docx\">Agosto<\/a><br \/>\n<a href=\"https:\/\/congresocoahuila.gob.mx\/transparencia\/ART\/26\/13\/INF\/SEPTIEMBRE\/DIP_EDGAR_SANCHEZ_SEPTIEMBRE.docx\">Septiembre<\/a><br \/>\n<a href=\"https:\/\/congresocoahuila.gob.mx\/transparencia\/ART\/26\/13\/INF\/OCTUBRE\/DIP_EDGAR_SANCHEZ_OCTUBRE.docx\">Octubre<\/a><br \/>\n<a href=\"https:\/\/congresocoahuila.gob.mx\/transparencia\/ART\/26\/13\/INF\/NOVIEMBRE\/DIP_EDGAR_GERARDO_SANCHEZ_NOVIEMBRE.docx\">Noviembre<\/a><br \/>\n<a href=\"https:\/\/congresocoahuila.gob.mx\/transparencia\/ART\/26\/13\/INF\/DICIEMBRE\/DIP_EDGAR_GERARDO_SANCHEZ_DICIEMBRE.docx\">Diciembre<\/a><\/td>\n<\/tr>\n<\/tbody>\n<\/table>\n<p><strong>Direcci\u00f3n Casa de Gesti\u00f3n:<\/strong><br \/>\nCalle 16 de Septiembre, N\u00fam.19, Zona Centro, San Pedro, Coahuila.<\/p>\n","protected":false},"excerpt":{"rendered":"<p>&nbsp; GESTIONES 2019 Enero Febrero Marzo Abril Mayo Junio Julio Agosto Septiembre Octubre Noviembre Diciembre Direcci\u00f3n Casa de Gesti\u00f3n: Calle 16 de Septiembre, N\u00fam.19, Zona Centro, San Pedro, Coahuila.<\/p>\n","protected":false},"author":6,"featured_media":0,"parent":0,"menu_order":0,"comment_status":"closed","ping_status":"closed","template":"","meta":{"footnotes":""},"categories":[],"tags":[],"class_list":["post-33232","page","type-page","status-publish","hentry"],"_links":{"self":[{"href":"https:\/\/www.congresocoahuila.gob.mx\/portal\/wp-json\/wp\/v2\/pages\/33232","targetHints":{"allow":["GET"]}}],"collection":[{"href":"https:\/\/www.congresocoahuila.gob.mx\/portal\/wp-json\/wp\/v2\/pages"}],"about":[{"href":"https:\/\/www.congresocoahuila.gob.mx\/portal\/wp-json\/wp\/v2\/types\/page"}],"author":[{"embeddable":true,"href":"https:\/\/www.congresocoahuila.gob.mx\/portal\/wp-json\/wp\/v2\/users\/6"}],"replies":[{"embeddable":true,"href":"https:\/\/www.congresocoahuila.gob.mx\/portal\/wp-json\/wp\/v2\/comments?post=33232"}],"version-history":[{"count":21,"href":"https:\/\/www.congresocoahuila.gob.mx\/portal\/wp-json\/wp\/v2\/pages\/33232\/revisions"}],"predecessor-version":[{"id":36848,"href":"https:\/\/www.congresocoahuila.gob.mx\/portal\/wp-json\/wp\/v2\/pages\/33232\/revisions\/36848"}],"wp:attachment":[{"href":"https:\/\/www.congresocoahuila.gob.mx\/portal\/wp-json\/wp\/v2\/media?parent=33232"}],"wp:term":[{"taxonomy":"category","embeddable":true,"href":"https:\/\/www.congresocoahuila.gob.mx\/portal\/wp-json\/wp\/v2\/categories?post=33232"},{"taxonomy":"post_tag","embeddable":true,"href":"https:\/\/www.congresocoahuila.gob.mx\/portal\/wp-json\/wp\/v2\/tags?post=33232"}],"curies":[{"name":"wp","href":"https:\/\/api.w.org\/{rel}","templated":true}]}}