{"id":33263,"date":"2019-02-21T13:52:11","date_gmt":"2019-02-21T19:52:11","guid":{"rendered":"http:\/\/congresocoahuila.gob.mx\/portal\/?page_id=33263"},"modified":"2020-02-06T14:39:21","modified_gmt":"2020-02-06T20:39:21","slug":"maria-eugenia-cazares-martinez","status":"publish","type":"page","link":"https:\/\/www.congresocoahuila.gob.mx\/portal\/maria-eugenia-cazares-martinez\/","title":{"rendered":"MAR\u00cdA EUGENIA C\u00c1ZARES MART\u00cdNEZ"},"content":{"rendered":"<table border=\"0\" width=\"459\" cellspacing=\"0\" cellpadding=\"0\">\n<tbody>\n<tr>\n<td style=\"width: 120px;\" bgcolor=\"#FFFFFF\" width=\"165\">\n<h4 style=\"text-align: center;\"><img loading=\"lazy\" decoding=\"async\" class=\"alignnone size-full wp-image-12006\" src=\"http:\/\/congresocoahuila.gob.mx\/portal\/wp-content\/uploads\/2014\/12\/11-4.jpg\" alt=\"_MG_7917_icono\" width=\"218\" height=\"266\"><\/h4>\n<p style=\"text-align: center;\">\n<\/td>\n<td style=\"text-align: left; width: 337px;\" valign=\"middle\" bgcolor=\"#FFFFFF\" width=\"425\"><strong><b>GESTIONES 2019<\/b><br \/>\n<\/strong><a href=\"https:\/\/congresocoahuila.gob.mx\/transparencia\/ART\/26\/13\/INF\/ENERO\/DIP_MARIA_EUGENIA_CAZARES_MARTINEZ.docx\">Enero<\/a><br \/>\n<a href=\"https:\/\/congresocoahuila.gob.mx\/transparencia\/ART\/26\/13\/INF\/FEBRERO\/DIP_MARIA_EUGENIA_CAZARES_MARTINEZ.docx\">Febrero<\/a><br \/>\n<a href=\"https:\/\/congresocoahuila.gob.mx\/transparencia\/ART\/26\/13\/INF\/MARZO\/DIP_MARIA_EUGENIA_CAZARES_MARTINEZ.docx\">Marzo<\/a><br \/>\n<a href=\"https:\/\/congresocoahuila.gob.mx\/transparencia\/ART\/26\/13\/INF\/ABRIL\/DIP_MARIA_EUGENIA_CAZARES_MARTINEZ.docx\">Abril<\/a><br \/>\n<a href=\"https:\/\/congresocoahuila.gob.mx\/transparencia\/ART\/26\/13\/INF\/MAYO\/DIP_MARIA_EUGENIA_CAZARES_MARTINEZ_MAYO.docx\">Mayo<\/a><br \/>\n<a href=\"https:\/\/congresocoahuila.gob.mx\/transparencia\/ART\/26\/13\/INF\/JUNIO\/DIP_MARIA_EUGENIA_CAZARES_MARTINEZ_JUNIO.docx\">Junio<\/a><br \/>\n<a href=\"https:\/\/congresocoahuila.gob.mx\/transparencia\/ART\/26\/13\/INF\/JULIO\/DIP_MARIA_EUGENIA_CAZARES_MARTINEZ_JULIO.docx\">Julio<\/a><br \/>\n<a href=\"https:\/\/congresocoahuila.gob.mx\/transparencia\/ART\/26\/13\/INF\/AGOSTO\/DIP_MARIA_EUGENIA_CAZARES_MARTINEZ_AGOSTO.docx\">Agosto<\/a><br \/>\n<a href=\"https:\/\/congresocoahuila.gob.mx\/transparencia\/ART\/26\/13\/INF\/SEPTIEMBRE\/DIP_MARIA_EUGENIA_CAZARES_MARTINEZ_SEPTIEMBRE.docx\">Septiembre<\/a><br \/>\n<a href=\"https:\/\/congresocoahuila.gob.mx\/transparencia\/ART\/26\/13\/INF\/OCTUBRE\/DIP_MARIA_EUGENIA_CAZARES_MARTINEZ_OCTUBRE.docx\">Octubre<\/a><br \/>\n<a href=\"https:\/\/congresocoahuila.gob.mx\/transparencia\/ART\/26\/13\/INF\/NOVIEMBRE\/DIP_MARIA_EUGENIA_CAZARES_MARTINEZ_NOVIEMBRE.docx\">Noviembre<\/a><br \/>\n<a href=\"https:\/\/congresocoahuila.gob.mx\/transparencia\/ART\/26\/13\/INF\/DICIEMBRE\/DIP_MARIA_EUGENIA_CAZARES_MARTINEZ_DICIEMBRE.docx\">Diciembre<\/a><\/td>\n<\/tr>\n<\/tbody>\n<\/table>\n<p><strong>Direcci\u00f3n Casa de Gesti\u00f3n: <\/strong><br \/>\nCalle Comonfort, N\u00fam. 344 Sur, Zona Centro, C.P. 27000,Torre\u00f3n, Coahuila<\/p>\n","protected":false},"excerpt":{"rendered":"<p>GESTIONES 2019 Enero Febrero Marzo Abril Mayo Junio Julio Agosto Septiembre Octubre Noviembre Diciembre Direcci\u00f3n Casa de Gesti\u00f3n: Calle Comonfort, N\u00fam. 344 Sur, Zona Centro, C.P. 27000,Torre\u00f3n, Coahuila<\/p>\n","protected":false},"author":6,"featured_media":0,"parent":0,"menu_order":0,"comment_status":"closed","ping_status":"closed","template":"","meta":{"footnotes":""},"categories":[],"tags":[],"class_list":["post-33263","page","type-page","status-publish","hentry"],"_links":{"self":[{"href":"https:\/\/www.congresocoahuila.gob.mx\/portal\/wp-json\/wp\/v2\/pages\/33263","targetHints":{"allow":["GET"]}}],"collection":[{"href":"https:\/\/www.congresocoahuila.gob.mx\/portal\/wp-json\/wp\/v2\/pages"}],"about":[{"href":"https:\/\/www.congresocoahuila.gob.mx\/portal\/wp-json\/wp\/v2\/types\/page"}],"author":[{"embeddable":true,"href":"https:\/\/www.congresocoahuila.gob.mx\/portal\/wp-json\/wp\/v2\/users\/6"}],"replies":[{"embeddable":true,"href":"https:\/\/www.congresocoahuila.gob.mx\/portal\/wp-json\/wp\/v2\/comments?post=33263"}],"version-history":[{"count":13,"href":"https:\/\/www.congresocoahuila.gob.mx\/portal\/wp-json\/wp\/v2\/pages\/33263\/revisions"}],"predecessor-version":[{"id":36857,"href":"https:\/\/www.congresocoahuila.gob.mx\/portal\/wp-json\/wp\/v2\/pages\/33263\/revisions\/36857"}],"wp:attachment":[{"href":"https:\/\/www.congresocoahuila.gob.mx\/portal\/wp-json\/wp\/v2\/media?parent=33263"}],"wp:term":[{"taxonomy":"category","embeddable":true,"href":"https:\/\/www.congresocoahuila.gob.mx\/portal\/wp-json\/wp\/v2\/categories?post=33263"},{"taxonomy":"post_tag","embeddable":true,"href":"https:\/\/www.congresocoahuila.gob.mx\/portal\/wp-json\/wp\/v2\/tags?post=33263"}],"curies":[{"name":"wp","href":"https:\/\/api.w.org\/{rel}","templated":true}]}}