{"id":33269,"date":"2019-02-21T14:03:45","date_gmt":"2019-02-21T20:03:45","guid":{"rendered":"http:\/\/congresocoahuila.gob.mx\/portal\/?page_id=33269"},"modified":"2020-02-06T14:23:16","modified_gmt":"2020-02-06T20:23:16","slug":"jaime-bueno-zertuche","status":"publish","type":"page","link":"https:\/\/www.congresocoahuila.gob.mx\/portal\/jaime-bueno-zertuche\/","title":{"rendered":"Jaime Bueno Zertuche"},"content":{"rendered":"<table border=\"0\" width=\"459\" cellspacing=\"0\" cellpadding=\"0\">\n<tbody>\n<tr>\n<td style=\"width: 122px;\" bgcolor=\"#FFFFFF\" width=\"165\">\n<h3>&nbsp;<img loading=\"lazy\" decoding=\"async\" class=\"alignnone size-full wp-image-12005\" src=\"http:\/\/congresocoahuila.gob.mx\/portal\/wp-content\/uploads\/2014\/12\/13-3.jpg\" alt=\"_MG_7914_icono\" width=\"218\" height=\"266\"><\/h3>\n<p style=\"text-align: center;\"><strong>&nbsp;<\/strong><\/p>\n<\/td>\n<td style=\"text-align: left; width: 335px;\" valign=\"middle\" bgcolor=\"#FFFFFF\" width=\"425\"><strong style=\"font-family: inherit;\"><b>GESTIONES 2019<\/b><\/strong><br \/>\n<a href=\"https:\/\/congresocoahuila.gob.mx\/transparencia\/ART\/26\/13\/INF\/ENERO\/JAIME_BUENO_ZERTUCHE.pdf\">Enero<\/a><br \/>\n<a href=\"https:\/\/congresocoahuila.gob.mx\/transparencia\/ART\/26\/13\/INF\/FEBRERO\/JAIME_BUENO_ZERTUCHE.pdf\">Febrero<\/a><br \/>\n<a href=\"https:\/\/congresocoahuila.gob.mx\/transparencia\/ART\/26\/13\/INF\/MARZO\/DIP_JAIME_BUENO_ZERTUCHE.pdf\">Marzo<\/a><br \/>\n<a href=\"https:\/\/congresocoahuila.gob.mx\/transparencia\/ART\/26\/13\/INF\/ABRIL\/JAIME_BUENO_ZERTUCHE.pdf\">Abril<\/a><br \/>\n<a href=\"https:\/\/congresocoahuila.gob.mx\/transparencia\/ART\/26\/13\/INF\/MAYO\/JAIME_BUENO_ZERTUCHE_MAYO.pdf\">Mayo<\/a><br \/>\n<a href=\"https:\/\/congresocoahuila.gob.mx\/transparencia\/ART\/26\/13\/INF\/JUNIO\/JAIME_BUENO_ZERTUCHE_JUNIO.pdf\">Junio<\/a><br \/>\n<a href=\"https:\/\/congresocoahuila.gob.mx\/transparencia\/ART\/26\/13\/INF\/JULIO\/DIP_JAIME_BUENO_ZERTUCHE_JULIO.pdf\">Julio<\/a><br \/>\n<a href=\"https:\/\/congresocoahuila.gob.mx\/transparencia\/ART\/26\/13\/INF\/AGOSTO\/DIP_JAIME_BUENO_ZERTUCHE_AGOSTO.docx\">Agosto<\/a><br \/>\n<a href=\"https:\/\/congresocoahuila.gob.mx\/transparencia\/ART\/26\/13\/INF\/SEPTIEMBRE\/DIP_JAIME_BUENO_ZERTUCHE_SEPTIEMBRE.docx\">Septiembre<\/a><br \/>\n<a href=\"https:\/\/congresocoahuila.gob.mx\/transparencia\/ART\/26\/13\/INF\/OCTUBRE\/DIP_JAIME_BUENO_ZERTUCHE_OCTUBRE.docx\">Octubre<\/a><br \/>\n<a href=\"https:\/\/congresocoahuila.gob.mx\/transparencia\/ART\/26\/13\/INF\/NOVIEMBRE\/DIP_JAIME_BUENO_ZERTUCHE_NOVIEMBRE.docx\">Noviembre<\/a><br \/>\n<a href=\"https:\/\/congresocoahuila.gob.mx\/transparencia\/ART\/26\/13\/INF\/DICIEMBRE\/DIP_JAIME_BUENO_ZERTUCHE_DICIEMBRE.docx\">Diciembre<\/a><\/td>\n<\/tr>\n<\/tbody>\n<\/table>\n<p><strong>Direcci\u00f3n Casa de Gesti\u00f3n:<\/strong><br \/>\nBlvd. Francisco Coss, N\u00fam. 570, Colonia Centro, Saltillo, Coahuila<\/p>\n","protected":false},"excerpt":{"rendered":"<p>&nbsp; &nbsp; GESTIONES 2019 Enero Febrero Marzo Abril Mayo Junio Julio Agosto Septiembre Octubre Noviembre Diciembre Direcci\u00f3n Casa de Gesti\u00f3n: Blvd. Francisco Coss, N\u00fam. 570, Colonia Centro, Saltillo, Coahuila<\/p>\n","protected":false},"author":6,"featured_media":0,"parent":0,"menu_order":0,"comment_status":"closed","ping_status":"closed","template":"","meta":{"footnotes":""},"categories":[],"tags":[],"class_list":["post-33269","page","type-page","status-publish","hentry"],"_links":{"self":[{"href":"https:\/\/www.congresocoahuila.gob.mx\/portal\/wp-json\/wp\/v2\/pages\/33269","targetHints":{"allow":["GET"]}}],"collection":[{"href":"https:\/\/www.congresocoahuila.gob.mx\/portal\/wp-json\/wp\/v2\/pages"}],"about":[{"href":"https:\/\/www.congresocoahuila.gob.mx\/portal\/wp-json\/wp\/v2\/types\/page"}],"author":[{"embeddable":true,"href":"https:\/\/www.congresocoahuila.gob.mx\/portal\/wp-json\/wp\/v2\/users\/6"}],"replies":[{"embeddable":true,"href":"https:\/\/www.congresocoahuila.gob.mx\/portal\/wp-json\/wp\/v2\/comments?post=33269"}],"version-history":[{"count":23,"href":"https:\/\/www.congresocoahuila.gob.mx\/portal\/wp-json\/wp\/v2\/pages\/33269\/revisions"}],"predecessor-version":[{"id":36853,"href":"https:\/\/www.congresocoahuila.gob.mx\/portal\/wp-json\/wp\/v2\/pages\/33269\/revisions\/36853"}],"wp:attachment":[{"href":"https:\/\/www.congresocoahuila.gob.mx\/portal\/wp-json\/wp\/v2\/media?parent=33269"}],"wp:term":[{"taxonomy":"category","embeddable":true,"href":"https:\/\/www.congresocoahuila.gob.mx\/portal\/wp-json\/wp\/v2\/categories?post=33269"},{"taxonomy":"post_tag","embeddable":true,"href":"https:\/\/www.congresocoahuila.gob.mx\/portal\/wp-json\/wp\/v2\/tags?post=33269"}],"curies":[{"name":"wp","href":"https:\/\/api.w.org\/{rel}","templated":true}]}}