{"id":33293,"date":"2019-02-22T14:36:50","date_gmt":"2019-02-22T20:36:50","guid":{"rendered":"http:\/\/congresocoahuila.gob.mx\/portal\/?page_id=33293"},"modified":"2019-02-23T17:04:51","modified_gmt":"2019-02-23T23:04:51","slug":"obligaciones-de-transparencia-federal","status":"publish","type":"page","link":"https:\/\/www.congresocoahuila.gob.mx\/portal\/obligaciones-de-transparencia-federal\/","title":{"rendered":"OBLIGACIONES DE TRANSPARENCIA (FEDERAL)"},"content":{"rendered":"<p><a href=\"http:\/\/congresocoahuila.gob.mx\/portal\/tabla-de-aplicabilidad-de-la-ley-general-de-transparencia\">TABLA DE APLICABILIDAD DE LA LEY GENERAL DE TRANSPARENCIA<\/a><\/p>\n<p><a href=\"https:\/\/congresocoahuila.gob.mx\/transparencia\/00\/TABLA_ACTUALIZACION_CONSERVACION\/ACTUALIZACION_CONSERVACION.docx\">TABLA DE ACTUALIZACI\u00d3N Y CONSERVACI\u00d3N DE LA INFORMACI\u00d3N P\u00daBLICA DERIVADA DE LAS OBLIGACIONES DE TRANSPARENCIA<\/a><\/p>\n<p><a href=\"https:\/\/www.plataformadetransparencia.org.mx\/web\/guest\/inicio#_buscadoresportlet_WAR_buscadoresportlet__cadenaBusqueda\">PLATAFORMA NACIONAL DE TRANSPARENCIA<\/a><\/p>\n","protected":false},"excerpt":{"rendered":"<p>TABLA DE APLICABILIDAD DE LA LEY GENERAL DE TRANSPARENCIA TABLA DE ACTUALIZACI\u00d3N Y CONSERVACI\u00d3N DE LA INFORMACI\u00d3N P\u00daBLICA DERIVADA DE LAS OBLIGACIONES DE TRANSPARENCIA PLATAFORMA NACIONAL DE TRANSPARENCIA<\/p>\n","protected":false},"author":6,"featured_media":0,"parent":0,"menu_order":0,"comment_status":"closed","ping_status":"closed","template":"","meta":{"footnotes":""},"categories":[],"tags":[],"class_list":["post-33293","page","type-page","status-publish","hentry"],"_links":{"self":[{"href":"https:\/\/www.congresocoahuila.gob.mx\/portal\/wp-json\/wp\/v2\/pages\/33293","targetHints":{"allow":["GET"]}}],"collection":[{"href":"https:\/\/www.congresocoahuila.gob.mx\/portal\/wp-json\/wp\/v2\/pages"}],"about":[{"href":"https:\/\/www.congresocoahuila.gob.mx\/portal\/wp-json\/wp\/v2\/types\/page"}],"author":[{"embeddable":true,"href":"https:\/\/www.congresocoahuila.gob.mx\/portal\/wp-json\/wp\/v2\/users\/6"}],"replies":[{"embeddable":true,"href":"https:\/\/www.congresocoahuila.gob.mx\/portal\/wp-json\/wp\/v2\/comments?post=33293"}],"version-history":[{"count":4,"href":"https:\/\/www.congresocoahuila.gob.mx\/portal\/wp-json\/wp\/v2\/pages\/33293\/revisions"}],"predecessor-version":[{"id":33307,"href":"https:\/\/www.congresocoahuila.gob.mx\/portal\/wp-json\/wp\/v2\/pages\/33293\/revisions\/33307"}],"wp:attachment":[{"href":"https:\/\/www.congresocoahuila.gob.mx\/portal\/wp-json\/wp\/v2\/media?parent=33293"}],"wp:term":[{"taxonomy":"category","embeddable":true,"href":"https:\/\/www.congresocoahuila.gob.mx\/portal\/wp-json\/wp\/v2\/categories?post=33293"},{"taxonomy":"post_tag","embeddable":true,"href":"https:\/\/www.congresocoahuila.gob.mx\/portal\/wp-json\/wp\/v2\/tags?post=33293"}],"curies":[{"name":"wp","href":"https:\/\/api.w.org\/{rel}","templated":true}]}}