{"id":33318,"date":"2019-02-25T10:38:11","date_gmt":"2019-02-25T16:38:11","guid":{"rendered":"http:\/\/congresocoahuila.gob.mx\/portal\/?page_id=33318"},"modified":"2020-02-07T10:57:41","modified_gmt":"2020-02-07T16:57:41","slug":"jesus-andres-loya-cardona","status":"publish","type":"page","link":"https:\/\/www.congresocoahuila.gob.mx\/portal\/jesus-andres-loya-cardona\/","title":{"rendered":"JES\u00daS ANDR\u00c9S LOYA CARDONA"},"content":{"rendered":"<table border=\"0\" width=\"459\" cellspacing=\"0\" cellpadding=\"0\">\n<tbody>\n<tr>\n<td bgcolor=\"#FFFFFF\" width=\"165\">\n<p style=\"text-align: center;\"><a href=\"https:\/\/congresocoahuila.gob.mx\/transparencia\/02\/DIP_CV\/LXI\/16_JESUS_ANDRES_LOYA_CARDONA.docx\"><strong><img loading=\"lazy\" decoding=\"async\" class=\"alignnone size-full wp-image-31877\" src=\"http:\/\/congresocoahuila.gob.mx\/portal\/wp-content\/uploads\/2014\/12\/16-9.jpg\" alt=\"16\" width=\"218\" height=\"266\" \/><\/strong><\/a><\/p>\n<\/td>\n<td style=\"text-align: left;\" valign=\"middle\" bgcolor=\"#FFFFFF\" width=\"425\"><b>\u00a0<\/b><\/p>\n<div><strong><b>GESTIONES 2019<\/b><br \/>\n<\/strong><a href=\"https:\/\/congresocoahuila.gob.mx\/transparencia\/ART\/26\/13\/INF\/DIP_ANDES_LOYA.docx\">Enero<\/a><\/div>\n<div><a href=\"https:\/\/congresocoahuila.gob.mx\/transparencia\/ART\/26\/13\/INF\/FEBRERO\/DIP_ANDRES_LOYA.docx\">Febrero<\/a><\/div>\n<div><a href=\"https:\/\/congresocoahuila.gob.mx\/transparencia\/ART\/26\/13\/INF\/MARZO\/DIP_ANDRES_LOYA.docx\">Marzo<\/a><\/div>\n<div><a href=\"https:\/\/congresocoahuila.gob.mx\/transparencia\/ART\/26\/13\/INF\/ABRIL\/DIP_ANDRES_LOYA.docx\">Abril<\/a><\/div>\n<div><a href=\"https:\/\/congresocoahuila.gob.mx\/transparencia\/ART\/26\/13\/INF\/MAYO\/DIP_ANDES_LOYA_MAYO.docx\">Mayo<\/a><\/div>\n<div><a href=\"https:\/\/congresocoahuila.gob.mx\/transparencia\/ART\/26\/13\/INF\/JUNIO\/DIP_ANDRES_LOYA_JUNIO.docx\">Junio<\/a><\/div>\n<div><a href=\"https:\/\/congresocoahuila.gob.mx\/transparencia\/ART\/26\/13\/INF\/JULIO\/DIP_ANDRES_LOYA_JULIO.pdf\">Julio<\/a><\/div>\n<div><a href=\"https:\/\/congresocoahuila.gob.mx\/transparencia\/ART\/26\/13\/INF\/AGOSTO\/DIP_ANDRES_LOYA_AGOSTO.docx\">Agosto<\/a><\/div>\n<div><a href=\"https:\/\/congresocoahuila.gob.mx\/transparencia\/ART\/26\/13\/INF\/SEPTIEMBRE\/DIP_ANDRES_LOYA_SEPTIEMBRE.docx\">Septiembre<\/a><\/div>\n<div><a href=\"https:\/\/congresocoahuila.gob.mx\/transparencia\/ART\/26\/13\/INF\/OCTUBRE\/DIP_ANDRES_LOYA_OCTUBRE.docx\">Octubre<\/a><\/div>\n<div><a href=\"https:\/\/congresocoahuila.gob.mx\/transparencia\/ART\/26\/13\/INF\/NOVIEMBRE\/DIP_ANDRES_LOYA_NOVIEMBRE.docx\">Noviembre<\/a><\/div>\n<div><a href=\"https:\/\/congresocoahuila.gob.mx\/transparencia\/ART\/26\/13\/INF\/DICIEMBRE\/DIP_ANDRES_LOYA_DICIEMBRE.docx\">Diciembre<\/a><\/div>\n<p style=\"text-align: left;\"><strong>\u00a0<\/strong><\/p>\n<\/td>\n<\/tr>\n<\/tbody>\n<\/table>\n<pre><strong>Direcci\u00f3n Casa de Gesti\u00f3n:<\/strong>\nBlvd. Antonio Cardenas #2742 -2, Colonia Lourdes; C.P.\n\n*\u00a0 Diputado Suplente en Funciones a partir del d\u00eda 18 de septiembre del 2018, por Licencia otorgada al Dip. Samuel Rodr\u00edguez Mart\u00ednez el d\u00eda 18 de septiembre del 2018.<\/pre>\n","protected":false},"excerpt":{"rendered":"<p>\u00a0 GESTIONES 2019 Enero Febrero Marzo Abril Mayo Junio Julio Agosto Septiembre Octubre Noviembre Diciembre \u00a0 Direcci\u00f3n Casa de Gesti\u00f3n: Blvd. Antonio Cardenas #2742 -2, Colonia Lourdes; C.P. *\u00a0 Diputado Suplente en Funciones a partir del d\u00eda 18 de septiembre del 2018, por Licencia otorgada al Dip. Samuel Rodr\u00edguez Mart\u00ednez el d\u00eda 18 de septiembre [&hellip;]<\/p>\n","protected":false},"author":6,"featured_media":0,"parent":0,"menu_order":0,"comment_status":"closed","ping_status":"closed","template":"","meta":{"footnotes":""},"categories":[],"tags":[],"class_list":["post-33318","page","type-page","status-publish","hentry"],"_links":{"self":[{"href":"https:\/\/www.congresocoahuila.gob.mx\/portal\/wp-json\/wp\/v2\/pages\/33318","targetHints":{"allow":["GET"]}}],"collection":[{"href":"https:\/\/www.congresocoahuila.gob.mx\/portal\/wp-json\/wp\/v2\/pages"}],"about":[{"href":"https:\/\/www.congresocoahuila.gob.mx\/portal\/wp-json\/wp\/v2\/types\/page"}],"author":[{"embeddable":true,"href":"https:\/\/www.congresocoahuila.gob.mx\/portal\/wp-json\/wp\/v2\/users\/6"}],"replies":[{"embeddable":true,"href":"https:\/\/www.congresocoahuila.gob.mx\/portal\/wp-json\/wp\/v2\/comments?post=33318"}],"version-history":[{"count":18,"href":"https:\/\/www.congresocoahuila.gob.mx\/portal\/wp-json\/wp\/v2\/pages\/33318\/revisions"}],"predecessor-version":[{"id":36862,"href":"https:\/\/www.congresocoahuila.gob.mx\/portal\/wp-json\/wp\/v2\/pages\/33318\/revisions\/36862"}],"wp:attachment":[{"href":"https:\/\/www.congresocoahuila.gob.mx\/portal\/wp-json\/wp\/v2\/media?parent=33318"}],"wp:term":[{"taxonomy":"category","embeddable":true,"href":"https:\/\/www.congresocoahuila.gob.mx\/portal\/wp-json\/wp\/v2\/categories?post=33318"},{"taxonomy":"post_tag","embeddable":true,"href":"https:\/\/www.congresocoahuila.gob.mx\/portal\/wp-json\/wp\/v2\/tags?post=33318"}],"curies":[{"name":"wp","href":"https:\/\/api.w.org\/{rel}","templated":true}]}}