{"id":33328,"date":"2019-02-25T10:54:17","date_gmt":"2019-02-25T16:54:17","guid":{"rendered":"http:\/\/congresocoahuila.gob.mx\/portal\/?page_id=33328"},"modified":"2020-02-12T11:39:24","modified_gmt":"2020-02-12T17:39:24","slug":"diana-patricia-gonzalez-soto","status":"publish","type":"page","link":"https:\/\/www.congresocoahuila.gob.mx\/portal\/diana-patricia-gonzalez-soto\/","title":{"rendered":"Diana Patricia Gonz\u00e1lez Soto"},"content":{"rendered":"<table border=\"0\" width=\"459\" cellspacing=\"0\" cellpadding=\"0\">\n<tbody>\n<tr>\n<td style=\"width: 147px;\" bgcolor=\"#FFFFFF\" width=\"165\">\n<h3>&nbsp;<img loading=\"lazy\" decoding=\"async\" class=\"alignnone size-full wp-image-15934\" src=\"http:\/\/congresocoahuila.gob.mx\/portal\/wp-content\/uploads\/2014\/12\/19-1.jpg\" alt=\"J_Armando_Pruneda_Valdez\" width=\"218\" height=\"266\"><\/h3>\n<p style=\"text-align: center;\"><a href=\"https:\/\/congresocoahuila.gob.mx\/transparencia\/02\/DIP_CV\/LXI\/19_DIP_DIANA_PATRICIA_GONZALEZ_SOTO.docx\"><strong>CURR\u00cdCULUM<\/strong><\/a><\/p>\n<\/td>\n<td style=\"text-align: left; width: 310px;\" valign=\"middle\" bgcolor=\"#FFFFFF\" width=\"425\">\n<div><strong><b>GESTIONES 2019<\/b><br \/>\n<\/strong><a href=\"https:\/\/congresocoahuila.gob.mx\/transparencia\/ART\/26\/13\/INF\/ENERO\/DIP_DIANA_PATRICIA.docx\">Enero<\/a><\/div>\n<div><a href=\"https:\/\/congresocoahuila.gob.mx\/transparencia\/ART\/26\/13\/INF\/FEBRERO\/DIP_DIANA_PATRICIA.docx\">Febrero<\/a><\/div>\n<div><a href=\"https:\/\/congresocoahuila.gob.mx\/transparencia\/ART\/26\/13\/INF\/MARZO\/DIP_DIANA_PATRICIA.docx\">Marzo<\/a><\/div>\n<div><a href=\"https:\/\/congresocoahuila.gob.mx\/transparencia\/ART\/26\/13\/INF\/ABRIL\/DIP_DIANA_PATRICIA_ABRIL.docx\">Abril<\/a><\/div>\n<div><a href=\"https:\/\/congresocoahuila.gob.mx\/transparencia\/ART\/26\/13\/INF\/MAYO\/DIP_DIANA_PATRICIA_MAYO.docx\">Mayo<\/a><\/div>\n<div><a href=\"https:\/\/congresocoahuila.gob.mx\/transparencia\/ART\/26\/13\/INF\/JUNIO\/DIP_DIANA_PATRICIA_JUNIO.docx\">Junio<\/a><\/div>\n<div><a href=\"https:\/\/congresocoahuila.gob.mx\/transparencia\/ART\/26\/13\/INF\/JULIO\/DIP_DIANA_PATRICIA_JULIO.docx\">Julio<\/a><\/div>\n<div><a href=\"https:\/\/congresocoahuila.gob.mx\/transparencia\/ART\/26\/13\/INF\/AGOSTO\/DIP_DIANA_PATRICIA_AGOSTO.docx\">Agosto<\/a><\/div>\n<div><a href=\"https:\/\/congresocoahuila.gob.mx\/transparencia\/ART\/26\/13\/INF\/SEPTIEMBRE\/DIP_DIANA_PATRICIA_SEP.docx\">Septiembre<\/a><\/div>\n<div><a href=\"https:\/\/congresocoahuila.gob.mx\/transparencia\/ART\/26\/13\/INF\/OCTUBRE\/DIP_DIANA_PATRICIA_GONZALES_SOTO_OCTUBRE.docx\">Octubre<\/a><\/div>\n<div><a href=\"https:\/\/congresocoahuila.gob.mx\/transparencia\/ART\/26\/13\/INF\/NOVIEMBRE\/DIP_DIANA_PATRICIA_GONZALES_SOTO_NOVIEMBRE.docx\">Noviembre<\/a><\/div>\n<div><a href=\"https:\/\/congresocoahuila.gob.mx\/transparencia\/ART\/26\/13\/INF\/DICIEMBRE\/DIP_DIANA_PATRICIA_GONZALES_SOTO_DICIEMBRE.docx\">Diciembre<\/a><\/div>\n<p><strong>&nbsp;<\/strong><\/p>\n<p style=\"text-align: left;\"><strong>&nbsp;<\/strong><\/p>\n<\/td>\n<\/tr>\n<\/tbody>\n<\/table>\n<p><strong>Direcci\u00f3n Casa de Gesti\u00f3n: <\/strong><br \/>\nBlvd. Nazario S. Ort\u00edz Garza No. 3604, 4TO. Piso Fraccionamiento Espa\u00f1a. Saltillo, Coahuila<\/p>\n","protected":false},"excerpt":{"rendered":"<p>&nbsp; CURR\u00cdCULUM GESTIONES 2019 Enero Febrero Marzo Abril Mayo Junio Julio Agosto Septiembre Octubre Noviembre Diciembre &nbsp; &nbsp; Direcci\u00f3n Casa de Gesti\u00f3n: Blvd. Nazario S. Ort\u00edz Garza No. 3604, 4TO. Piso Fraccionamiento Espa\u00f1a. Saltillo, Coahuila<\/p>\n","protected":false},"author":6,"featured_media":0,"parent":0,"menu_order":0,"comment_status":"closed","ping_status":"closed","template":"","meta":{"footnotes":""},"categories":[],"tags":[],"class_list":["post-33328","page","type-page","status-publish","hentry"],"_links":{"self":[{"href":"https:\/\/www.congresocoahuila.gob.mx\/portal\/wp-json\/wp\/v2\/pages\/33328","targetHints":{"allow":["GET"]}}],"collection":[{"href":"https:\/\/www.congresocoahuila.gob.mx\/portal\/wp-json\/wp\/v2\/pages"}],"about":[{"href":"https:\/\/www.congresocoahuila.gob.mx\/portal\/wp-json\/wp\/v2\/types\/page"}],"author":[{"embeddable":true,"href":"https:\/\/www.congresocoahuila.gob.mx\/portal\/wp-json\/wp\/v2\/users\/6"}],"replies":[{"embeddable":true,"href":"https:\/\/www.congresocoahuila.gob.mx\/portal\/wp-json\/wp\/v2\/comments?post=33328"}],"version-history":[{"count":17,"href":"https:\/\/www.congresocoahuila.gob.mx\/portal\/wp-json\/wp\/v2\/pages\/33328\/revisions"}],"predecessor-version":[{"id":36948,"href":"https:\/\/www.congresocoahuila.gob.mx\/portal\/wp-json\/wp\/v2\/pages\/33328\/revisions\/36948"}],"wp:attachment":[{"href":"https:\/\/www.congresocoahuila.gob.mx\/portal\/wp-json\/wp\/v2\/media?parent=33328"}],"wp:term":[{"taxonomy":"category","embeddable":true,"href":"https:\/\/www.congresocoahuila.gob.mx\/portal\/wp-json\/wp\/v2\/categories?post=33328"},{"taxonomy":"post_tag","embeddable":true,"href":"https:\/\/www.congresocoahuila.gob.mx\/portal\/wp-json\/wp\/v2\/tags?post=33328"}],"curies":[{"name":"wp","href":"https:\/\/api.w.org\/{rel}","templated":true}]}}