{"id":33335,"date":"2019-02-25T11:03:56","date_gmt":"2019-02-25T17:03:56","guid":{"rendered":"http:\/\/congresocoahuila.gob.mx\/portal\/?page_id=33335"},"modified":"2020-02-12T11:42:24","modified_gmt":"2020-02-12T17:42:24","slug":"gabriela-zapopan-garza-galvan","status":"publish","type":"page","link":"https:\/\/www.congresocoahuila.gob.mx\/portal\/gabriela-zapopan-garza-galvan\/","title":{"rendered":"Gabriela Zapopan Garza Galv\u00e1n"},"content":{"rendered":"<table border=\"0\" width=\"459\" cellspacing=\"0\" cellpadding=\"0\">\n<tbody>\n<tr>\n<td bgcolor=\"#FFFFFF\" width=\"165\">\n<h3>&nbsp;<a href=\"http:\/\/congresocoahuila.gob.mx\/portal\/wp-content\/uploads\/2014\/12\/Sergio_Garza_Castillo1.jpg\"><img loading=\"lazy\" decoding=\"async\" class=\"alignnone wp-image-15936 size-full\" src=\"http:\/\/congresocoahuila.gob.mx\/portal\/wp-content\/uploads\/2014\/12\/21-1.jpg\" alt=\"\" width=\"218\" height=\"266\"><\/a><\/h3>\n<p style=\"text-align: center;\"><strong>&nbsp;<\/strong><\/p>\n<\/td>\n<td style=\"text-align: left;\" valign=\"middle\" bgcolor=\"#FFFFFF\" width=\"425\">\n<div><strong><b>GESTIONES 2019<\/b><br \/>\n<\/strong><a href=\"https:\/\/congresocoahuila.gob.mx\/transparencia\/ART\/26\/13\/INF\/ENERO\/DIP_GABRIELA_ZAPOPAN_GARZA_G.docx\">Enero<\/a><\/div>\n<div><a href=\"https:\/\/congresocoahuila.gob.mx\/transparencia\/ART\/26\/13\/INF\/FEBRERO\/DIP_GABRIELA_ZAPOPAN_GARZA_G.docx\">Febrero<\/a><\/div>\n<div><a href=\"https:\/\/congresocoahuila.gob.mx\/transparencia\/ART\/26\/13\/INF\/MARZO\/DIP_GABRIELA_ZAPOPAN_GARZA_G.docx\">Marzo<\/a><\/div>\n<div><a href=\"https:\/\/congresocoahuila.gob.mx\/transparencia\/ART\/26\/13\/INF\/ABRIL\/DIP_GABRIELA_ZAPOPAN_ABRIL.docx\">Abril<\/a><\/div>\n<div><a href=\"https:\/\/congresocoahuila.gob.mx\/transparencia\/ART\/26\/13\/INF\/MAYO\/DIP_GABRIELA_ZAPOPAN_MAYO.docx\">Mayo<\/a><\/div>\n<div><a href=\"https:\/\/congresocoahuila.gob.mx\/transparencia\/ART\/26\/13\/INF\/JUNIO\/DIP_GABRIELA_ZAPOPAN_JUNIO.docx\">Junio<\/a><\/div>\n<div><a href=\"https:\/\/congresocoahuila.gob.mx\/transparencia\/ART\/26\/13\/INF\/JULIO\/DIP_GABRIELA_ZAPOPAN_ JULIO.docx\" data-wplink-url-error=\"true\">Julio<\/a><\/div>\n<div><a href=\"https:\/\/congresocoahuila.gob.mx\/transparencia\/ART\/26\/13\/INF\/AGOSTO\/DIP_GABRIELA_ZAPOPAN_AGOSTO.docx\">Agosto<\/a><\/div>\n<div><a href=\"https:\/\/congresocoahuila.gob.mx\/transparencia\/ART\/26\/13\/INF\/SEPTIEMBRE\/DIP_GABRIELA_ZAPOPAN_SEPTIEMBRE.docx\">Septiembre<\/a><\/div>\n<div><a href=\"https:\/\/congresocoahuila.gob.mx\/transparencia\/ART\/26\/13\/INF\/OCTUBRE\/DIP_GABRIELA_ZAPOPAN_OCTUBRE.docx\">Octubre<\/a><\/div>\n<div><a href=\"https:\/\/congresocoahuila.gob.mx\/transparencia\/ART\/26\/13\/INF\/NOVIEMBRE\/DIP_GABRIELA_ZAPOPAN_NOVIEMBRE.docx\">Noviembre<\/a><\/div>\n<div><a href=\"https:\/\/congresocoahuila.gob.mx\/transparencia\/ART\/26\/13\/INF\/DICIEMBRE\/DIP_GABRIELA_ZAPOPAN_DICIEMBRE.docx\">Diciembre<\/a><\/div>\n<p><strong>&nbsp;<\/strong><\/p>\n<p style=\"text-align: left;\"><strong>&nbsp;<\/strong><\/p>\n<\/td>\n<\/tr>\n<\/tbody>\n<\/table>\n<p><strong>Direcci\u00f3n Casa de Gesti\u00f3n:<\/strong><br \/>\nCalle Zaragoza, N\u00fam 313, Zona Centro, C.P. 25270, Monclova, Coahuila.<\/p>\n","protected":false},"excerpt":{"rendered":"<p>&nbsp; &nbsp; GESTIONES 2019 Enero Febrero Marzo Abril Mayo Junio Julio Agosto Septiembre Octubre Noviembre Diciembre &nbsp; &nbsp; Direcci\u00f3n Casa de Gesti\u00f3n: Calle Zaragoza, N\u00fam 313, Zona Centro, C.P. 25270, Monclova, Coahuila.<\/p>\n","protected":false},"author":6,"featured_media":0,"parent":0,"menu_order":0,"comment_status":"closed","ping_status":"closed","template":"","meta":{"footnotes":""},"categories":[],"tags":[],"class_list":["post-33335","page","type-page","status-publish","hentry"],"_links":{"self":[{"href":"https:\/\/www.congresocoahuila.gob.mx\/portal\/wp-json\/wp\/v2\/pages\/33335","targetHints":{"allow":["GET"]}}],"collection":[{"href":"https:\/\/www.congresocoahuila.gob.mx\/portal\/wp-json\/wp\/v2\/pages"}],"about":[{"href":"https:\/\/www.congresocoahuila.gob.mx\/portal\/wp-json\/wp\/v2\/types\/page"}],"author":[{"embeddable":true,"href":"https:\/\/www.congresocoahuila.gob.mx\/portal\/wp-json\/wp\/v2\/users\/6"}],"replies":[{"embeddable":true,"href":"https:\/\/www.congresocoahuila.gob.mx\/portal\/wp-json\/wp\/v2\/comments?post=33335"}],"version-history":[{"count":14,"href":"https:\/\/www.congresocoahuila.gob.mx\/portal\/wp-json\/wp\/v2\/pages\/33335\/revisions"}],"predecessor-version":[{"id":37988,"href":"https:\/\/www.congresocoahuila.gob.mx\/portal\/wp-json\/wp\/v2\/pages\/33335\/revisions\/37988"}],"wp:attachment":[{"href":"https:\/\/www.congresocoahuila.gob.mx\/portal\/wp-json\/wp\/v2\/media?parent=33335"}],"wp:term":[{"taxonomy":"category","embeddable":true,"href":"https:\/\/www.congresocoahuila.gob.mx\/portal\/wp-json\/wp\/v2\/categories?post=33335"},{"taxonomy":"post_tag","embeddable":true,"href":"https:\/\/www.congresocoahuila.gob.mx\/portal\/wp-json\/wp\/v2\/tags?post=33335"}],"curies":[{"name":"wp","href":"https:\/\/api.w.org\/{rel}","templated":true}]}}