{"id":33344,"date":"2019-02-25T11:32:02","date_gmt":"2019-02-25T17:32:02","guid":{"rendered":"http:\/\/congresocoahuila.gob.mx\/portal\/?page_id=33344"},"modified":"2020-02-12T11:55:31","modified_gmt":"2020-02-12T17:55:31","slug":"claudia-isela-ramirez-pineda","status":"publish","type":"page","link":"https:\/\/www.congresocoahuila.gob.mx\/portal\/claudia-isela-ramirez-pineda\/","title":{"rendered":"Claudia Isela Ram\u00edrez Pineda"},"content":{"rendered":"<table border=\"0\" width=\"459\" cellspacing=\"0\" cellpadding=\"0\">\n<tbody>\n<tr>\n<td bgcolor=\"#FFFFFF\" width=\"165\">\n<h3>&nbsp;<img loading=\"lazy\" decoding=\"async\" class=\"alignnone size-full wp-image-29505\" src=\"http:\/\/congresocoahuila.gob.mx\/portal\/wp-content\/uploads\/2014\/12\/25-1.jpg\" alt=\"PRD_M\" width=\"218\" height=\"266\"><\/h3>\n<p style=\"text-align: center;\"><strong>&nbsp;<\/strong><\/p>\n<\/td>\n<td style=\"text-align: left;\" valign=\"middle\" bgcolor=\"#FFFFFF\" width=\"425\">\n<div><strong><b>GESTIONES 2019<\/b><br \/>\n<\/strong><a href=\"https:\/\/congresocoahuila.gob.mx\/transparencia\/ART\/26\/13\/INF\/DIP_CLAUDIA_RAMIREZ.docx\">Enero<\/a><\/div>\n<div><a href=\"https:\/\/congresocoahuila.gob.mx\/transparencia\/ART\/26\/13\/INF\/FEBRERO\/DIP_CLAUDIA_RAMIREZ.pdf\">Febrero<\/a><\/div>\n<div><a href=\"https:\/\/congresocoahuila.gob.mx\/transparencia\/ART\/26\/13\/INF\/MARZO\/DIP_CLAUDIA_RAMIREZ.pdf\">Marzo<\/a><\/div>\n<div><a href=\"https:\/\/congresocoahuila.gob.mx\/transparencia\/ART\/26\/13\/INF\/ABRIL\/DIP_CLAUDIA_ISELA_RAMIREZ_PINEDA.docx\">Abril<\/a><\/div>\n<div><a href=\"https:\/\/congresocoahuila.gob.mx\/transparencia\/ART\/26\/13\/INF\/MAYO\/DIP_CLAUDIA_RAMIREZ_MAYO.pdf\">Mayo<\/a><\/div>\n<div><a href=\"https:\/\/congresocoahuila.gob.mx\/transparencia\/ART\/26\/13\/INF\/JUNIO\/DIP_CLAUDIA_RAMIREZ_JUNIO.docx\">Junio<\/a><\/div>\n<div><a href=\"https:\/\/congresocoahuila.gob.mx\/transparencia\/ART\/26\/13\/INF\/JULIO\/DIP_CLAUDIA_RAMIREZ_JULIO.docx\">Julio<\/a><\/div>\n<div><a href=\"https:\/\/congresocoahuila.gob.mx\/transparencia\/ART\/26\/13\/INF\/AGOSTO\/DIP_CLAUDIA_RAMIREZ_AGOSTO.docx\">Agosto<\/a><\/div>\n<div><a href=\"https:\/\/congresocoahuila.gob.mx\/transparencia\/ART\/26\/13\/INF\/SEPTIEMBRE\/DIP_CLAUDIA_RAMIREZ_SEPTIEMBRE.docx\">Septiembre<\/a><\/div>\n<div><a href=\"https:\/\/congresocoahuila.gob.mx\/transparencia\/ART\/26\/13\/INF\/OCTUBRE\/DIP_CLAUDIA_RAMIREZ_OCTUBRE.docx\">Octubre<\/a><\/div>\n<div><a href=\"https:\/\/congresocoahuila.gob.mx\/transparencia\/ART\/26\/13\/INF\/NOVIEMBRE\/DIP_CLAUDIA_RAMIREZ_NOVIEMBRE.docx\">Noviembre<\/a><\/div>\n<div><a href=\"https:\/\/congresocoahuila.gob.mx\/transparencia\/ART\/26\/13\/INF\/DICIEMBRE\/DIP_CLAUDIA_RAMIREZ_DICIEMBRE.docx\">Diciembre<\/a><\/div>\n<\/td>\n<\/tr>\n<\/tbody>\n<\/table>\n<p><strong>Direcci\u00f3n Casa de Gesti\u00f3n: <\/strong><br \/>\nCalle Purcell No. 418. Zona Centro C.P 25000 Saltillo Coahuila. A\u00fan no se encuentra inagurada.<\/p>\n","protected":false},"excerpt":{"rendered":"<p>&nbsp; &nbsp; GESTIONES 2019 Enero Febrero Marzo Abril Mayo Junio Julio Agosto Septiembre Octubre Noviembre Diciembre Direcci\u00f3n Casa de Gesti\u00f3n: Calle Purcell No. 418. Zona Centro C.P 25000 Saltillo Coahuila. A\u00fan no se encuentra inagurada.<\/p>\n","protected":false},"author":6,"featured_media":0,"parent":0,"menu_order":0,"comment_status":"closed","ping_status":"closed","template":"","meta":{"footnotes":""},"categories":[],"tags":[],"class_list":["post-33344","page","type-page","status-publish","hentry"],"_links":{"self":[{"href":"https:\/\/www.congresocoahuila.gob.mx\/portal\/wp-json\/wp\/v2\/pages\/33344","targetHints":{"allow":["GET"]}}],"collection":[{"href":"https:\/\/www.congresocoahuila.gob.mx\/portal\/wp-json\/wp\/v2\/pages"}],"about":[{"href":"https:\/\/www.congresocoahuila.gob.mx\/portal\/wp-json\/wp\/v2\/types\/page"}],"author":[{"embeddable":true,"href":"https:\/\/www.congresocoahuila.gob.mx\/portal\/wp-json\/wp\/v2\/users\/6"}],"replies":[{"embeddable":true,"href":"https:\/\/www.congresocoahuila.gob.mx\/portal\/wp-json\/wp\/v2\/comments?post=33344"}],"version-history":[{"count":17,"href":"https:\/\/www.congresocoahuila.gob.mx\/portal\/wp-json\/wp\/v2\/pages\/33344\/revisions"}],"predecessor-version":[{"id":36955,"href":"https:\/\/www.congresocoahuila.gob.mx\/portal\/wp-json\/wp\/v2\/pages\/33344\/revisions\/36955"}],"wp:attachment":[{"href":"https:\/\/www.congresocoahuila.gob.mx\/portal\/wp-json\/wp\/v2\/media?parent=33344"}],"wp:term":[{"taxonomy":"category","embeddable":true,"href":"https:\/\/www.congresocoahuila.gob.mx\/portal\/wp-json\/wp\/v2\/categories?post=33344"},{"taxonomy":"post_tag","embeddable":true,"href":"https:\/\/www.congresocoahuila.gob.mx\/portal\/wp-json\/wp\/v2\/tags?post=33344"}],"curies":[{"name":"wp","href":"https:\/\/api.w.org\/{rel}","templated":true}]}}