{"id":33384,"date":"2019-03-04T14:57:57","date_gmt":"2019-03-04T20:57:57","guid":{"rendered":"http:\/\/congresocoahuila.gob.mx\/portal\/?page_id=33384"},"modified":"2020-01-10T23:48:03","modified_gmt":"2020-01-11T05:48:03","slug":"primer-periodo-ordinario-2019","status":"publish","type":"page","link":"https:\/\/www.congresocoahuila.gob.mx\/portal\/primer-periodo-ordinario-2019\/","title":{"rendered":"PRIMER PER\u00cdODO ORDINARIO 2019"},"content":{"rendered":"<p><strong>SEGUNDO A\u00d1O DE EJERCICIO CONSTITUCIONAL 2019<br \/>\nPRIMER PER\u00cdODO ORDINARIO<\/strong><\/p>\n<p style=\"text-align: justify;\">Fecha de actualizaci\u00f3n de Diario de los Debates: La presente fracci\u00f3n se actualiza, atento a lo que disponen los Art\u00edculos 247 al 252\u00a0de la Ley Org\u00e1nica del Congreso, que disponen la publicaci\u00f3n del Diario de los Debates al termino de cada sesi\u00f3n, por lo que la presente p\u00e1gina se actualiza una vez que las \u00e1reas t\u00e9cnico administrativas concluyen la labor de transcripci\u00f3n de la sesi\u00f3n correspondiente, para su publicaci\u00f3n en Internet.<\/p>\n<p>Fecha de actualizaci\u00f3n: 31 de Diciembre de 2019.<br \/>\nResponsable de la Informaci\u00f3n: Lic. Rafael Delgado Hern\u00e1ndez<br \/>\nOficial Mayor\u00a0del H. Congreso del Estado de Coahuila.<\/p>\n<p><a href=\"https:\/\/congresocoahuila.gob.mx\/transparencia\/03\/Debates-2018-2020\/20190301_PPO_S01.docx\">Primera Sesi\u00f3n, 01 de marzo de 2019<\/a><br \/>\n<a href=\"https:\/\/congresocoahuila.gob.mx\/transparencia\/03\/Debates-2018-2020\/20190305_PPO_S02.docx\">Segunda Sesi\u00f3n, 05 de marzo de 2019<\/a><br \/>\n<a href=\"https:\/\/congresocoahuila.gob.mx\/transparencia\/03\/Debates-2018-2020\/20190307_PPO_S03.docx\">Tercera Sesi\u00f3n, 07 de marzo de 2019<\/a><br \/>\n<a href=\"https:\/\/congresocoahuila.gob.mx\/transparencia\/03\/Debates-2018-2020\/20190312_PPO_S04_Solemne.docx\">Sesi\u00f3n Solemne, 12 de marzo de 2019, para conmemoraci\u00f3n el \u00abD\u00eda Internacional de la Mujer\u00bb<\/a><br \/>\n<a href=\"https:\/\/congresocoahuila.gob.mx\/transparencia\/03\/Debates-2018-2020\/20190312_PPO_S05.docx\">Quinta Sesi\u00f3n, 12 de marzo de 2019<\/a><br \/>\n<a href=\"https:\/\/congresocoahuila.gob.mx\/transparencia\/03\/Debates-2018-2020\/20190320_PPO_S06.docx\">Sexta Sesi\u00f3n, 20 de marzo de 2019<\/a><br \/>\n<a href=\"https:\/\/congresocoahuila.gob.mx\/transparencia\/03\/Debates-2018-2020\/20190327_PPO_S07.docx\">S\u00e9ptima Sesi\u00f3n, 27 de marzo de 2019<\/a><br \/>\n<a href=\"https:\/\/congresocoahuila.gob.mx\/transparencia\/03\/Debates-2018-2020\/20190402_PPO_S08.docx\">Octava Sesi\u00f3n, 02 de abril de 2019<\/a><br \/>\n<a href=\"https:\/\/congresocoahuila.gob.mx\/transparencia\/03\/Debates-2018-2020\/20190409_PPO_S09.docx\">Novena Sesi\u00f3n, 09 de abril de 2019<\/a><br \/>\n<a href=\"https:\/\/congresocoahuila.gob.mx\/transparencia\/03\/Debates-2018-2020\/20190426_PPO_S10.docx\">D\u00e9cima Sesi\u00f3n, 26 de abril de 2019<\/a><br \/>\n<a href=\"https:\/\/congresocoahuila.gob.mx\/transparencia\/03\/Debates-2018-2020\/20190430_PPO_S11.docx\">D\u00e9cima Primera Sesi\u00f3n, 30 de abril de 2019<\/a><br \/>\n<a href=\"https:\/\/congresocoahuila.gob.mx\/transparencia\/03\/Debates-2018-2020\/20190508_PPO_S12.docx\">D\u00e9cima Segunda Sesi\u00f3n, 08 de mayo de 2019<\/a><br \/>\n<a href=\"https:\/\/congresocoahuila.gob.mx\/transparencia\/03\/Debates-2018-2020\/20190515_PPO_S13.docx\">D\u00e9cima Tercera Sesi\u00f3n, 15 de mayo de 2019<\/a><br \/>\n<a href=\"https:\/\/congresocoahuila.gob.mx\/transparencia\/03\/Debates-2018-2020\/20190521_PPO_S14.docx\">D\u00e9cima Cuarta Sesi\u00f3n, 21 de mayo de 2019<\/a><br \/>\n<a href=\"https:\/\/congresocoahuila.gob.mx\/transparencia\/03\/Debates-2018-2020\/20190528_PPO_S15.docx\">D\u00e9cima Quinta Sesi\u00f3n, 28 de mayo de 2019<\/a><br \/>\n<a href=\"https:\/\/congresocoahuila.gob.mx\/transparencia\/03\/Debates-2018-2020\/20190604_PPO_S16.docx\">D\u00e9cima Sexta Sesi\u00f3n, 04 de junio de 2019<\/a><br \/>\n<a href=\"https:\/\/congresocoahuila.gob.mx\/transparencia\/03\/Debates-2018-2020\/20190605_PPO_S17.docx\">D\u00e9cima S\u00e9ptima Sesi\u00f3n, 05 de junio de 2019<\/a><br \/>\n<a href=\"https:\/\/congresocoahuila.gob.mx\/transparencia\/03\/Debates-2018-2020\/20190612_PPO_S18.docx\">D\u00e9cima Octava Sesi\u00f3n, 12 de junio de 2019<\/a><br \/>\n<a href=\"https:\/\/congresocoahuila.gob.mx\/transparencia\/03\/Debates-2018-2020\/20190618_PPO_S19.docx\">D\u00e9cima Novena Sesi\u00f3n, 18 de junio de 2019<\/a><br \/>\n<a href=\"https:\/\/congresocoahuila.gob.mx\/transparencia\/03\/Debates-2018-2020\/20190626_PPO_S20.docx\">Vig\u00e9sima Sesi\u00f3n, 26 de junio de 2019<\/a><br \/>\n<a href=\"https:\/\/congresocoahuila.gob.mx\/transparencia\/03\/Debates-2018-2020\/20190627_PPO_S21.docx\">Vig\u00e9sima Primera Sesi\u00f3n, 27 de junio de 2019<\/a><\/p>\n","protected":false},"excerpt":{"rendered":"<p>SEGUNDO A\u00d1O DE EJERCICIO CONSTITUCIONAL 2019 PRIMER PER\u00cdODO ORDINARIO Fecha de actualizaci\u00f3n de Diario de los Debates: La presente fracci\u00f3n se actualiza, atento a lo que disponen los Art\u00edculos 247 al 252\u00a0de la Ley Org\u00e1nica del Congreso, que disponen la publicaci\u00f3n del Diario de los Debates al termino de cada sesi\u00f3n, por lo que la [&hellip;]<\/p>\n","protected":false},"author":5,"featured_media":0,"parent":0,"menu_order":0,"comment_status":"closed","ping_status":"closed","template":"","meta":{"footnotes":""},"categories":[],"tags":[],"class_list":["post-33384","page","type-page","status-publish","hentry"],"_links":{"self":[{"href":"https:\/\/www.congresocoahuila.gob.mx\/portal\/wp-json\/wp\/v2\/pages\/33384","targetHints":{"allow":["GET"]}}],"collection":[{"href":"https:\/\/www.congresocoahuila.gob.mx\/portal\/wp-json\/wp\/v2\/pages"}],"about":[{"href":"https:\/\/www.congresocoahuila.gob.mx\/portal\/wp-json\/wp\/v2\/types\/page"}],"author":[{"embeddable":true,"href":"https:\/\/www.congresocoahuila.gob.mx\/portal\/wp-json\/wp\/v2\/users\/5"}],"replies":[{"embeddable":true,"href":"https:\/\/www.congresocoahuila.gob.mx\/portal\/wp-json\/wp\/v2\/comments?post=33384"}],"version-history":[{"count":29,"href":"https:\/\/www.congresocoahuila.gob.mx\/portal\/wp-json\/wp\/v2\/pages\/33384\/revisions"}],"predecessor-version":[{"id":36581,"href":"https:\/\/www.congresocoahuila.gob.mx\/portal\/wp-json\/wp\/v2\/pages\/33384\/revisions\/36581"}],"wp:attachment":[{"href":"https:\/\/www.congresocoahuila.gob.mx\/portal\/wp-json\/wp\/v2\/media?parent=33384"}],"wp:term":[{"taxonomy":"category","embeddable":true,"href":"https:\/\/www.congresocoahuila.gob.mx\/portal\/wp-json\/wp\/v2\/categories?post=33384"},{"taxonomy":"post_tag","embeddable":true,"href":"https:\/\/www.congresocoahuila.gob.mx\/portal\/wp-json\/wp\/v2\/tags?post=33384"}],"curies":[{"name":"wp","href":"https:\/\/api.w.org\/{rel}","templated":true}]}}