{"id":33392,"date":"2019-03-05T12:32:45","date_gmt":"2019-03-05T18:32:45","guid":{"rendered":"http:\/\/congresocoahuila.gob.mx\/portal\/?page_id=33392"},"modified":"2019-06-28T09:59:22","modified_gmt":"2019-06-28T14:59:22","slug":"primer-periodo-ordinario-de-la-lxi-legislatura-2019","status":"publish","type":"page","link":"https:\/\/www.congresocoahuila.gob.mx\/portal\/primer-periodo-ordinario-de-la-lxi-legislatura-2019\/","title":{"rendered":"Primer Per\u00edodo Ordinario de la LXI Legislatura 2019"},"content":{"rendered":"<p><a href=\"https:\/\/congresocoahuila.gob.mx\/transparencia\/ART\/26\/05\/1ER_PERIODO_ORDI_LXI_2018\/1_SESION_1_MARZO.pdf\"><strong><span style=\"color: #000000;\">LISTA DE ASISTENCIA<\/span>&nbsp;<\/strong><\/a><br \/>\n<a href=\"https:\/\/congresocoahuila.gob.mx\/transparencia\/ART\/26\/05\/1ER_PERIODO_ORDINARIO_LXI_2019\/PPO_S01_20190301.pdf\">Primera Sesi\u00f3n, 01 de marzo de 2019<\/a><br \/>\n<a href=\"https:\/\/congresocoahuila.gob.mx\/transparencia\/ART\/26\/05\/1ER_PERIODO_ORDINARIO_LXI_2019\/PPO_S02_20190305.pdf\">Segunda Sesi\u00f3n, 05 de marzo de 2019<\/a><br \/>\n<a href=\"https:\/\/congresocoahuila.gob.mx\/transparencia\/ART\/26\/05\/1ER_PERIODO_ORDINARIO_LXI_2019\/PPO_S03_20190307.pdf\">Tercera Sesi\u00f3n, 07 de marzo de 2019<\/a><br \/>\n<a href=\"https:\/\/congresocoahuila.gob.mx\/transparencia\/ART\/26\/05\/1ER_PERIODO_ORDINARIO_LXI_2019\/PPO_S04_20190312_Solemne.pdf\">Sesi\u00f3n Solemne &#8211; 12 de marzo de 2019 Conmemoraci\u00f3n del \u00abD\u00eda Internacional de la Mujer\u00bb<\/a><br \/>\n<a href=\"https:\/\/congresocoahuila.gob.mx\/transparencia\/ART\/26\/05\/1ER_PERIODO_ORDINARIO_LXI_2019\/PPO_S05_20190312.pdf\">Quinta Sesi\u00f3n, 12 de marzo de 2019<\/a><br \/>\n<a href=\"https:\/\/congresocoahuila.gob.mx\/transparencia\/ART\/26\/05\/1ER_PERIODO_ORDINARIO_LXI_2019\/PPO_S06_20190320.pdf\">Sexta Sesi\u00f3n, 20 de marzo de 2019<\/a><br \/>\n<a href=\"https:\/\/congresocoahuila.gob.mx\/transparencia\/ART\/26\/05\/1ER_PERIODO_ORDINARIO_LXI_2019\/PPO_S07_20190327.pdf\">S\u00e9ptima Sesi\u00f3n, 27 de marzo de 2019<\/a><br \/>\n<a href=\"https:\/\/congresocoahuila.gob.mx\/transparencia\/ART\/26\/05\/1ER_PERIODO_ORDINARIO_LXI_2019\/PPO_S08_20190402.pdf\">Octava Sesi\u00f3n, 02 de abril de 2019<\/a><br \/>\n<a href=\"https:\/\/congresocoahuila.gob.mx\/transparencia\/ART\/26\/05\/1ER_PERIODO_ORDINARIO_LXI_2019\/PPO_S09_20190409.pdf\">Novena Sesi\u00f3n, 09 de abril de 2019<\/a><br \/>\n<a href=\"https:\/\/congresocoahuila.gob.mx\/transparencia\/ART\/26\/05\/1ER_PERIODO_ORDINARIO_LXI_2019\/PPO_S10_20190426.pdf\">D\u00e9cima Sesi\u00f3n, 26 de abril de 2019<\/a><br \/>\n<a href=\"https:\/\/congresocoahuila.gob.mx\/transparencia\/ART\/26\/05\/1ER_PERIODO_ORDINARIO_LXI_2019\/PPO_S11_20190430.pdf\">D\u00e9cima Primera Sesi\u00f3n, 30 de abril de 2019<\/a><br \/>\n<a href=\"https:\/\/congresocoahuila.gob.mx\/transparencia\/ART\/26\/05\/1ER_PERIODO_ORDINARIO_LXI_2019\/PPO_S12_20190508.pdf\">D\u00e9cima Segunda Sesi\u00f3n, 08 de mayo de 2019<\/a><br \/>\n<a href=\"https:\/\/congresocoahuila.gob.mx\/transparencia\/ART\/26\/05\/1ER_PERIODO_ORDINARIO_LXI_2019\/PPO_S13_20190515.pdf\">D\u00e9cima Tercera Sesi\u00f3n, 15 de mayo de 2019<\/a><br \/>\n<a href=\"https:\/\/congresocoahuila.gob.mx\/transparencia\/ART\/26\/05\/1ER_PERIODO_ORDINARIO_LXI_2019\/PPO_S14_20190521.pdf\">D\u00e9cima Cuarta Sesi\u00f3n, 21 de mayo de 2019<\/a><br \/>\n<a href=\"https:\/\/congresocoahuila.gob.mx\/transparencia\/ART\/26\/05\/1ER_PERIODO_ORDINARIO_LXI_2019\/PPO_S15_20190528.pdf\">D\u00e9cima Quinta Sesi\u00f3n, 28 de mayo de 2019<\/a><br \/>\n<a href=\"https:\/\/congresocoahuila.gob.mx\/transparencia\/ART\/26\/05\/1ER_PERIODO_ORDINARIO_LXI_2019\/PPO_S16_20190604.pdf\">D\u00e9cima Sexta Sesi\u00f3n, 04 de junio de 2019<\/a><br \/>\n<a href=\"https:\/\/congresocoahuila.gob.mx\/transparencia\/ART\/26\/05\/1ER_PERIODO_ORDINARIO_LXI_2019\/PPO_S17_20190605.pdf\">D\u00e9cima S\u00e9ptima Sesi\u00f3n, 05 de junio de 2019<\/a><br \/>\n<a href=\"https:\/\/congresocoahuila.gob.mx\/transparencia\/ART\/26\/05\/1ER_PERIODO_ORDINARIO_LXI_2019\/PPO_S18_20190612.pdf\">D\u00e9cima Octava Sesi\u00f3n, 12 de junio de 2019<\/a><br \/>\n<a href=\"https:\/\/congresocoahuila.gob.mx\/transparencia\/ART\/26\/05\/1ER_PERIODO_ORDINARIO_LXI_2019\/PPO_S19_20190618.pdf\">D\u00e9cima Novena Sesi\u00f3n, 18 de junio de 2019<\/a><br \/>\n<a href=\"https:\/\/congresocoahuila.gob.mx\/transparencia\/ART\/26\/05\/1ER_PERIODO_ORDINARIO_LXI_2019\/PPO_S20_20190626.pdf\">Vig\u00e9sima Sesi\u00f3n, 26 de junio de 2019<\/a><br \/>\n<a href=\"https:\/\/congresocoahuila.gob.mx\/transparencia\/ART\/26\/05\/1ER_PERIODO_ORDINARIO_LXI_2019\/PPO_S21_20190627.pdf\">Vig\u00e9sima Primera Sesi\u00f3n, 27 de junio de 2019<\/a><\/p>\n","protected":false},"excerpt":{"rendered":"<p>LISTA DE ASISTENCIA&nbsp; Primera Sesi\u00f3n, 01 de marzo de 2019 Segunda Sesi\u00f3n, 05 de marzo de 2019 Tercera Sesi\u00f3n, 07 de marzo de 2019 Sesi\u00f3n Solemne &#8211; 12 de marzo de 2019 Conmemoraci\u00f3n del \u00abD\u00eda Internacional de la Mujer\u00bb Quinta Sesi\u00f3n, 12 de marzo de 2019 Sexta Sesi\u00f3n, 20 de marzo de 2019 S\u00e9ptima Sesi\u00f3n, [&hellip;]<\/p>\n","protected":false},"author":5,"featured_media":0,"parent":0,"menu_order":0,"comment_status":"closed","ping_status":"closed","template":"","meta":{"footnotes":""},"categories":[],"tags":[],"class_list":["post-33392","page","type-page","status-publish","hentry"],"_links":{"self":[{"href":"https:\/\/www.congresocoahuila.gob.mx\/portal\/wp-json\/wp\/v2\/pages\/33392","targetHints":{"allow":["GET"]}}],"collection":[{"href":"https:\/\/www.congresocoahuila.gob.mx\/portal\/wp-json\/wp\/v2\/pages"}],"about":[{"href":"https:\/\/www.congresocoahuila.gob.mx\/portal\/wp-json\/wp\/v2\/types\/page"}],"author":[{"embeddable":true,"href":"https:\/\/www.congresocoahuila.gob.mx\/portal\/wp-json\/wp\/v2\/users\/5"}],"replies":[{"embeddable":true,"href":"https:\/\/www.congresocoahuila.gob.mx\/portal\/wp-json\/wp\/v2\/comments?post=33392"}],"version-history":[{"count":14,"href":"https:\/\/www.congresocoahuila.gob.mx\/portal\/wp-json\/wp\/v2\/pages\/33392\/revisions"}],"predecessor-version":[{"id":34680,"href":"https:\/\/www.congresocoahuila.gob.mx\/portal\/wp-json\/wp\/v2\/pages\/33392\/revisions\/34680"}],"wp:attachment":[{"href":"https:\/\/www.congresocoahuila.gob.mx\/portal\/wp-json\/wp\/v2\/media?parent=33392"}],"wp:term":[{"taxonomy":"category","embeddable":true,"href":"https:\/\/www.congresocoahuila.gob.mx\/portal\/wp-json\/wp\/v2\/categories?post=33392"},{"taxonomy":"post_tag","embeddable":true,"href":"https:\/\/www.congresocoahuila.gob.mx\/portal\/wp-json\/wp\/v2\/tags?post=33392"}],"curies":[{"name":"wp","href":"https:\/\/api.w.org\/{rel}","templated":true}]}}