{"id":33624,"date":"2019-03-29T13:15:43","date_gmt":"2019-03-29T19:15:43","guid":{"rendered":"http:\/\/congresocoahuila.gob.mx\/portal\/?page_id=33624"},"modified":"2022-07-05T13:31:06","modified_gmt":"2022-07-05T18:31:06","slug":"articulo-21-30-2","status":"publish","type":"page","link":"https:\/\/www.congresocoahuila.gob.mx\/portal\/articulo-21-30-2\/","title":{"rendered":"ART\u00cdCULO 21.30.2"},"content":{"rendered":"<div><a href=\"https:\/\/congresocoahuila.gob.mx\/transparencia\/ART\/21\/30\/02\/2018.xlsx\">2018<\/a> Enero &#8211; Diciembre<\/div>\r\n<div><a href=\"https:\/\/congresocoahuila.gob.mx\/transparencia\/ART\/21\/30\/02\/2019.xlsx\">2019<\/a> Enero &#8211; Diciembre<\/div>\r\n<div><a href=\"https:\/\/congresocoahuila.gob.mx\/transparencia\/ART\/21\/30\/02\/2020.xlsx\">2020<\/a> Enero &#8211; Septiembre<\/div>\r\n<div><a href=\"https:\/\/congresocoahuila.gob.mx\/transparencia\/ART\/21\/30\/02\/2020_ENERO_DICIEMBRE.xlsx\">2020<\/a> Enero- Diciembre<\/div>\r\n<div><a href=\"https:\/\/congresocoahuila.gob.mx\/transparencia\/ART\/21\/30\/02\/2021_ENERO_JUNIO.xlsx\">2021<\/a> Enero &#8211; Septiembre<\/div>\r\n<div><a href=\"https:\/\/congresocoahuila.gob.mx\/transparencia\/ART\/21\/30\/02\/2021_ENERO_DICIEMBRE.xlsx\">2021<\/a> Enero-Diciembre<\/div>\r\n<div><a href=\"https:\/\/congresocoahuila.gob.mx\/transparencia\/ART\/21\/30\/02\/2022.xlsx\">2022<\/a> Enero -Junio<\/div>\r\n<div>\u00a0<\/div>\r\n<div>\u00a0<\/div>\r\n<div><strong>Fecha de Actualizaci\u00f3n:<\/strong> 01 de abril de 2022.<\/div>\r\n<div>\r\n<div style=\"text-align: right;\">\r\n<div style=\"text-align: left;\">\r\n<div><strong>Responsable de la informaci\u00f3n:<\/strong>\u00a0Lic. Jorge Arturo Palomo G\u00f3mez<\/div>\r\n<div><strong>\u00c1rea responsable de la informaci\u00f3n:<\/strong>\u00a0Direcci\u00f3n de Adquisiciones y Activos Fijos de la Tesorer\u00eda del H. Congreso del Estado\u00a0 \u00a0\u00a0<\/div>\r\n<\/div>\r\n<\/div>\r\n<\/div>\r\n\r\n<p>&nbsp;<\/p>\r\n","protected":false},"excerpt":{"rendered":"<p>2018 Enero &#8211; Diciembre 2019 Enero &#8211; Diciembre 2020 Enero &#8211; Septiembre 2020 Enero- Diciembre 2021 Enero &#8211; Septiembre 2021 Enero-Diciembre 2022 Enero -Junio \u00a0 \u00a0 Fecha de Actualizaci\u00f3n: 01 de abril de 2022. Responsable de la informaci\u00f3n:\u00a0Lic. Jorge Arturo Palomo G\u00f3mez \u00c1rea responsable de la informaci\u00f3n:\u00a0Direcci\u00f3n de Adquisiciones y Activos Fijos de la Tesorer\u00eda [&hellip;]<\/p>\n","protected":false},"author":3,"featured_media":0,"parent":0,"menu_order":0,"comment_status":"closed","ping_status":"closed","template":"","meta":{"footnotes":""},"categories":[],"tags":[],"class_list":["post-33624","page","type-page","status-publish","hentry"],"_links":{"self":[{"href":"https:\/\/www.congresocoahuila.gob.mx\/portal\/wp-json\/wp\/v2\/pages\/33624","targetHints":{"allow":["GET"]}}],"collection":[{"href":"https:\/\/www.congresocoahuila.gob.mx\/portal\/wp-json\/wp\/v2\/pages"}],"about":[{"href":"https:\/\/www.congresocoahuila.gob.mx\/portal\/wp-json\/wp\/v2\/types\/page"}],"author":[{"embeddable":true,"href":"https:\/\/www.congresocoahuila.gob.mx\/portal\/wp-json\/wp\/v2\/users\/3"}],"replies":[{"embeddable":true,"href":"https:\/\/www.congresocoahuila.gob.mx\/portal\/wp-json\/wp\/v2\/comments?post=33624"}],"version-history":[{"count":44,"href":"https:\/\/www.congresocoahuila.gob.mx\/portal\/wp-json\/wp\/v2\/pages\/33624\/revisions"}],"predecessor-version":[{"id":43848,"href":"https:\/\/www.congresocoahuila.gob.mx\/portal\/wp-json\/wp\/v2\/pages\/33624\/revisions\/43848"}],"wp:attachment":[{"href":"https:\/\/www.congresocoahuila.gob.mx\/portal\/wp-json\/wp\/v2\/media?parent=33624"}],"wp:term":[{"taxonomy":"category","embeddable":true,"href":"https:\/\/www.congresocoahuila.gob.mx\/portal\/wp-json\/wp\/v2\/categories?post=33624"},{"taxonomy":"post_tag","embeddable":true,"href":"https:\/\/www.congresocoahuila.gob.mx\/portal\/wp-json\/wp\/v2\/tags?post=33624"}],"curies":[{"name":"wp","href":"https:\/\/api.w.org\/{rel}","templated":true}]}}