{"id":33787,"date":"2019-04-05T17:58:35","date_gmt":"2019-04-05T23:58:35","guid":{"rendered":"http:\/\/congresocoahuila.gob.mx\/portal\/?page_id=33787"},"modified":"2022-07-04T13:56:27","modified_gmt":"2022-07-04T18:56:27","slug":"articulo-18","status":"publish","type":"page","link":"https:\/\/www.congresocoahuila.gob.mx\/portal\/articulo-18\/","title":{"rendered":"ART\u00cdCULO 18"},"content":{"rendered":"<p><strong>Tel\u00e9fono de Atenci\u00f3n:<\/strong>\u00a08442-42-11-15<\/p>\n<p><strong>Correo electr\u00f3nico para opiniones, quejas o sugerencias:<\/strong><br \/>\n<strong>\u00a0<a href=\"mailto:webmaster@congresocoahuila.gob.mx\" target=\"_blank\" rel=\"noopener noreferrer\">webmaster@congres<wbr \/>ocoahuila.gob.mx<\/a><\/strong><\/p>\n<div><strong>Fecha de Actualizaci\u00f3n:<\/strong> <b><strong>\u00a0<\/strong><\/b>1 de julio de 2022.<\/div>\n<div>\n<div><strong>Responsable de la Informaci\u00f3n:\u00a0<\/strong>Lic. Gerardo Blanco Guerra<\/div>\n<div>Oficial Mayor del H. Congreso del Estado de Coahuila<\/div>\n<\/div>\n","protected":false},"excerpt":{"rendered":"<p>Tel\u00e9fono de Atenci\u00f3n:\u00a08442-42-11-15 Correo electr\u00f3nico para opiniones, quejas o sugerencias: \u00a0webmaster@congresocoahuila.gob.mx Fecha de Actualizaci\u00f3n: \u00a01 de julio de 2022. Responsable de la Informaci\u00f3n:\u00a0Lic. Gerardo Blanco Guerra Oficial Mayor del H. Congreso del Estado de Coahuila<\/p>\n","protected":false},"author":3,"featured_media":0,"parent":0,"menu_order":0,"comment_status":"closed","ping_status":"closed","template":"","meta":{"footnotes":""},"categories":[],"tags":[],"class_list":["post-33787","page","type-page","status-publish","hentry"],"_links":{"self":[{"href":"https:\/\/www.congresocoahuila.gob.mx\/portal\/wp-json\/wp\/v2\/pages\/33787","targetHints":{"allow":["GET"]}}],"collection":[{"href":"https:\/\/www.congresocoahuila.gob.mx\/portal\/wp-json\/wp\/v2\/pages"}],"about":[{"href":"https:\/\/www.congresocoahuila.gob.mx\/portal\/wp-json\/wp\/v2\/types\/page"}],"author":[{"embeddable":true,"href":"https:\/\/www.congresocoahuila.gob.mx\/portal\/wp-json\/wp\/v2\/users\/3"}],"replies":[{"embeddable":true,"href":"https:\/\/www.congresocoahuila.gob.mx\/portal\/wp-json\/wp\/v2\/comments?post=33787"}],"version-history":[{"count":36,"href":"https:\/\/www.congresocoahuila.gob.mx\/portal\/wp-json\/wp\/v2\/pages\/33787\/revisions"}],"predecessor-version":[{"id":43788,"href":"https:\/\/www.congresocoahuila.gob.mx\/portal\/wp-json\/wp\/v2\/pages\/33787\/revisions\/43788"}],"wp:attachment":[{"href":"https:\/\/www.congresocoahuila.gob.mx\/portal\/wp-json\/wp\/v2\/media?parent=33787"}],"wp:term":[{"taxonomy":"category","embeddable":true,"href":"https:\/\/www.congresocoahuila.gob.mx\/portal\/wp-json\/wp\/v2\/categories?post=33787"},{"taxonomy":"post_tag","embeddable":true,"href":"https:\/\/www.congresocoahuila.gob.mx\/portal\/wp-json\/wp\/v2\/tags?post=33787"}],"curies":[{"name":"wp","href":"https:\/\/api.w.org\/{rel}","templated":true}]}}