{"id":33801,"date":"2019-04-06T13:10:35","date_gmt":"2019-04-06T19:10:35","guid":{"rendered":"http:\/\/congresocoahuila.gob.mx\/portal\/?page_id=33801"},"modified":"2022-07-04T22:47:30","modified_gmt":"2022-07-05T03:47:30","slug":"22-2-2","status":"publish","type":"page","link":"https:\/\/www.congresocoahuila.gob.mx\/portal\/22-2-2\/","title":{"rendered":"22.2"},"content":{"rendered":"<div><a href=\"https:\/\/congresocoahuila.gob.mx\/transparencia\/ART\/22\/02\/2022.docx\">2022<\/a><\/div>\n<div><a href=\"https:\/\/congresocoahuila.gob.mx\/transparencia\/ART\/22\/02\/2021.docx\">2021<\/a><\/div>\n<div><a href=\"https:\/\/congresocoahuila.gob.mx\/transparencia\/ART\/22\/02\/2020.docx\">2020<\/a><\/div>\n<div><a href=\"https:\/\/congresocoahuila.gob.mx\/transparencia\/ART\/22\/02\/2019.docx\">2019<\/a><\/div>\n<div><a href=\"https:\/\/congresocoahuila.gob.mx\/transparencia\/ART\/22\/02\/2018.docx\">2018<\/a><\/div>\n<div><\/div>\n<div style=\"text-align: right;\"><strong>Fecha de actualizaci\u00f3n:<\/strong> 1 de julio de 2022.<br \/>\n<strong>Responsable de la Informaci\u00f3n:<\/strong> Lic. Ram\u00f3n Alberto Cortines Boardman<br \/>\nDirector de Comunicaci\u00f3n Social del H. Congreso del Estado de Coahuila.<\/div>\n","protected":false},"excerpt":{"rendered":"<p>2022 2021 2020 2019 2018 Fecha de actualizaci\u00f3n: 1 de julio de 2022. Responsable de la Informaci\u00f3n: Lic. Ram\u00f3n Alberto Cortines Boardman Director de Comunicaci\u00f3n Social del H. Congreso del Estado de Coahuila.<\/p>\n","protected":false},"author":3,"featured_media":0,"parent":0,"menu_order":0,"comment_status":"closed","ping_status":"closed","template":"","meta":{"footnotes":""},"categories":[],"tags":[],"class_list":["post-33801","page","type-page","status-publish","hentry"],"_links":{"self":[{"href":"https:\/\/www.congresocoahuila.gob.mx\/portal\/wp-json\/wp\/v2\/pages\/33801","targetHints":{"allow":["GET"]}}],"collection":[{"href":"https:\/\/www.congresocoahuila.gob.mx\/portal\/wp-json\/wp\/v2\/pages"}],"about":[{"href":"https:\/\/www.congresocoahuila.gob.mx\/portal\/wp-json\/wp\/v2\/types\/page"}],"author":[{"embeddable":true,"href":"https:\/\/www.congresocoahuila.gob.mx\/portal\/wp-json\/wp\/v2\/users\/3"}],"replies":[{"embeddable":true,"href":"https:\/\/www.congresocoahuila.gob.mx\/portal\/wp-json\/wp\/v2\/comments?post=33801"}],"version-history":[{"count":31,"href":"https:\/\/www.congresocoahuila.gob.mx\/portal\/wp-json\/wp\/v2\/pages\/33801\/revisions"}],"predecessor-version":[{"id":43818,"href":"https:\/\/www.congresocoahuila.gob.mx\/portal\/wp-json\/wp\/v2\/pages\/33801\/revisions\/43818"}],"wp:attachment":[{"href":"https:\/\/www.congresocoahuila.gob.mx\/portal\/wp-json\/wp\/v2\/media?parent=33801"}],"wp:term":[{"taxonomy":"category","embeddable":true,"href":"https:\/\/www.congresocoahuila.gob.mx\/portal\/wp-json\/wp\/v2\/categories?post=33801"},{"taxonomy":"post_tag","embeddable":true,"href":"https:\/\/www.congresocoahuila.gob.mx\/portal\/wp-json\/wp\/v2\/tags?post=33801"}],"curies":[{"name":"wp","href":"https:\/\/api.w.org\/{rel}","templated":true}]}}