{"id":33816,"date":"2019-04-06T13:27:41","date_gmt":"2019-04-06T19:27:41","guid":{"rendered":"http:\/\/congresocoahuila.gob.mx\/portal\/?page_id=33816"},"modified":"2022-07-04T22:59:00","modified_gmt":"2022-07-05T03:59:00","slug":"22-7","status":"publish","type":"page","link":"https:\/\/www.congresocoahuila.gob.mx\/portal\/22-7\/","title":{"rendered":"22.7"},"content":{"rendered":"<p><a href=\"https:\/\/congresocoahuila.gob.mx\/transparencia\/ART\/22\/07\/2022.docx\">2022<\/a><br \/>\n<a href=\"https:\/\/congresocoahuila.gob.mx\/transparencia\/ART\/22\/07\/2021.docx\">2021<\/a><br \/>\n<a href=\"https:\/\/congresocoahuila.gob.mx\/transparencia\/ART\/22\/07\/2020.docx\">2020<\/a><br \/>\n<a href=\"https:\/\/congresocoahuila.gob.mx\/transparencia\/ART\/22\/07\/2019.docx\">2019<\/a><br \/>\n<a href=\"https:\/\/congresocoahuila.gob.mx\/transparencia\/ART\/22\/07\/2018.docx\">2018<\/a><br \/>\n<strong>Fecha de actualizaci\u00f3n:<\/strong> 1 de julio de 2022.<br \/>\nResponsable de la Informaci\u00f3n: Lic. Ram\u00f3n Alberto Cortines Boardman;<br \/>\nDirector de Comunicaci\u00f3n Social del H.<\/p>\n","protected":false},"excerpt":{"rendered":"<p>2022 2021 2020 2019 2018 Fecha de actualizaci\u00f3n: 1 de julio de 2022. Responsable de la Informaci\u00f3n: Lic. Ram\u00f3n Alberto Cortines Boardman; Director de Comunicaci\u00f3n Social del H.<\/p>\n","protected":false},"author":3,"featured_media":0,"parent":0,"menu_order":0,"comment_status":"closed","ping_status":"closed","template":"","meta":{"footnotes":""},"categories":[],"tags":[],"class_list":["post-33816","page","type-page","status-publish","hentry"],"_links":{"self":[{"href":"https:\/\/www.congresocoahuila.gob.mx\/portal\/wp-json\/wp\/v2\/pages\/33816","targetHints":{"allow":["GET"]}}],"collection":[{"href":"https:\/\/www.congresocoahuila.gob.mx\/portal\/wp-json\/wp\/v2\/pages"}],"about":[{"href":"https:\/\/www.congresocoahuila.gob.mx\/portal\/wp-json\/wp\/v2\/types\/page"}],"author":[{"embeddable":true,"href":"https:\/\/www.congresocoahuila.gob.mx\/portal\/wp-json\/wp\/v2\/users\/3"}],"replies":[{"embeddable":true,"href":"https:\/\/www.congresocoahuila.gob.mx\/portal\/wp-json\/wp\/v2\/comments?post=33816"}],"version-history":[{"count":27,"href":"https:\/\/www.congresocoahuila.gob.mx\/portal\/wp-json\/wp\/v2\/pages\/33816\/revisions"}],"predecessor-version":[{"id":43823,"href":"https:\/\/www.congresocoahuila.gob.mx\/portal\/wp-json\/wp\/v2\/pages\/33816\/revisions\/43823"}],"wp:attachment":[{"href":"https:\/\/www.congresocoahuila.gob.mx\/portal\/wp-json\/wp\/v2\/media?parent=33816"}],"wp:term":[{"taxonomy":"category","embeddable":true,"href":"https:\/\/www.congresocoahuila.gob.mx\/portal\/wp-json\/wp\/v2\/categories?post=33816"},{"taxonomy":"post_tag","embeddable":true,"href":"https:\/\/www.congresocoahuila.gob.mx\/portal\/wp-json\/wp\/v2\/tags?post=33816"}],"curies":[{"name":"wp","href":"https:\/\/api.w.org\/{rel}","templated":true}]}}