{"id":3436,"date":"2014-11-24T16:22:31","date_gmt":"2014-11-24T22:22:31","guid":{"rendered":"http:\/\/www.congresocoahuila.gob.mx\/portal\/?page_id=3436"},"modified":"2022-09-01T11:41:36","modified_gmt":"2022-09-01T16:41:36","slug":"articulo-21-xl","status":"publish","type":"page","link":"https:\/\/www.congresocoahuila.gob.mx\/portal\/articulo-21-xl\/","title":{"rendered":"ART\u00cdCULO 21-XL"},"content":{"rendered":"<pre>El Congreso del Estado no realiza un informe anual de actividades. Lo anterior en virtud de que dicho concepto no se encuentra contemplado dentro de las atribuciones que contiene la Ley Org\u00e1nica del Congreso del Estado, salvo lo dispuesto en los art\u00edculos 139 y 142, donde se establece que la Diputaci\u00f3n Permanente deber\u00e1 rendir un Informe de sus trabajos, al t\u00e9rmino de sus per\u00edodos de funciones. Los informes se presentar\u00e1n en la primera sesi\u00f3n de cada Per\u00edodo de Sesiones.\r\n\r\nLa Diputaci\u00f3n Permanente funciona cuando el Pleno no est\u00e9 en per\u00edodo de sesiones.\r\n\r\nLa Diputaci\u00f3n Permanente tiene 2 per\u00edodos de funciones al a\u00f1o, el primero comprende los meses de enero y febrero y el segundo los meses de julio y agosto de cada a\u00f1o.\r\n\r\nPor lo que, se cuenta con los informes de la Diputaci\u00f3n Permanente.<\/pre>\n<p><strong>Fecha de Actualizaci\u00f3n:<\/strong>\u00a001 de abril de 2022<br \/>\n<strong>Responsable de la Informaci\u00f3n<\/strong>: Lic. Gerardo Blanco Guerra.<br \/>\nOficial Mayor del\u00a0Congreso del Estado de Coahuila.<\/p>\n<p><strong>QUINCUAG\u00c9SIMA SEXTA LEGISLATURA 2003 &#8211; 2005<br \/>\n<\/strong><br \/>\n<strong>Primer A\u00f1o de Ejercicio Constitucional 2003<\/strong><br \/>\n<a href=\"http:\/\/www.congresocoahuila.gob.mx\/portal\/wp-content\/uploads\/2014\/11\/1receso1anio1.doc\">Informe del Primer Periodo de Receso del Primer A\u00f1o de Ejercicio Constitucional<\/a><br \/>\n<a href=\"http:\/\/www.congresocoahuila.gob.mx\/portal\/wp-content\/uploads\/2014\/11\/1ordinario1anio1.doc\">Informe del Primer Periodo Ordinario del Primer A\u00f1o de Ejercicio Constitucional<\/a><br \/>\n<a href=\"http:\/\/www.congresocoahuila.gob.mx\/portal\/wp-content\/uploads\/2014\/11\/2receso1anio1.doc\">Informe del Segundo Periodo de Receso del Primer A\u00f1o de Ejercicio Constitucional<\/a><br \/>\n<a href=\"http:\/\/www.congresocoahuila.gob.mx\/portal\/wp-content\/uploads\/2014\/11\/2ordinario1anio1.doc\">Informe del Segundo Periodo Ordinario del Primer A\u00f1o de Ejercicio Constitucional<\/a><\/p>\n<p><strong>Segundo A\u00f1o de Ejercicio Constitucional 2004<\/strong><br \/>\n<a href=\"http:\/\/www.congresocoahuila.gob.mx\/portal\/wp-content\/uploads\/2014\/11\/1receso2anio1.doc\">Informe del Primer Periodo de Receso del Segundo A\u00f1o Ejercicio Constitucional<\/a><br \/>\n<a href=\"http:\/\/www.congresocoahuila.gob.mx\/portal\/wp-content\/uploads\/2014\/11\/1ordinario2anio1.doc\">Informe del Primer Periodo Ordinario del Segundo A\u00f1o de Ejercicio Constitucional<\/a><br \/>\n<a href=\"http:\/\/www.congresocoahuila.gob.mx\/portal\/wp-content\/uploads\/2014\/11\/2receso2anio1.doc\">Informe del Segundo Periodo de Receso del Segundo A\u00f1o de Ejercicio Constitucional<\/a><br \/>\n<a href=\"http:\/\/www.congresocoahuila.gob.mx\/portal\/wp-content\/uploads\/2014\/11\/2Ordinario2anio1.doc\">Informe del Segundo Periodo Ordinario del Segundo A\u00f1o de Ejercicio Constitucional <\/a><\/p>\n<p><strong>Tercer A\u00f1o de Ejercicio Constitucional 2005<\/strong><br \/>\n<a href=\"http:\/\/www.congresocoahuila.gob.mx\/portal\/wp-content\/uploads\/2014\/11\/1receso3anio1.doc\">Informe del Primer Periodo de Receso del Tercer A\u00f1o de Ejercicio Constitucional<\/a><br \/>\n<a href=\"http:\/\/www.congresocoahuila.gob.mx\/portal\/wp-content\/uploads\/2014\/11\/1ordinario3anio1.doc\">Informe del Primer Periodo Ordinario del Tercer A\u00f1o de Ejercicio Constitucional<\/a><br \/>\n<a href=\"http:\/\/www.congresocoahuila.gob.mx\/portal\/wp-content\/uploads\/2014\/11\/2receso3anio1.doc\">Informe del Segundo Periodo de Receso del Tercer A\u00f1o de Ejercicio Constitucional<\/a><\/p>\n<p><strong>QUINCUAG\u00c9SIMA S\u00c9PTIMA LEGISLATURA 2006 &#8211; 2008 <\/strong><\/p>\n<p><strong>Primer A\u00f1o de Ejercicio Constitucional 2006<\/strong><br \/>\n<a href=\"http:\/\/www.congresocoahuila.gob.mx\/portal\/wp-content\/uploads\/2014\/11\/1receso1anio061.doc\">Informe del Primer Periodo de Receso del Primer A\u00f1o de Ejercicio Constitucional<\/a><br \/>\n<a href=\"http:\/\/www.congresocoahuila.gob.mx\/portal\/wp-content\/uploads\/2014\/11\/2receso1anio062.doc\">Informe del Segundo Periodo de Receso del Primer A\u00f1o de Ejercicio Constitucional<\/a><\/p>\n<p><strong>Segundo A\u00f1o de Ejercicio Constitucional 2007<\/strong><br \/>\n<a href=\"http:\/\/www.congresocoahuila.gob.mx\/portal\/wp-content\/uploads\/2014\/11\/1receso2anio07.doc\">Informe del Primer Periodo de Receso del Segundo A\u00f1o de Ejercicio Constitucional<\/a><br \/>\n<a href=\"http:\/\/www.congresocoahuila.gob.mx\/portal\/wp-content\/uploads\/2014\/12\/2receso207.doc\">Informe del Segundo Periodo de Receso del Segundo A\u00f1o de ejercicio constitucional<\/a><\/p>\n<p><strong>Tercer A\u00f1o de Ejercicio Constitucional 2008<\/strong><br \/>\n<a href=\"http:\/\/www.congresocoahuila.gob.mx\/portal\/wp-content\/uploads\/2014\/11\/1receso3081.doc\">Informe del Primer Periodo de Receso del Tercer A\u00f1o de Ejercicio Constitucional<\/a><br \/>\n<a href=\"http:\/\/www.congresocoahuila.gob.mx\/portal\/wp-content\/uploads\/2014\/11\/2receso3081.doc\">Informe del Segundo Periodo de Receso del Tercer A\u00f1o de Ejercicio Constitucional<\/a><\/p>\n<p><strong>QUINCUAG\u00c9SIMA OCTAVA LEGISLATURA 2009 &#8211; 2011<\/strong><\/p>\n<p><strong>Primer A\u00f1o de Ejercicio Constitucional 2009<\/strong><br \/>\n<a href=\"http:\/\/www.congresocoahuila.gob.mx\/portal\/wp-content\/uploads\/2014\/11\/1receso1091.pdf\">Informe del Primer Periodo de Receso del Primer A\u00f1o de Ejercicio Constitucional<\/a><br \/>\n<a href=\"http:\/\/www.congresocoahuila.gob.mx\/portal\/wp-content\/uploads\/2014\/11\/2receso1091.pdf\">Informe del Segundo Periodo de Receso del Primer A\u00f1o de Ejercicio Constitucional<\/a><\/p>\n<p><strong>Segundo A\u00f1o de Ejercicio Constitucional 2010<\/strong><br \/>\n<a href=\"http:\/\/www.congresocoahuila.gob.mx\/portal\/wp-content\/uploads\/2014\/11\/1receso2101.pdf\">Informe del Primer Periodo de Receso del Segundo A\u00f1o de Ejercicio Constitucional<\/a><br \/>\n<a href=\"http:\/\/www.congresocoahuila.gob.mx\/portal\/wp-content\/uploads\/2014\/11\/2receso2101.pdf\">Informe del Segundo Periodo de Receso del Segundo A\u00f1o de Ejercicio Constitucional<\/a><\/p>\n<p><strong>Tercer A\u00f1o de Ejercicio Constitucional 2011<\/strong><br \/>\n<a href=\"http:\/\/www.congresocoahuila.gob.mx\/portal\/wp-content\/uploads\/2014\/11\/1receso3111.pdf\">Informe de la Diputaci\u00f3n Permanente &#8211; Tercer A\u00f1o de Ejercicio Constitucional<\/a><\/p>\n<p><strong>QUINCUAG\u00c9SIMA NOVENA LEGISLATURA 2012 &#8211; 2014<\/strong><\/p>\n<p><strong>Primer A\u00f1o de Ejercicio Constitucional 2012<\/strong><br \/>\n<a href=\"http:\/\/www.congresocoahuila.gob.mx\/portal\/wp-content\/uploads\/2014\/11\/publicacion1.pdf\">Informe del Primer Per\u00edodo Ordinario- Primer A\u00f1o de Ejercicio Constitucional<\/a><br \/>\n<a href=\"http:\/\/www.congresocoahuila.gob.mx\/portal\/wp-content\/uploads\/2014\/11\/2012Receso1.pdf\">Informe de la Diputaci\u00f3n Permanente &#8211; Primer A\u00f1o de Ejercicio Constitucional<\/a><br \/>\n<a href=\"http:\/\/www.congresocoahuila.gob.mx\/portal\/wp-content\/uploads\/2014\/11\/infanualactividades1.pdf\">Informe Anual- Primer A\u00f1o de Ejercicio Constitucional<\/a><\/p>\n<p><strong>Segundo A\u00f1o de Ejercicio Constitucional 2013<\/strong><br \/>\n<a href=\"http:\/\/www.congresocoahuila.gob.mx\/portal\/wp-content\/uploads\/2014\/11\/20131Informereceso1.pdf\">Informe del Primer Per\u00edodo de la Diputaci\u00f3n Permanente &#8211; Segundo A\u00f1o de Ejercicio Constitucional<\/a><br \/>\n<a href=\"http:\/\/www.congresocoahuila.gob.mx\/portal\/wp-content\/uploads\/2014\/11\/20132Informereceso1.pdf\">Informe del Segundo Per\u00edodo de la Diputaci\u00f3n Permanente &#8211; Segundo A\u00f1o de Ejercicio Constitucional<\/a><\/p>\n<p><strong>Tercer A\u00f1o de Ejercicio Constitucional 2014<\/strong><br \/>\n<a href=\"http:\/\/www.congresocoahuila.gob.mx\/portal\/wp-content\/uploads\/2014\/11\/20141Informereceso1.pdf\">Informe del Primer Per\u00edodo de la Diputaci\u00f3n Permanente &#8211; Tercer A\u00f1o de Ejercicio Constitucional<\/a><br \/>\n<a href=\"http:\/\/www.congresocoahuila.gob.mx\/portal\/wp-content\/uploads\/2014\/11\/20142Informereceso1.pdf\">Informe del Segundo Per\u00edodo de la Diputaci\u00f3n Permanente &#8211; Tercer A\u00f1o de Ejercicio Constitucional<\/a><\/p>\n<p><strong>SEXAG\u00c9SIMA\u00a0LEGISLATURA 2015 &#8211; 2017<\/strong><\/p>\n<p><strong>Primer A\u00f1o de Ejercicio Constitucional 2015<\/strong><br \/>\n<a href=\"http:\/\/congresocoahuila.gob.mx\/portal\/wp-content\/uploads\/2014\/11\/INF_PER_INSTALACION.doc\">Informe del Per\u00edodo de Instalaci\u00f3n \u2013 LX Legislatura<\/a><br \/>\n<a href=\"http:\/\/congresocoahuila.gob.mx\/portal\/wp-content\/uploads\/2014\/11\/2015Informeppr.doc\">Informe del Primer Per\u00edodo de la Diputaci\u00f3n Permanente &#8211; Primer a\u00f1o de Ejercicio Constitucional<\/a><br \/>\n<a href=\"http:\/\/congresocoahuila.gob.mx\/portal\/wp-content\/uploads\/2014\/11\/2015_Informe_Segundo_Per\u00edodo_Receso.pdf\">Informe del Segundo Per\u00edodo de la Diputaci\u00f3n Permanente &#8211; Primer a\u00f1o de Ejercicio Constitucional<\/a><\/p>\n<p><strong>Segundo A\u00f1o de Ejercicio Constitucional 2016<\/strong><br \/>\n<a href=\"http:\/\/congresocoahuila.gob.mx\/portal\/wp-content\/uploads\/2014\/11\/2016_Informe_Primer_Per\u00edodo_Receso.pdf\">Informe del Primer Per\u00edodo de la Diputaci\u00f3n Permanente &#8211; Segundo a\u00f1o de Ejercicio Constitucional<\/a><br \/>\n<a href=\"http:\/\/congresocoahuila.gob.mx\/portal\/wp-content\/uploads\/2014\/11\/2016_Informe_Segundo_Per\u00edodo_Receso.pdf\">Informe del Segundo Per\u00edodo de la Diputaci\u00f3n Permanente &#8211; Segundo a\u00f1o de Ejercicio Constitucional<\/a><\/p>\n<p><strong>Tercer A\u00f1o de Ejercicio Constitucional 2017<\/strong><br \/>\n<a href=\"http:\/\/congresocoahuila.gob.mx\/portal\/wp-content\/uploads\/2014\/11\/2017_Informe_Primer_Per\u00edodo_Receso.pdf\">Informe del Primer Per\u00edodo de la Diputaci\u00f3n Permanente &#8211; Tercer a\u00f1o de Ejercicio Constitucional<\/a><br \/>\n<a href=\"http:\/\/congresocoahuila.gob.mx\/portal\/wp-content\/uploads\/2014\/11\/2017_Informe_Segundo_Per\u00edodo_Receso.pdf\">Informe del Segundo Per\u00edodo de la Diputaci\u00f3n Permanente &#8211; Tercer a\u00f1o de Ejercicio Constitucional<\/a><\/p>\n<p><strong>SEXAG\u00c9SIMA PRIMERA LEGISLATURA 2018 &#8211; 2020<\/strong><\/p>\n<p><strong>Primer A\u00f1o de Ejercicio Constitucional 2018<\/strong><br \/>\n<a href=\"https:\/\/congresocoahuila.gob.mx\/transparencia\/03\/Informes\/2018_Informe_Primer_Periodo_Diputacion_Permanente.pdf\">Informe del Primer Per\u00edodo de la Diputaci\u00f3n Permanente &#8211; Primer a\u00f1o de Ejercicio Constitucional<\/a><br \/>\n<a href=\"https:\/\/congresocoahuila.gob.mx\/transparencia\/03\/Informes\/2018_Informe_Segundo_Periodo_Diputacion_Permanente.pdf\">Informe del Segundo Per\u00edodo de la Diputaci\u00f3n Permanente &#8211; Primer a\u00f1o de Ejercicio Constitucional<\/a><\/p>\n<p><strong>Segundo A\u00f1o de Ejercicio Constitucional 2019<\/strong><br \/>\n<a href=\"https:\/\/congresocoahuila.gob.mx\/transparencia\/03\/Informes\/2019_Informe_Primer_Periodo_Diputacion_Permanente.pdf\">Informe del Primer Per\u00edodo de la Diputaci\u00f3n Permanente &#8211; Segundo a\u00f1o de Ejercicio Constitucional<\/a><br \/>\n<a href=\"https:\/\/congresocoahuila.gob.mx\/transparencia\/03\/Informes\/2019_Informe_Segundo_Periodo_Diputacion_Permanente.pdf\">Informe del Segundo Per\u00edodo de la Diputaci\u00f3n Permanente &#8211; Segundo a\u00f1o de Ejercicio Constitucional<\/a><\/p>\n<p><strong>Tercer A\u00f1o de Ejercicio Constitucional 2020<\/strong><br \/>\n<a href=\"https:\/\/congresocoahuila.gob.mx\/transparencia\/03\/Informes\/2020_Informe_Primer_Periodo_Diputacion_Permanente.pdf\">Informe del Primer Per\u00edodo de la Diputaci\u00f3n Permanente &#8211; Tercer a\u00f1o de Ejercicio Constitucional<\/a><br \/>\n<a href=\"https:\/\/congresocoahuila.gob.mx\/transparencia\/03\/Informes\/2020_Informe_Segundo_Periodo_Diputacion_Permanente.pdf\">Informe del Segundo Per\u00edodo de la Diputaci\u00f3n Permanente &#8211; Tercer a\u00f1o de Ejercicio Constitucional<\/a><\/p>\n<p><strong>SEXAG\u00c9SIMA SEGUNDA LEGISLATURA 2021 &#8211; 2023<\/strong><\/p>\n<p><strong>Primer A\u00f1o de Ejercicio Constitucional 2021<\/strong><br \/>\n<a href=\"https:\/\/congresocoahuila.gob.mx\/transparencia\/03\/Informes\/2021_Informe_Primer_Periodo_Diputacion_Permanente.pdf\">Informe del Primer Per\u00edodo de la Diputaci\u00f3n Permanente &#8211; Primer a\u00f1o de Ejercicio Constitucional<\/a><br \/>\n<a href=\"https:\/\/congresocoahuila.gob.mx\/transparencia\/03\/Informes\/2021_Informe_Segundo_Periodo_Diputacion_Permanente.pdf\">Informe del Segundo Per\u00edodo de la Diputaci\u00f3n Permanente &#8211; Primer a\u00f1o de Ejercicio Constitucional<\/a><\/p>\n<p><strong>Primer A\u00f1o de Ejercicio Constitucional 2022<\/strong><br \/>\n<a href=\"https:\/\/congresocoahuila.gob.mx\/transparencia\/03\/Informes\/2022_Informe_Primer_Periodo_Diputacion_Permanente.pdf\">Informe del Primer Per\u00edodo de la Diputaci\u00f3n Permanente &#8211; Segundo a\u00f1o de Ejercicio Constitucional<\/a><br \/>\n<a href=\"https:\/\/congresocoahuila.gob.mx\/transparencia\/03\/Informes\/2022_Informe_Segundo_Periodo_Diputacion_Permanente.pdf\">Informe del Segundo Per\u00edodo de la Diputaci\u00f3n Permanente &#8211; Segundo a\u00f1o de Ejercicio Constitucional<\/a><\/p>\n","protected":false},"excerpt":{"rendered":"<p>El Congreso del Estado no realiza un informe anual de actividades. Lo anterior en virtud de que dicho concepto no se encuentra contemplado dentro de las atribuciones que contiene la Ley Org\u00e1nica del Congreso del Estado, salvo lo dispuesto en los art\u00edculos 139 y 142, donde se establece que la Diputaci\u00f3n Permanente deber\u00e1 rendir un [&hellip;]<\/p>\n","protected":false},"author":3,"featured_media":0,"parent":0,"menu_order":0,"comment_status":"closed","ping_status":"closed","template":"","meta":{"footnotes":""},"categories":[],"tags":[],"class_list":["post-3436","page","type-page","status-publish","hentry"],"_links":{"self":[{"href":"https:\/\/www.congresocoahuila.gob.mx\/portal\/wp-json\/wp\/v2\/pages\/3436","targetHints":{"allow":["GET"]}}],"collection":[{"href":"https:\/\/www.congresocoahuila.gob.mx\/portal\/wp-json\/wp\/v2\/pages"}],"about":[{"href":"https:\/\/www.congresocoahuila.gob.mx\/portal\/wp-json\/wp\/v2\/types\/page"}],"author":[{"embeddable":true,"href":"https:\/\/www.congresocoahuila.gob.mx\/portal\/wp-json\/wp\/v2\/users\/3"}],"replies":[{"embeddable":true,"href":"https:\/\/www.congresocoahuila.gob.mx\/portal\/wp-json\/wp\/v2\/comments?post=3436"}],"version-history":[{"count":70,"href":"https:\/\/www.congresocoahuila.gob.mx\/portal\/wp-json\/wp\/v2\/pages\/3436\/revisions"}],"predecessor-version":[{"id":43933,"href":"https:\/\/www.congresocoahuila.gob.mx\/portal\/wp-json\/wp\/v2\/pages\/3436\/revisions\/43933"}],"wp:attachment":[{"href":"https:\/\/www.congresocoahuila.gob.mx\/portal\/wp-json\/wp\/v2\/media?parent=3436"}],"wp:term":[{"taxonomy":"category","embeddable":true,"href":"https:\/\/www.congresocoahuila.gob.mx\/portal\/wp-json\/wp\/v2\/categories?post=3436"},{"taxonomy":"post_tag","embeddable":true,"href":"https:\/\/www.congresocoahuila.gob.mx\/portal\/wp-json\/wp\/v2\/tags?post=3436"}],"curies":[{"name":"wp","href":"https:\/\/api.w.org\/{rel}","templated":true}]}}