{"id":34814,"date":"2019-07-03T14:39:19","date_gmt":"2019-07-03T19:39:19","guid":{"rendered":"http:\/\/congresocoahuila.gob.mx\/portal\/?page_id=34814"},"modified":"2019-08-28T13:00:32","modified_gmt":"2019-08-28T18:00:32","slug":"segundo-periodo-de-la-diputacion-permanente-de-la-lxi-legislatura-2019","status":"publish","type":"page","link":"https:\/\/www.congresocoahuila.gob.mx\/portal\/segundo-periodo-de-la-diputacion-permanente-de-la-lxi-legislatura-2019\/","title":{"rendered":"SEGUNDO PER\u00cdODO DE LA DIPUTACI\u00d3N PERMANENTE DE LA LXI LEGISLATURA 2019"},"content":{"rendered":"<p><a href=\"https:\/\/congresocoahuila.gob.mx\/transparencia\/ART\/26\/05\/2DO_PERIODO_DIPUTACION_PERMANENTE_LXI_2019\/SPR_S01_20190702.pdf\" target=\"_blank\" rel=\"noreferrer noopener\" aria-label=\" (abre en una nueva pesta\u00f1a)\">Primera Sesi\u00f3n del d\u00eda 02 de julio de 2019<\/a><\/p>\n<p><a href=\"https:\/\/congresocoahuila.gob.mx\/transparencia\/ART\/26\/05\/2DO_PERIODO_DIPUTACION_PERMANENTE_LXI_2019\/SPR_S02_20190709.pdf\" target=\"_blank\" rel=\"noreferrer noopener\" aria-label=\" (abre en una nueva pesta\u00f1a)\">Segunda Sesi\u00f3n del d\u00eda 09 de julio de 2019<\/a><\/p>\n<p><a href=\"https:\/\/congresocoahuila.gob.mx\/transparencia\/ART\/26\/05\/2DO_PERIODO_DIPUTACION_PERMANENTE_LXI_2019\/SPR_S03_20190710.pdf\" target=\"_blank\" rel=\"noreferrer noopener\" aria-label=\" (abre en una nueva pesta\u00f1a)\">Tercera Sesi\u00f3n del d\u00eda 10 de julio de 2019<\/a><\/p>\n<p><a href=\"https:\/\/congresocoahuila.gob.mx\/transparencia\/ART\/26\/05\/2DO_PERIODO_DIPUTACION_PERMANENTE_LXI_2019\/SPR_S04_20190806.pdf\" target=\"_blank\" rel=\"noreferrer noopener\" aria-label=\" (abre en una nueva pesta\u00f1a)\">Cuarta Sesi\u00f3n del d\u00eda 06 de agosto de 2019<\/a><\/p>\n<p><a href=\"https:\/\/congresocoahuila.gob.mx\/transparencia\/ART\/26\/05\/2DO_PERIODO_DIPUTACION_PERMANENTE_LXI_2019\/SPR_S05_20190813.pdf\" target=\"_blank\" rel=\"noreferrer noopener\" aria-label=\" (abre en una nueva pesta\u00f1a)\">Quinta Sesi\u00f3n del d\u00eda 13 de agosto de 2019<\/a><\/p>\n<p><a href=\"https:\/\/congresocoahuila.gob.mx\/transparencia\/ART\/26\/05\/2DO_PERIODO_DIPUTACION_PERMANENTE_LXI_2019\/SPR_S06_20190820.pdf\" target=\"_blank\" rel=\"noreferrer noopener\" aria-label=\" (abre en una nueva pesta\u00f1a)\">Sexta Sesi\u00f3n del d\u00eda 20 de agosto de 2019<\/a><\/p>\n<p><a href=\"https:\/\/congresocoahuila.gob.mx\/transparencia\/ART\/26\/05\/2DO_PERIODO_DIPUTACION_PERMANENTE_LXI_2019\/SPR_S07_20190827.pdf\" target=\"_blank\" rel=\"noreferrer noopener\" aria-label=\" (abre en una nueva pesta\u00f1a)\">S\u00e9ptima Sesi\u00f3n del d\u00eda 27 de agosto de 2019<\/a><\/p>\n","protected":false},"excerpt":{"rendered":"<p>Primera Sesi\u00f3n del d\u00eda 02 de julio de 2019 Segunda Sesi\u00f3n del d\u00eda 09 de julio de 2019 Tercera Sesi\u00f3n del d\u00eda 10 de julio de 2019 Cuarta Sesi\u00f3n del d\u00eda 06 de agosto de 2019 Quinta Sesi\u00f3n del d\u00eda 13 de agosto de 2019 Sexta Sesi\u00f3n del d\u00eda 20 de agosto de 2019 S\u00e9ptima [&hellip;]<\/p>\n","protected":false},"author":5,"featured_media":0,"parent":0,"menu_order":0,"comment_status":"closed","ping_status":"closed","template":"","meta":{"footnotes":""},"categories":[],"tags":[],"class_list":["post-34814","page","type-page","status-publish","hentry"],"_links":{"self":[{"href":"https:\/\/www.congresocoahuila.gob.mx\/portal\/wp-json\/wp\/v2\/pages\/34814","targetHints":{"allow":["GET"]}}],"collection":[{"href":"https:\/\/www.congresocoahuila.gob.mx\/portal\/wp-json\/wp\/v2\/pages"}],"about":[{"href":"https:\/\/www.congresocoahuila.gob.mx\/portal\/wp-json\/wp\/v2\/types\/page"}],"author":[{"embeddable":true,"href":"https:\/\/www.congresocoahuila.gob.mx\/portal\/wp-json\/wp\/v2\/users\/5"}],"replies":[{"embeddable":true,"href":"https:\/\/www.congresocoahuila.gob.mx\/portal\/wp-json\/wp\/v2\/comments?post=34814"}],"version-history":[{"count":7,"href":"https:\/\/www.congresocoahuila.gob.mx\/portal\/wp-json\/wp\/v2\/pages\/34814\/revisions"}],"predecessor-version":[{"id":35272,"href":"https:\/\/www.congresocoahuila.gob.mx\/portal\/wp-json\/wp\/v2\/pages\/34814\/revisions\/35272"}],"wp:attachment":[{"href":"https:\/\/www.congresocoahuila.gob.mx\/portal\/wp-json\/wp\/v2\/media?parent=34814"}],"wp:term":[{"taxonomy":"category","embeddable":true,"href":"https:\/\/www.congresocoahuila.gob.mx\/portal\/wp-json\/wp\/v2\/categories?post=34814"},{"taxonomy":"post_tag","embeddable":true,"href":"https:\/\/www.congresocoahuila.gob.mx\/portal\/wp-json\/wp\/v2\/tags?post=34814"}],"curies":[{"name":"wp","href":"https:\/\/api.w.org\/{rel}","templated":true}]}}