{"id":35050,"date":"2019-07-22T14:27:54","date_gmt":"2019-07-22T19:27:54","guid":{"rendered":"http:\/\/congresocoahuila.gob.mx\/portal\/?page_id=35050"},"modified":"2019-07-22T14:27:55","modified_gmt":"2019-07-22T19:27:55","slug":"segundo-periodo-extraordinario-de-la-lxi-legislatura-2019","status":"publish","type":"page","link":"https:\/\/www.congresocoahuila.gob.mx\/portal\/segundo-periodo-extraordinario-de-la-lxi-legislatura-2019\/","title":{"rendered":"SEGUNDO PER\u00cdODO EXTRAORDINARIO DE LA LXI LEGISLATURA 2019"},"content":{"rendered":"<p><a href=\"https:\/\/congresocoahuila.gob.mx\/transparencia\/ART\/26\/05\/2do_PERIODO_EXTRA_2019\/SPE_S01_20190718.pdf\">Primera Sesi\u00f3n del d\u00eda 18 de julio de 2019<\/a><\/p>\n<p><a href=\"https:\/\/congresocoahuila.gob.mx\/transparencia\/ART\/26\/05\/2do_PERIODO_EXTRA_2019\/SPE_S02_20190718.pdf\">Segunda Sesi\u00f3n del d\u00eda 18 de julio de 2019<\/a><\/p>\n","protected":false},"excerpt":{"rendered":"<p>Primera Sesi\u00f3n del d\u00eda 18 de julio de 2019 Segunda Sesi\u00f3n del d\u00eda 18 de julio de 2019<\/p>\n","protected":false},"author":5,"featured_media":0,"parent":0,"menu_order":0,"comment_status":"closed","ping_status":"closed","template":"","meta":{"footnotes":""},"categories":[],"tags":[],"class_list":["post-35050","page","type-page","status-publish","hentry"],"_links":{"self":[{"href":"https:\/\/www.congresocoahuila.gob.mx\/portal\/wp-json\/wp\/v2\/pages\/35050","targetHints":{"allow":["GET"]}}],"collection":[{"href":"https:\/\/www.congresocoahuila.gob.mx\/portal\/wp-json\/wp\/v2\/pages"}],"about":[{"href":"https:\/\/www.congresocoahuila.gob.mx\/portal\/wp-json\/wp\/v2\/types\/page"}],"author":[{"embeddable":true,"href":"https:\/\/www.congresocoahuila.gob.mx\/portal\/wp-json\/wp\/v2\/users\/5"}],"replies":[{"embeddable":true,"href":"https:\/\/www.congresocoahuila.gob.mx\/portal\/wp-json\/wp\/v2\/comments?post=35050"}],"version-history":[{"count":1,"href":"https:\/\/www.congresocoahuila.gob.mx\/portal\/wp-json\/wp\/v2\/pages\/35050\/revisions"}],"predecessor-version":[{"id":35052,"href":"https:\/\/www.congresocoahuila.gob.mx\/portal\/wp-json\/wp\/v2\/pages\/35050\/revisions\/35052"}],"wp:attachment":[{"href":"https:\/\/www.congresocoahuila.gob.mx\/portal\/wp-json\/wp\/v2\/media?parent=35050"}],"wp:term":[{"taxonomy":"category","embeddable":true,"href":"https:\/\/www.congresocoahuila.gob.mx\/portal\/wp-json\/wp\/v2\/categories?post=35050"},{"taxonomy":"post_tag","embeddable":true,"href":"https:\/\/www.congresocoahuila.gob.mx\/portal\/wp-json\/wp\/v2\/tags?post=35050"}],"curies":[{"name":"wp","href":"https:\/\/api.w.org\/{rel}","templated":true}]}}