{"id":3517,"date":"2014-11-24T18:11:50","date_gmt":"2014-11-25T00:11:50","guid":{"rendered":"http:\/\/www.congresocoahuila.gob.mx\/portal\/?page_id=3517"},"modified":"2022-03-31T11:05:44","modified_gmt":"2022-03-31T17:05:44","slug":"articulo-26-vi-ii","status":"publish","type":"page","link":"https:\/\/www.congresocoahuila.gob.mx\/portal\/articulo-26-vi-ii\/","title":{"rendered":"ART\u00cdCULO 26-VI-II"},"content":{"rendered":"<p><strong>Dict\u00e1menes<\/strong><br \/>\n<a href=\"http:\/\/congresocoahuila.gob.mx\/portal\/dictamenes-2021-2023\">Dict\u00e1menes LXII Legislatura 2021-2023<\/a><br \/>\n<a href=\"http:\/\/congresocoahuila.gob.mx\/portal\/dictamenes-2018-2020\">Dict\u00e1menes LXI Legislatura 2018-2020<\/a><br \/>\n<a title=\"DICT\u00c1MENES-2015-2017\" href=\"http:\/\/congresocoahuila.gob.mx\/portal\/?page_id=12393\">Dict\u00e1menes LX Legislatura 2015-2017<\/a><br \/>\n<a title=\"ART\u00cdCULO 21-XXIII-DICT\u00c1MENES-2012-2014\" href=\"http:\/\/www.congresocoahuila.gob.mx\/portal?page_id=3864\">Dict\u00e1menes LIX Legislatura 2012-2014<\/a><br \/>\n<a title=\"ART\u00cdCULO 21-XXIII-DICT\u00c1MENES-2009-2011\" href=\"http:\/\/www.congresocoahuila.gob.mx\/portal?page_id=3867\">Dict\u00e1menes LVIII Legislatura 2009-2011<\/a><br \/>\n<a title=\"ART\u00cdCULO 21-XXIII-DICT\u00c1MENES-2006-2008\" href=\"http:\/\/www.congresocoahuila.gob.mx\/portal?page_id=3870\">Dict\u00e1menes LVII Legislatura 2006-2008<\/a><br \/>\n<a title=\"ART\u00cdCULO 21-XXIII-DICT\u00c1MENES-2003-2005\" href=\"http:\/\/www.congresocoahuila.gob.mx\/portal?page_id=3874\">Dict\u00e1menes LVI Legislatura 2003-2005<\/a><\/p>\n<p><strong>Fecha de actualizaci\u00f3n:<\/strong>\u00a001 de Abril de 2022<br \/>\n<strong>Responsable de la Informaci\u00f3n:<\/strong>\u00a0Lic. Gerardo Blanco Guerra,<br \/>\nOficial Mayor del H. Congreso del Estado de Coahuila.<\/p>\n","protected":false},"excerpt":{"rendered":"<p>Dict\u00e1menes Dict\u00e1menes LXII Legislatura 2021-2023 Dict\u00e1menes LXI Legislatura 2018-2020 Dict\u00e1menes LX Legislatura 2015-2017 Dict\u00e1menes LIX Legislatura 2012-2014 Dict\u00e1menes LVIII Legislatura 2009-2011 Dict\u00e1menes LVII Legislatura 2006-2008 Dict\u00e1menes LVI Legislatura 2003-2005 Fecha de actualizaci\u00f3n:\u00a001 de Abril de 2022 Responsable de la Informaci\u00f3n:\u00a0Lic. Gerardo Blanco Guerra, Oficial Mayor del H. Congreso del Estado de Coahuila.<\/p>\n","protected":false},"author":3,"featured_media":0,"parent":0,"menu_order":0,"comment_status":"closed","ping_status":"closed","template":"","meta":{"footnotes":""},"categories":[],"tags":[],"class_list":["post-3517","page","type-page","status-publish","hentry"],"_links":{"self":[{"href":"https:\/\/www.congresocoahuila.gob.mx\/portal\/wp-json\/wp\/v2\/pages\/3517","targetHints":{"allow":["GET"]}}],"collection":[{"href":"https:\/\/www.congresocoahuila.gob.mx\/portal\/wp-json\/wp\/v2\/pages"}],"about":[{"href":"https:\/\/www.congresocoahuila.gob.mx\/portal\/wp-json\/wp\/v2\/types\/page"}],"author":[{"embeddable":true,"href":"https:\/\/www.congresocoahuila.gob.mx\/portal\/wp-json\/wp\/v2\/users\/3"}],"replies":[{"embeddable":true,"href":"https:\/\/www.congresocoahuila.gob.mx\/portal\/wp-json\/wp\/v2\/comments?post=3517"}],"version-history":[{"count":47,"href":"https:\/\/www.congresocoahuila.gob.mx\/portal\/wp-json\/wp\/v2\/pages\/3517\/revisions"}],"predecessor-version":[{"id":43274,"href":"https:\/\/www.congresocoahuila.gob.mx\/portal\/wp-json\/wp\/v2\/pages\/3517\/revisions\/43274"}],"wp:attachment":[{"href":"https:\/\/www.congresocoahuila.gob.mx\/portal\/wp-json\/wp\/v2\/media?parent=3517"}],"wp:term":[{"taxonomy":"category","embeddable":true,"href":"https:\/\/www.congresocoahuila.gob.mx\/portal\/wp-json\/wp\/v2\/categories?post=3517"},{"taxonomy":"post_tag","embeddable":true,"href":"https:\/\/www.congresocoahuila.gob.mx\/portal\/wp-json\/wp\/v2\/tags?post=3517"}],"curies":[{"name":"wp","href":"https:\/\/api.w.org\/{rel}","templated":true}]}}