{"id":3520,"date":"2014-11-24T18:16:05","date_gmt":"2014-11-25T00:16:05","guid":{"rendered":"http:\/\/www.congresocoahuila.gob.mx\/portal\/?page_id=3520"},"modified":"2022-07-05T09:00:21","modified_gmt":"2022-07-05T14:00:21","slug":"articulo-26-vii","status":"publish","type":"page","link":"https:\/\/www.congresocoahuila.gob.mx\/portal\/articulo-26-vii\/","title":{"rendered":"ART\u00cdCULO 26-VII"},"content":{"rendered":"<p><strong>LAS LEYES, DECRETOS, ACUERDOS APROBADOS, PUNTOS DE ACUERDO PRESENTADOS Y EXHORTOS POR EL PLENO DEL CONGRESO O DIPUTACI\u00d3N PERMANENTE<\/strong><\/p>\n<div>\n<div class=\"gs\">\n<div class=\"\">\n<div id=\":2py\" class=\"ii gt\">\n<div id=\":2px\" class=\"a3s aiL \"><strong>Fecha de Actualizaci\u00f3n:<\/strong> 1 de julio de 2022.<br \/>\n<strong>Responsable de la Informaci\u00f3n:\u00a0<\/strong>Lic. Gerardo Blanco Guerra,<br \/>\nOficial Mayor del H. Congreso del Estado de Coahuila.<\/p>\n<div class=\"yj6qo\"><\/div>\n<div class=\"adL\"><\/div>\n<\/div>\n<\/div>\n<div class=\"hi\"><strong style=\"font-size: inherit;\">Legislaci\u00f3n<\/strong><\/div>\n<\/div>\n<\/div>\n<\/div>\n<p><a title=\"LEYES ESTATALES VIGENTES\" href=\"http:\/\/www.congresocoahuila.gob.mx\/portal?page_id=538\">Legislaci\u00f3n Estatal Vigente <\/a><\/p>\n<p><strong>Decretos<\/strong><br \/>\n<a href=\"http:\/\/congresocoahuila.gob.mx\/portal\/decretos-2021-2023\">Decretos LXII Legislatura 2021-2023<\/a><br \/>\n<a href=\"http:\/\/congresocoahuila.gob.mx\/portal\/decretos-2018-2020\">Decretos LXI Legislatura 2018-2020<\/a><br \/>\n<a title=\"DECRETOS-2015-2017\" href=\"http:\/\/congresocoahuila.gob.mx\/portal\/?page_id=12066\">Decretos LX Legislatura 2015-2017<\/a><br \/>\n<a title=\"ART\u00cdCULO 26-VII DECRETOS 2012-2014\" href=\"http:\/\/www.congresocoahuila.gob.mx\/portal?page_id=3805\">Decretos LIX Legislatura 2012-2014<\/a><br \/>\n<a title=\"ART\u00cdCULO 21-XXIII-DECRETOS-2009-2011\" href=\"http:\/\/www.congresocoahuila.gob.mx\/portal?page_id=3849\">Decretos LVIII Legislatura 2009-2011<\/a><br \/>\n<a title=\"ART\u00cdCULO 21-XXIII-DECRETOS-2006-2008\" href=\"http:\/\/www.congresocoahuila.gob.mx\/portal?page_id=3855\">Decretos LVII Legislatura 2006-2008<\/a><br \/>\n<a title=\"ART\u00cdCULO 21-XXIII-DECRETOS-2003-2005\" href=\"http:\/\/www.congresocoahuila.gob.mx\/portal?page_id=3860\">Decretos LVI Legislatura 2003-2005<\/a><\/p>\n<p><strong>Acuerdos<\/strong><br \/>\n<a href=\"http:\/\/congresocoahuila.gob.mx\/portal\/acuerdos-2021-2023\">Acuerdos LXII Legislatura 2021-2023<\/a><br \/>\n<a href=\"http:\/\/congresocoahuila.gob.mx\/portal\/acuerdos-2018-2020\">Acuerdos LXI Legislatura 2018-2020<\/a><br \/>\n<a title=\"ACUERDOS 2015-2017\" href=\"http:\/\/congresocoahuila.gob.mx\/portal\/?page_id=12382\">Acuerdos LX Legislatura 2015-2017<\/a><br \/>\n<a title=\"ART\u00cdCULO 21-XXIII ACUERDOS LIX LEGISLATURA 2012-2014\" href=\"http:\/\/www.congresocoahuila.gob.mx\/portal?page_id=3810\">Acuerdos LIX Legislatura 2012-2014<\/a><br \/>\n<a title=\"ART\u00cdCULO 21-XXIII-ACUERDOS-2009-2011\" href=\"http:\/\/www.congresocoahuila.gob.mx\/portal?page_id=3839\">Acuerdos LVIII Legislatura 2009-2011<\/a><br \/>\n<a title=\"ART\u00cdCULO 21-XXIII-ACUERDOS-2006-2008\" href=\"http:\/\/www.congresocoahuila.gob.mx\/portal?page_id=3842\">Acuerdos LVII Legislatura 2006-2008<\/a><\/p>\n<p><strong>Puntos de Acuerdo<\/strong><br \/>\n<a href=\"http:\/\/congresocoahuila.gob.mx\/portal\/puntos-de-acuerdo-lxii-legislatura-2021-2023\">Puntos de Acuerdo LXII Legislatura 2021-2023<\/a><\/p>\n","protected":false},"excerpt":{"rendered":"<p>LAS LEYES, DECRETOS, ACUERDOS APROBADOS, PUNTOS DE ACUERDO PRESENTADOS Y EXHORTOS POR EL PLENO DEL CONGRESO O DIPUTACI\u00d3N PERMANENTE Fecha de Actualizaci\u00f3n: 1 de julio de 2022. Responsable de la Informaci\u00f3n:\u00a0Lic. Gerardo Blanco Guerra, Oficial Mayor del H. Congreso del Estado de Coahuila. Legislaci\u00f3n Legislaci\u00f3n Estatal Vigente Decretos Decretos LXII Legislatura 2021-2023 Decretos LXI Legislatura [&hellip;]<\/p>\n","protected":false},"author":3,"featured_media":0,"parent":0,"menu_order":0,"comment_status":"closed","ping_status":"closed","template":"","meta":{"footnotes":""},"categories":[],"tags":[],"class_list":["post-3520","page","type-page","status-publish","hentry"],"_links":{"self":[{"href":"https:\/\/www.congresocoahuila.gob.mx\/portal\/wp-json\/wp\/v2\/pages\/3520","targetHints":{"allow":["GET"]}}],"collection":[{"href":"https:\/\/www.congresocoahuila.gob.mx\/portal\/wp-json\/wp\/v2\/pages"}],"about":[{"href":"https:\/\/www.congresocoahuila.gob.mx\/portal\/wp-json\/wp\/v2\/types\/page"}],"author":[{"embeddable":true,"href":"https:\/\/www.congresocoahuila.gob.mx\/portal\/wp-json\/wp\/v2\/users\/3"}],"replies":[{"embeddable":true,"href":"https:\/\/www.congresocoahuila.gob.mx\/portal\/wp-json\/wp\/v2\/comments?post=3520"}],"version-history":[{"count":52,"href":"https:\/\/www.congresocoahuila.gob.mx\/portal\/wp-json\/wp\/v2\/pages\/3520\/revisions"}],"predecessor-version":[{"id":43829,"href":"https:\/\/www.congresocoahuila.gob.mx\/portal\/wp-json\/wp\/v2\/pages\/3520\/revisions\/43829"}],"wp:attachment":[{"href":"https:\/\/www.congresocoahuila.gob.mx\/portal\/wp-json\/wp\/v2\/media?parent=3520"}],"wp:term":[{"taxonomy":"category","embeddable":true,"href":"https:\/\/www.congresocoahuila.gob.mx\/portal\/wp-json\/wp\/v2\/categories?post=3520"},{"taxonomy":"post_tag","embeddable":true,"href":"https:\/\/www.congresocoahuila.gob.mx\/portal\/wp-json\/wp\/v2\/tags?post=3520"}],"curies":[{"name":"wp","href":"https:\/\/api.w.org\/{rel}","templated":true}]}}